{"id":571,"date":"2017-10-23T20:57:00","date_gmt":"2017-10-23T18:57:00","guid":{"rendered":"http:\/\/www.synapo.de\/palmenpress\/?page_id=2"},"modified":"2023-08-12T22:17:47","modified_gmt":"2023-08-12T20:17:47","slug":"service","status":"publish","type":"page","link":"https:\/\/palmenapo.de\/rhoenplatzapotheke\/","title":{"rendered":"Service"},"content":{"rendered":"<div class=\"su-note\"  style=\"border-color:#e3e3ae;border-radius:3px;-moz-border-radius:3px;-webkit-border-radius:3px;\"><div class=\"su-note-inner su-u-clearfix su-u-trim\" style=\"background-color:#fdfdc8;border-color:#ffffff;color:#333333;border-radius:3px;-moz-border-radius:3px;-webkit-border-radius:3px;\"><\/p>\n<h3>Lieferengp\u00e4sse<\/h3>\n<p>Unser gesetzlicher Auftrag ist es die Bev\u00f6lkerung mit Arzneimitteln zu versorgen &#8211; das nehmen wir sehr ernst!<br \/>\nWir sind sehr bem\u00fcht und tats\u00e4chlich auch sehr erfolgreich darin, die Medikamente f\u00fcr unsere Stammkunden und die, die es werden wollen, zu beschaffen. Wir haben unser Warenlager in den letzten Jahren stetig erweitert, um die seit geraumer Zeit bestehenden Engp\u00e4sse abzufedern. Sollte ein Medikament auf dem deutschen Markt tats\u00e4chlich nicht mehr zur Verf\u00fcgung stehen, so haben wir uns eine M\u00f6glichkeit geschaffen, Ihre dringend ben\u00f6tigten Medikamente aus dem Ausland zu importieren. Zumeist stehen hier L\u00e4nder aus der EU oder den USA zur Verf\u00fcgung. Selbstverst\u00e4ndlich kl\u00e4ren wir im Hintergrund die \u00dcbernahme der Kosten mit Ihrer Krankenkasse ab. Bitte sprechen Sie uns an und empfehlen Sie diesen Service auch gerne weiter.<br \/>\nUm unser Warenlager bestm\u00f6glich auf Ihre Bed\u00fcrfnisse auszurichten, empfehlen wir Ihnen sich ein kostenloses Kundenkonto bei uns anlegen zu lassen.<br \/>\nWir freuen uns \u00fcber Ihren Besuch und vor allem freuen wir uns darauf, Sie auch in Zukunft weiterhin gut betreuen zu d\u00fcrfen.<\/p>\n<p>Mit freundlichen Gr\u00fc\u00dfen<br \/>\nUlrike Bohrmann-Witt<br \/>\n<\/div><\/div>\n<h3>SERVICE wird bei uns gro\u00df geschrieben!<\/h3>\n<p>Gemeinsam mit unseren Verbund-Apotheken sehen wir uns als Servicepartner zum Wohle Ihrer Gesundheit. Unser Ziel ist es Ihnen die Versorgung mit Arzneimitteln so professionell und zudem so einfach wie m\u00f6glich zu gestalten. Wir bieten Ihnen auf der einen Seite kompetente Beratung an, bei der wir uns ausgiebig mit Ihren Fragen und Sorgen auseinandersetzen &#8211; unter anderem mit diversen <a href=\"http:\/\/www.palmenapo.de\/rhoenplatzapotheke\/startseite\/check-ups\/\">Check-Ups<\/a>. Auf der anderen Seite bieten wir Ihnen verschiedene M\u00f6glichkeiten Ihre Apothekenbesuche zeitsparend zu gestalten. Daf\u00fcr bieten wir Ihnen zu unserem schon l\u00e4nger bestehenden <a href=\"https:\/\/www.sims.me\/\">SimsMe-App-Vorbestell System<\/a>, jetzt auch eine Vorbestelloption direkt \u00fcber diese Webseite an &#8211; unser sogenanntes <a href=\"https:\/\/palmenapo.de\/innenstadt\/vorbestellformularexpress\">Express-Foto-Formular<\/a>, mit dem Sie, vor allem mit Ihrem Mobiltelefon, innerhalb von Sekunden Ihre Bestellung \u00fcbermitteln k\u00f6nnen. N\u00e4heres zu den verschiedenen Vorbestellm\u00f6glichkeiten k\u00f6nnen Sie <a href=\"http:\/\/www.palmenapo.de\/rhoenplatzapotheke\/startseite\/vorbestellungen\/\">hier nachlesen<\/a>.<\/p>\n<p>Um Ihre Versorgung t\u00e4glich bestens sicherzustellen lassen wir uns sechs mal am Tag von unseren leistungsstarken Gro\u00dfh\u00e4ndlern beliefern und k\u00f6nnen Ihnen somit t\u00e4glich ein Portfolio von mehr als 60000 Produkten zur Verf\u00fcgung stellen. Sollten wir in seltenen f\u00e4llen hier nicht f\u00fcndig werden, so besorgen wir Ihnen Ihre Wunscharznei direkt beim Hersteller oder importieren es f\u00fcr Sie aus dem Ausland.<\/p>\n<p>Dar\u00fcber hinaus bieten wir Ihnen einen kostenlosen <a href=\"http:\/\/www.palmenapo.de\/rhoenplatzapotheke\/startseite\/botendienst\/\">Botendienst<\/a>, der Ihnen Ihre Medikamente im Raum Kassel sicher und z\u00fcgig nach Hause bringt.<\/p>\n","protected":false},"excerpt":{"rendered":"<p>SERVICE wird bei uns gro\u00df geschrieben! Gemeinsam mit unseren Verbund-Apotheken sehen wir uns als Servicepartner zum Wohle Ihrer Gesundheit. Unser Ziel ist es Ihnen die Versorgung mit Arzneimitteln so professionell und zudem so einfach wie m\u00f6glich zu gestalten. Wir bieten Ihnen auf der einen Seite kompetente Beratung an, bei der wir uns ausgiebig mit Ihren&#8230; <\/p>\n","protected":false},"author":1,"featured_media":0,"parent":0,"menu_order":0,"comment_status":"closed","ping_status":"closed","template":"","meta":{"_acf_changed":false,"footnotes":""},"class_list":["post-571","page","type-page","status-publish","hentry"],"acf":[],"_links":{"self":[{"href":"https:\/\/palmenapo.de\/rhoenplatzapotheke\/wp-json\/wp\/v2\/pages\/571","targetHints":{"allow":["GET"]}}],"collection":[{"href":"https:\/\/palmenapo.de\/rhoenplatzapotheke\/wp-json\/wp\/v2\/pages"}],"about":[{"href":"https:\/\/palmenapo.de\/rhoenplatzapotheke\/wp-json\/wp\/v2\/types\/page"}],"author":[{"embeddable":true,"href":"https:\/\/palmenapo.de\/rhoenplatzapotheke\/wp-json\/wp\/v2\/users\/1"}],"replies":[{"embeddable":true,"href":"https:\/\/palmenapo.de\/rhoenplatzapotheke\/wp-json\/wp\/v2\/comments?post=571"}],"version-history":[{"count":13,"href":"https:\/\/palmenapo.de\/rhoenplatzapotheke\/wp-json\/wp\/v2\/pages\/571\/revisions"}],"predecessor-version":[{"id":731,"href":"https:\/\/palmenapo.de\/rhoenplatzapotheke\/wp-json\/wp\/v2\/pages\/571\/revisions\/731"}],"wp:attachment":[{"href":"https:\/\/palmenapo.de\/rhoenplatzapotheke\/wp-json\/wp\/v2\/media?parent=571"}],"curies":[{"name":"wp","href":"https:\/\/api.w.org\/{rel}","templated":true}]}}