{"id":624,"date":"2021-04-16T17:16:37","date_gmt":"2021-04-16T15:16:37","guid":{"rendered":"https:\/\/palmenapo.de\/innenstadt\/?page_id=624"},"modified":"2021-05-19T15:13:22","modified_gmt":"2021-05-19T13:13:22","slug":"corona-testzentrum-kassel","status":"publish","type":"page","link":"https:\/\/palmenapo.de\/innenstadt\/corona-testzentrum-kassel\/","title":{"rendered":"Corona Testzentrum-Kassel"},"content":{"rendered":"<div class=\"su-spacer\" style=\"height:30px\"><\/div>\n<div class=\"su-row\"><br \/>\n<div class=\"su-column su-column-size-1-1\"><div class=\"su-column-inner su-u-clearfix su-u-trim\"><div class=\"su-spacer\" style=\"height:30px\"><\/div><\/p>\n<h3>Kostenlose Schnelltests in Kassel<\/h3>\n<p>Ab sofort steht allen B\u00fcrgerinnen und B\u00fcrgern das Angebot von w\u00f6chentlich mindestens einem f\u00fcr sie kostenlosen Corona-Schnelltest zu. Die Kosten f\u00fcr dieses Test\u2010Angebot tr\u00e4gt seit dem 8. M\u00e4rz der Bund und ist damit f\u00fcr Sie kostenlos. Nutzen Sie die Gelegenheit und buchen sich einen Termin in einem unserer testzentren. Idealerweise sollten die Tests mindestens einmal pro Woche durchgef\u00fchrt werden. Wir haben in Absprache mit dem Gesundheitsamt und der \u00dcberwachungsbeh\u00f6rden ausreichend Testkapazit\u00e4ten f\u00fcr Sie geschaffen um diese Anforderung bew\u00e4ltigen tzu k\u00f6nnen<\/p>\n<ul>\n<li><strong>Wie oft darf ich mich Testen lassen?<\/strong> &#8211; mindestens einmal pro Woche.<\/li>\n<li><strong>Sollte ich ich wirklich einmal w\u00f6chentlich testen lassen?<\/strong> &#8211; Ganz klar JA! Um einen fr\u00fchen Infektionszeitpunkt feststellen zu k\u00f6nnen sind die Schnelltests ein perfektes Instrument. Eine Infektion kann so bereits ab dem dritten Tag festgestellt werden<\/li>\n<li><strong>Ist der Test f\u00fcr mich kostenlos?<\/strong> &#8211; Ja, wir ben\u00f6tigen nur Ihren Personalausweis<\/li>\n<li><strong>Welcher Test wird durchgef\u00fchrt?<\/strong> &#8211; Wir f\u00fchren den vorderen nasalen Abstrich durch, der f\u00fcr Sie wesentlich angenehmer als der Nasenrachenabstrich ist<\/li>\n<\/ul>\n<p><\/div><\/div><br \/>\n<\/div>\n<div class=\"su-row\"><br \/>\n<div class=\"su-column su-column-size-1-2\"><div class=\"su-column-inner su-u-clearfix su-u-trim\"><div class=\"su-spacer\" style=\"height:30px\"><\/div><\/p>\n<h3>Testzentrum Palmen Apotheke-Br\u00fcckenhof<\/h3>\n<p><a href=\"https:\/\/kassel.covidservicepoint.de\/\" class=\"su-button su-button-style-default\" style=\"color:#FFFFFF;background-color:#43a534;border-color:#36842a;border-radius:5px\" target=\"_self\"><span style=\"color:#FFFFFF;padding:6px 16px;font-size:13px;line-height:20px;border-color:#7cc071;border-radius:5px;text-shadow:none\"><i class=\"sui sui-calendar-check-o\" style=\"font-size:13px;color:#FFFFFF\"><\/i> Jetzt Termin vereinbaren<\/span><\/a> <\/br><br \/>\nIn der Heinrich-Plett-Str.69, 34132 Kassel haben wir separate R\u00e4umlichkeiten angemietet, um ausreichend Testkapazit\u00e4ten f\u00fcr Sie zu schaffen. Sie haben die M\u00f6glichkeit sich online zu registrieren und direkt einen Termin zu buchen. Sollten Sie Hilfe bei der Anmeldung ben\u00f6tigen oder kein Handy oder Computernutzer sein, so kontaktieren Sie uns einfach unter der 0561-8708600 oder besuchen uns in der Apotheke. Wir freuen uns auf Ihren Besuch!<\/p>\n<p><\/div><\/div><br \/>\n<div class=\"su-column su-column-size-1-2\"><div class=\"su-column-inner su-u-clearfix su-u-trim\"><div class=\"su-spacer\" style=\"height:30px\"><\/div><\/p>\n<h3>Testzentrum Filmpalast Kassel Innenstadt<\/h3>\n<p><a href=\"https:\/\/filmpalast-kassel.covidservicepoint.de\/\" class=\"su-button su-button-style-default\" style=\"color:#FFFFFF;background-color:#43a534;border-color:#36842a;border-radius:5px\" target=\"_self\"><span style=\"color:#FFFFFF;padding:6px 16px;font-size:13px;line-height:20px;border-color:#7cc071;border-radius:5px;text-shadow:none\"><i class=\"sui sui-calendar-check-o\" style=\"font-size:13px;color:#FFFFFF\"><\/i> Jetzt Termin vereinbaren<\/span><\/a><\/br><br \/>\nAm Karlsplatz 8, 34117 Kassel ist es uns gelungen in Kooperation mit dem Filmpalast, das wahrscheinlich sch\u00f6nste Testzentrum Deutschlands zu errichten. Die R\u00e4umlichkeiten des Kinos hinter dem Rathaus wurden gerade aufwendig renoviert und sind in der Tat sehr sehenswert! Der Filmpalast bietet in dem gro\u00dfz\u00fcgigen Foyer die besten Vorraussetzungen f\u00fcr ein modernes Testzentrum. Schauen Sie auf der extra eingerichteten Hompage <a href=\"http:\/\/www.kassel-testet.de\">www.kassel-testet.de<\/a> vorbei und vereinbaren Sie direkt einen Termin. Wir freuen uns auf Sie!<br \/>\n<\/div><\/div><br \/>\n<\/div>\n<div class=\"su-row\"><br \/>\n<div class=\"su-column su-column-size-1-2\"><div class=\"su-column-inner su-u-clearfix su-u-trim\"><div class=\"su-spacer\" style=\"height:30px\"><\/div><\/p>\n<h3>Gruppentestungen (kostenpflichtig)<\/h3>\n<p>Sie sind eine gr\u00f6\u00dfere Gruppe von mindestens 50 Personen, die sich einmalig oder auch regelm\u00e4\u00dfig testen lassen wollen ohne sich st\u00e4ndig einbuchen zu m\u00fcssen? Wir haben die L\u00f6sung mit unseren Gruppentestungen geschaffen. Hierf\u00fcr stellen wir Personal zur Verf\u00fcgung, dass die Testungen schnell und unkompliziert durchf\u00fchrt. F\u00fcr N\u00e4here Informationen kontaktieren Sie uns bitte telefonisch unter 0561-8708600<br \/>\n<\/div><\/div><\/p>\n<p><div class=\"su-column su-column-size-1-2\"><div class=\"su-column-inner su-u-clearfix su-u-trim\"><div class=\"su-spacer\" style=\"height:30px\"><\/div><\/p>\n<h3>Sie haben Fragen?<\/h3>\n<p><a href=\"https:\/\/palmenapo.de\/innenstadt\/kontaktformular\/\">Sprechen Sie uns an, Wir beraten Sie gerne!<\/a><\/p>\n<p>Auch direkt telefonisch (0561-102960)<br \/>\n<\/div><\/div><\/p>\n<p><\/div>\n","protected":false},"excerpt":{"rendered":"","protected":false},"author":1,"featured_media":0,"parent":0,"menu_order":0,"comment_status":"closed","ping_status":"closed","template":"","meta":{"_acf_changed":false,"footnotes":""},"class_list":["post-624","page","type-page","status-publish","hentry"],"acf":[],"_links":{"self":[{"href":"https:\/\/palmenapo.de\/innenstadt\/wp-json\/wp\/v2\/pages\/624","targetHints":{"allow":["GET"]}}],"collection":[{"href":"https:\/\/palmenapo.de\/innenstadt\/wp-json\/wp\/v2\/pages"}],"about":[{"href":"https:\/\/palmenapo.de\/innenstadt\/wp-json\/wp\/v2\/types\/page"}],"author":[{"embeddable":true,"href":"https:\/\/palmenapo.de\/innenstadt\/wp-json\/wp\/v2\/users\/1"}],"replies":[{"embeddable":true,"href":"https:\/\/palmenapo.de\/innenstadt\/wp-json\/wp\/v2\/comments?post=624"}],"version-history":[{"count":2,"href":"https:\/\/palmenapo.de\/innenstadt\/wp-json\/wp\/v2\/pages\/624\/revisions"}],"predecessor-version":[{"id":629,"href":"https:\/\/palmenapo.de\/innenstadt\/wp-json\/wp\/v2\/pages\/624\/revisions\/629"}],"wp:attachment":[{"href":"https:\/\/palmenapo.de\/innenstadt\/wp-json\/wp\/v2\/media?parent=624"}],"curies":[{"name":"wp","href":"https:\/\/api.w.org\/{rel}","templated":true}]}}