{"id":402,"date":"2017-11-04T22:21:44","date_gmt":"2017-11-04T21:21:44","guid":{"rendered":"http:\/\/www.synapo.de\/palmenpress\/startseite\/?page_id=402"},"modified":"2017-11-04T22:21:44","modified_gmt":"2017-11-04T21:21:44","slug":"botendienst","status":"publish","type":"page","link":"https:\/\/palmenapo.de\/innenstadt\/botendienst\/","title":{"rendered":"Botendienst"},"content":{"rendered":"<div class=\"su-row\"><br \/>\n<div class=\"su-column su-column-size-1-2\"><div class=\"su-column-inner su-u-clearfix su-u-trim\"><img fetchpriority=\"high\" decoding=\"async\" src=\"http:\/\/www.synapo.de\/palmenpress\/wp-content\/uploads\/2017\/11\/Paketbote-300x300.jpg\" alt=\"\" width=\"300\" height=\"300\" class=\"alignnone size-medium wp-image-404\" srcset=\"https:\/\/palmenapo.de\/innenstadt\/wp-content\/uploads\/sites\/2\/2017\/11\/Paketbote-300x300.jpg 300w, https:\/\/palmenapo.de\/innenstadt\/wp-content\/uploads\/sites\/2\/2017\/11\/Paketbote-150x150.jpg 150w, https:\/\/palmenapo.de\/innenstadt\/wp-content\/uploads\/sites\/2\/2017\/11\/Paketbote-768x768.jpg 768w, https:\/\/palmenapo.de\/innenstadt\/wp-content\/uploads\/sites\/2\/2017\/11\/Paketbote-1024x1024.jpg 1024w, https:\/\/palmenapo.de\/innenstadt\/wp-content\/uploads\/sites\/2\/2017\/11\/Paketbote-100x100.jpg 100w\" sizes=\"(max-width: 300px) 100vw, 300px\" \/><\/div><\/div><br \/>\n<div class=\"su-column su-column-size-1-2\"><div class=\"su-column-inner su-u-clearfix su-u-trim\"><div class=\"su-spacer\" style=\"height:90px\"><\/div><\/p>\n<h2>Kostenloser Botenservice<\/h2>\n<h3>&#8222;Wir machen mobil f\u00fcr Ihre Gesundheit!<\/h3>\n<p><\/div><\/div><br \/>\n<\/div>\n<div class=\"su-spacer\" style=\"height:30px\"><\/div>\n<div class=\"su-row\"><br \/>\n<div class=\"su-column su-column-size-1-2\"><div class=\"su-column-inner su-u-clearfix su-u-trim\"><div class=\"su-spacer\" style=\"height:30px\"><\/div><\/p>\n<h3>Lieferung in Notf\u00e4llen<\/h3>\n<p>Leider kann es immer mal passieren, dass man nicht mobil ist oder aus gesundheitlichen Gr\u00fcnden das Haus nicht verlassen kann. Egal ob der Arzt Ihnen Bettruhe verordnet hat, Sie zuhause auf das kranke Kind aufpassen oder Sie den Arbeitsplatz nicht verlassen k\u00f6nnen \u2013 unser Botendienst steht Ihnen in diesen besonderen F\u00e4llen jederzeit zur Verf\u00fcgung.<br \/>\n<\/div><\/div><\/p>\n<p><div class=\"su-column su-column-size-1-2\"><div class=\"su-column-inner su-u-clearfix su-u-trim\"><div class=\"su-spacer\" style=\"height:30px\"><\/div><\/p>\n<h3>Lieferung auf Wunsch<\/h3>\n<p>Sollten wir bei Ihrem Besuch bei uns in der Apotheke einmal nicht das gew\u00fcnschte Pr\u00e4parat vorr\u00e4tig haben, liefern wir dieses auf Wunsch schnellstm\u00f6glich zu Ihnen nach Hause \u2013 so ersparen wir Ihnen ein wenig Zeit und Arbeit.<\/p>\n<p>Dieser Service ist f\u00fcr Sie selbstverst\u00e4ndlich kostenlos.<\/div><\/div><\/p>\n<p><\/div>\n","protected":false},"excerpt":{"rendered":"","protected":false},"author":1,"featured_media":0,"parent":0,"menu_order":0,"comment_status":"closed","ping_status":"closed","template":"","meta":{"_acf_changed":false,"footnotes":""},"class_list":["post-402","page","type-page","status-publish","hentry"],"acf":[],"_links":{"self":[{"href":"https:\/\/palmenapo.de\/innenstadt\/wp-json\/wp\/v2\/pages\/402","targetHints":{"allow":["GET"]}}],"collection":[{"href":"https:\/\/palmenapo.de\/innenstadt\/wp-json\/wp\/v2\/pages"}],"about":[{"href":"https:\/\/palmenapo.de\/innenstadt\/wp-json\/wp\/v2\/types\/page"}],"author":[{"embeddable":true,"href":"https:\/\/palmenapo.de\/innenstadt\/wp-json\/wp\/v2\/users\/1"}],"replies":[{"embeddable":true,"href":"https:\/\/palmenapo.de\/innenstadt\/wp-json\/wp\/v2\/comments?post=402"}],"version-history":[{"count":0,"href":"https:\/\/palmenapo.de\/innenstadt\/wp-json\/wp\/v2\/pages\/402\/revisions"}],"wp:attachment":[{"href":"https:\/\/palmenapo.de\/innenstadt\/wp-json\/wp\/v2\/media?parent=402"}],"curies":[{"name":"wp","href":"https:\/\/api.w.org\/{rel}","templated":true}]}}