{"id":291,"date":"2020-07-23T21:31:27","date_gmt":"2020-07-23T19:31:27","guid":{"rendered":"https:\/\/palmenapo.de\/brueckenhofapp\/?page_id=291"},"modified":"2020-10-16T09:22:28","modified_gmt":"2020-10-16T07:22:28","slug":"startseite","status":"publish","type":"page","link":"https:\/\/palmenapo.de\/brueckenhofapp\/","title":{"rendered":"Startseite"},"content":{"rendered":"<p>&nbsp;<\/p>\n<h2>Die Apotheke f\u00fcr Ihre Hosentasche &#8211; immer f\u00fcr Sie da!<\/h2>\n<p>Diese Web-App wurde f\u00fcr Sie entwickelt, um Ihnen den gr\u00f6\u00dftm\u00f6glichen Komfort im Umgang mit der Palmen Apotheke-Br\u00fcckenhof zu bieten.<\/p>\n<p>Zum einen k\u00f6nnen Sie hier in sekundenschnelle eine Vorbestellung an uns \u00fcbermitteln, zum anderen verpassen Sie keine Preisaktionen mehr und sparen dadurch bares Geld.<\/p>\n<p>Diese App wurde als Web-App konzipiert, das heisst, dass Sie sie einfach direkt von dieser Seite als App auf Ihrem Handy ablegen k\u00f6nnen.<\/p>\n","protected":false},"excerpt":{"rendered":"<p>&nbsp; Die Apotheke f\u00fcr Ihre Hosentasche &#8211; immer f\u00fcr Sie da! Diese Web-App wurde f\u00fcr Sie entwickelt, um Ihnen den gr\u00f6\u00dftm\u00f6glichen Komfort im Umgang mit der Palmen Apotheke-Br\u00fcckenhof zu bieten. Zum einen k\u00f6nnen Sie hier in sekundenschnelle eine Vorbestellung an uns \u00fcbermitteln, zum anderen verpassen Sie keine Preisaktionen mehr und sparen dadurch bares Geld. Diese [&hellip;]<\/p>\n","protected":false},"author":1,"featured_media":0,"parent":0,"menu_order":0,"comment_status":"closed","ping_status":"closed","template":"","meta":{"_acf_changed":false,"footnotes":""},"class_list":["post-291","page","type-page","status-publish","hentry"],"acf":[],"_links":{"self":[{"href":"https:\/\/palmenapo.de\/brueckenhofapp\/wp-json\/wp\/v2\/pages\/291","targetHints":{"allow":["GET"]}}],"collection":[{"href":"https:\/\/palmenapo.de\/brueckenhofapp\/wp-json\/wp\/v2\/pages"}],"about":[{"href":"https:\/\/palmenapo.de\/brueckenhofapp\/wp-json\/wp\/v2\/types\/page"}],"author":[{"embeddable":true,"href":"https:\/\/palmenapo.de\/brueckenhofapp\/wp-json\/wp\/v2\/users\/1"}],"replies":[{"embeddable":true,"href":"https:\/\/palmenapo.de\/brueckenhofapp\/wp-json\/wp\/v2\/comments?post=291"}],"version-history":[{"count":5,"href":"https:\/\/palmenapo.de\/brueckenhofapp\/wp-json\/wp\/v2\/pages\/291\/revisions"}],"predecessor-version":[{"id":299,"href":"https:\/\/palmenapo.de\/brueckenhofapp\/wp-json\/wp\/v2\/pages\/291\/revisions\/299"}],"wp:attachment":[{"href":"https:\/\/palmenapo.de\/brueckenhofapp\/wp-json\/wp\/v2\/media?parent=291"}],"curies":[{"name":"wp","href":"https:\/\/api.w.org\/{rel}","templated":true}]}}