{"id":866,"date":"2024-02-16T08:49:40","date_gmt":"2024-02-16T07:49:40","guid":{"rendered":"https:\/\/palmenapo.de\/brueckenhof\/?page_id=866"},"modified":"2024-02-16T18:47:35","modified_gmt":"2024-02-16T17:47:35","slug":"e-rezept-in-der-palmen-apotheke-in-kassel-einloesen-bestellen-gesundheitskarte","status":"publish","type":"page","link":"https:\/\/palmenapo.de\/brueckenhof\/e-rezept-in-der-palmen-apotheke-in-kassel-einloesen-bestellen-gesundheitskarte\/","title":{"rendered":"E-Rezept Apotheke Kassel bestellen einl\u00f6sen"},"content":{"rendered":"<p><strong>Mit dem E-Rezept k\u00f6nnen Sie in der Palmen Apotheke Br\u00fcckenhof Kassel Ihre Medikamente schnell und einfach<a href=\"https:\/\/palmenapo.de\/brueckenhof\/vorbestellformularexpress\/\"> bestellen oder einl\u00f6sen<\/a>, auch per <a href=\"https:\/\/api.whatsapp.com\/send?phone=495618708600\">Whatsapp<\/a>. Fotografieren Sie dazu einfach Ihr vom Arzt ausgedrucktes E-Rezept und senden Sie es uns. Wir k\u00fcmmern uns darum!<\/strong><br \/>\n<div class=\"su-row\"><br \/>\n<div class=\"su-column su-column-size-1-2\"><div class=\"su-column-inner su-u-clearfix su-u-trim\"><\/p>\n<h3>Willkommen in der Zukunft der Medikamentenverschreibung mit dem E-Rezept<\/h3>\n<p>Als Ihre vertrauensw\u00fcrdige Apotheke in Kassel freuen wir uns, Ihnen das E-Rezept vorzustellen &#8211; eine moderne und bequeme M\u00f6glichkeit, Ihre verschriebenen Medikamente zu erhalten. Bei uns k\u00f6nnen Sie jedes Formular des E-Rezepts einl\u00f6sen, sei es das elektronische Rezept auf Ihrer Gesundheitskarte, das von Ihrem Arzt digital erstellt wurde, oder das ausgedruckte E-Rezept, das Sie pers\u00f6nlich mitbringen.<\/div><\/div><br \/>\n<div class=\"su-column su-column-size-1-2\"><div class=\"su-column-inner su-u-clearfix su-u-trim\"><img decoding=\"async\" src=\"https:\/\/palmenapo.de\/brueckenhof\/wp-content\/uploads\/sites\/3\/2024\/02\/E-Rezept1.jpg\" alt=\"E-Rezept in Kassel einl\u00f6sen\" width=\"200\" height=\"194\" class=\"alignnone size-full wp-image-871\" \/><\/div><\/div><br \/>\n<\/div><\/p>\n<h3>Was ist das E-Rezept und wie kann man es in Kassel einl\u00f6sen?<\/h3>\n<p>Das E-Rezept, auch bekannt als elektronisches Rezept, ist eine digitale Alternative zum herk\u00f6mmlichen Papierrezept. Es erm\u00f6glicht Ihnen, Ihre verschriebenen Medikamente schnell und einfach zu erhalten, ohne den l\u00e4stigen Papierkram. Bei uns in Kassel k\u00f6nnen Sie das E-Rezept in jeder Form einl\u00f6sen oder bestellen, sei es online oder pers\u00f6nlich in der Apotheke.<\/p>\n<h3>Das E-Rezept hat folgende Vorteile:<\/h3>\n<ol>\n<li><strong>Zeitersparnis:<\/strong> Mit dem E-Rezept sparen Sie sich den Weg zum Arzt, um ein physisches Rezept abzuholen. Stattdessen k\u00f6nnen Sie Ihre Medikamente direkt bei uns in der Palmen Apotheke-Br\u00fcckenhof in Kassel bestellen und abholen, was Ihnen Zeit und Aufwand erspart.<\/li>\n<li><strong>Bequemlichkeit:<\/strong> Das E-Rezept erm\u00f6glicht es Ihnen, Ihre verschriebenen Medikamente von \u00fcberall und zu jeder Zeit zu bestellen. Egal, ob Sie zu Hause, bei der Arbeit oder unterwegs sind, bei uns k\u00f6nnen Sie Ihr E-Rezept jederzeit einl\u00f6sen. Aktuell arbeiten wir mit Hochdruck an einer App, die Ihnen auch die Einl\u00f6sung \u00fcber Ihr Mobiltelefon komfortabel erm\u00f6glicht. Allerdings wird dies aufgrund technischer Gegebenheiten vermutlich erst im Sommer 2024 m\u00f6glich sein. Aktuell k\u00f6nnen Sie sehr komfortabel \u00fcber <a href=\"https:\/\/api.whatsapp.com\/send?phone=495618708600\">Whatsapp<\/a> bei uns vorbestellen.<\/li>\n<li><strong>Sicherheit:<\/strong> Durch die elektronische \u00dcbermittlung des Rezepts wird das Risiko von Verlust oder Besch\u00e4digung des Rezepts minimiert. Bei uns in Kassel k\u00f6nnen Sie sicher sein, dass Ihre verschriebenen Medikamente genau gem\u00e4\u00df den Anweisungen Ihres Arztes ausgegeben werden.<\/li>\n<li><strong>Umweltfreundlichkeit:<\/strong> Der Einsatz von E-Rezepten reduziert den Verbrauch von Papier und tr\u00e4gt somit zum Umweltschutz bei. Durch die Digitalisierung des Verschreibungsprozesses leisten wir einen Beitrag zur Nachhaltigkeit und zur Reduzierung unseres \u00f6kologischen Fu\u00dfabdrucks.<\/li>\n<\/ol>\n<h3>Die Nachteile des E-Rezepts:<\/h3>\n<ol>\n<li><strong>Eigenkontrolle:<\/strong> Nach Einf\u00fchrung des E-Rezepte kommt es ab und an vor, dass in der Arztpraxis vergessen wurde ein gew\u00fcnschtes Medikament zu verordnen. Dies f\u00e4llt dann leider immer erst in der Apotheke auf. In solchen F\u00e4llen versuchen wir gerne den Arzt f\u00fcr Sie zu kontaktieren und dies schnell und unkompliziert zu kl\u00e4ren.<\/li>\n<li><strong>Technik:\u00a0<\/strong>Trotz der sehr teuren Technik, kann es ab und an, zu Ausf\u00e4llen der zentralen Server kommen. Diese Sorge hatte ich im Vorfeld bereits in dem Artikel in der <a href=\"https:\/\/www.hna.de\/kassel-live\/pflicht-zum-rezept-startet-holprig-apotheken-und-arztpraxen-haben-sorge-vor-technischen-problemen-92755605.html\">HNA Kassel<\/a> erl\u00e4utert &#8211; denn hierbei ist zu beachten, dass in solch einem Falle, keine Apotheke mehr E-Rezepte vom Server abrufen kann. Eine Belieferung ist also \u00fcber diesen Weg dann tempor\u00e4r nicht m\u00f6glich. In ganz eiligen F\u00e4llen, raten wir also dazu, sich ein rosafarbenes Papier-Rezept ausstellen zu lassen. Diese Form ist krisensicher und immer eine gute Wahl f\u00fcr Notf\u00e4lle! Unter <a href=\"https:\/\/fachportal.gematik.de\/ti-status\/stoerungen\">diesem Link<\/a> k\u00f6nnen Sie sich die aktuell vorliegenden St\u00f6rungen anzeigen lassen<\/li>\n<\/ol>\n<h3>Wie funktioniert das einl\u00f6sen oder bestellen des e-Rezepts in Kassel?<\/h3>\n<ol>\n<li><strong>Verschreibung durch den Arzt:<\/strong> Ihr Arzt erstellt Ihr Rezept elektronisch oder druckt es aus und Sie k\u00f6nnen W\u00e4hlen ob Sie uns den vom Arzt ausgedruckten QR- Code per Whatsapp, Bestellformular oder E-mail zukommen lassen, oder ob Sie Einfach mit dem Ausdruck oder Ihrer Gesundheitskarte in unsere Apotheke in Kassel kommen.<\/li>\n<li><strong>Bestellung Ihrer Medikamente:<\/strong> Sofern Sie den Ausdruck von Ihrem Arzt bekommen haben, k\u00f6nnen Sie Ihre Medikamente bequem online \u00fcber unser <a href=\"https:\/\/palmenapo.de\/brueckenhof\/vorbestellformularexpress\/\">Bestellformular<\/a>, Whatsapp vorbestellen oder pers\u00f6nlich in unserer Apotheke vorbeikommen.<\/li>\n<li><strong>Abholung oder Lieferung:<\/strong> Sobald Ihre Bestellung eingegangen ist, bereiten wir Ihre Medikamente vor. Sie k\u00f6nnen diese dann entweder in unserer Apotheke in Kassel abholen oder sich bequem nach Hause liefern lassen.<\/li>\n<\/ol>\n<h3>Fazit zum einl\u00f6sen und bestellen mithilfe des E-Rezepts<\/h3>\n<p>Das E-Rezept ist zweifellos die Zukunft der Medikamentenverschreibung und bietet zahlreiche Vorteile f\u00fcr Kunden, die ihre Medikamente in unserer Apotheke in Kassel einl\u00f6sen oder bestellen m\u00f6chten. Mit seiner Bequemlichkeit, Sicherheit und Umweltfreundlichkeit stellt das E-Rezept eine innovative L\u00f6sung dar, die den Weg f\u00fcr eine effizientere und modernere Gesundheitsversorgung ebnet. Trotzdem ist es wichtig anzumerken, dass in eiligen F\u00e4llen das traditionelle, physische Rezept immer noch zuverl\u00e4ssiger ist. Bei Fragen oder Unsicherheiten zum E-Rezept stehen wir Ihnen jederzeit gerne zur Verf\u00fcgung.<\/p>\n","protected":false},"excerpt":{"rendered":"<p>Mit dem E-Rezept k\u00f6nnen Sie in der Palmen Apotheke Br\u00fcckenhof Kassel Ihre Medikamente schnell und einfach bestellen oder einl\u00f6sen, auch per Whatsapp. Fotografieren Sie dazu einfach Ihr vom Arzt ausgedrucktes E-Rezept und senden Sie es uns. Wir k\u00fcmmern uns darum! Was ist das E-Rezept und wie kann man es in Kassel einl\u00f6sen? Das E-Rezept, auch&#8230; <\/p>\n","protected":false},"author":1,"featured_media":0,"parent":0,"menu_order":0,"comment_status":"closed","ping_status":"closed","template":"","meta":{"_acf_changed":false,"footnotes":""},"class_list":["post-866","page","type-page","status-publish","hentry"],"acf":[],"yoast_head":"<!-- This site is optimized with the Yoast SEO plugin v25.0 - https:\/\/yoast.com\/wordpress\/plugins\/seo\/ -->\n<title>E-Rezept Apotheke Kassel bestellen einl\u00f6sen - Palmen Apotheke Br\u00fcckenhof - Gesundheitskarte<\/title>\n<meta name=\"description\" content=\"E-Rezept in der Palmen Apotheke-Br\u00fcckenhof in Kassel problemlos einl\u00f6sen oder bestellen - bequem, einfach, sicher und umweltfreundlich\" \/>\n<meta name=\"robots\" content=\"index, follow, max-snippet:-1, max-image-preview:large, max-video-preview:-1\" \/>\n<link rel=\"canonical\" href=\"https:\/\/palmenapo.de\/brueckenhof\/e-rezept-in-der-palmen-apotheke-in-kassel-einloesen-bestellen-gesundheitskarte\/\" \/>\n<meta property=\"og:locale\" content=\"de_DE\" \/>\n<meta property=\"og:type\" content=\"article\" \/>\n<meta property=\"og:title\" content=\"E-Rezept Apotheke Kassel bestellen einl\u00f6sen - Palmen Apotheke Br\u00fcckenhof - Gesundheitskarte\" \/>\n<meta property=\"og:description\" content=\"E-Rezept in der Palmen Apotheke-Br\u00fcckenhof in Kassel problemlos einl\u00f6sen oder bestellen - bequem, einfach, sicher und umweltfreundlich\" \/>\n<meta property=\"og:url\" content=\"https:\/\/palmenapo.de\/brueckenhof\/e-rezept-in-der-palmen-apotheke-in-kassel-einloesen-bestellen-gesundheitskarte\/\" \/>\n<meta property=\"og:site_name\" content=\"Palmen Apotheke Br\u00fcckenhof\" \/>\n<meta property=\"article:publisher\" content=\"https:\/\/www.facebook.com\/PalmenApothekeBrueckenhof\" \/>\n<meta property=\"article:modified_time\" content=\"2024-02-16T17:47:35+00:00\" \/>\n<meta property=\"og:image\" content=\"https:\/\/palmenapo.de\/brueckenhof\/wp-content\/uploads\/sites\/3\/2024\/02\/E-Rezept1.jpg\" \/>\n<meta name=\"twitter:card\" content=\"summary_large_image\" \/>\n<meta name=\"twitter:label1\" content=\"Gesch\u00e4tzte Lesezeit\" \/>\n\t<meta name=\"twitter:data1\" content=\"5\u00a0Minuten\" \/>\n<script type=\"application\/ld+json\" class=\"yoast-schema-graph\">{\"@context\":\"https:\/\/schema.org\",\"@graph\":[{\"@type\":\"WebPage\",\"@id\":\"https:\/\/palmenapo.de\/brueckenhof\/e-rezept-in-der-palmen-apotheke-in-kassel-einloesen-bestellen-gesundheitskarte\/\",\"url\":\"https:\/\/palmenapo.de\/brueckenhof\/e-rezept-in-der-palmen-apotheke-in-kassel-einloesen-bestellen-gesundheitskarte\/\",\"name\":\"E-Rezept Apotheke Kassel bestellen einl\u00f6sen - Palmen Apotheke Br\u00fcckenhof - Gesundheitskarte\",\"isPartOf\":{\"@id\":\"https:\/\/palmenapo.de\/brueckenhof\/#website\"},\"primaryImageOfPage\":{\"@id\":\"https:\/\/palmenapo.de\/brueckenhof\/e-rezept-in-der-palmen-apotheke-in-kassel-einloesen-bestellen-gesundheitskarte\/#primaryimage\"},\"image\":{\"@id\":\"https:\/\/palmenapo.de\/brueckenhof\/e-rezept-in-der-palmen-apotheke-in-kassel-einloesen-bestellen-gesundheitskarte\/#primaryimage\"},\"thumbnailUrl\":\"https:\/\/palmenapo.de\/brueckenhof\/wp-content\/uploads\/sites\/3\/2024\/02\/E-Rezept1.jpg\",\"datePublished\":\"2024-02-16T07:49:40+00:00\",\"dateModified\":\"2024-02-16T17:47:35+00:00\",\"description\":\"E-Rezept in der Palmen Apotheke-Br\u00fcckenhof in Kassel problemlos einl\u00f6sen oder bestellen - bequem, einfach, sicher und umweltfreundlich\",\"breadcrumb\":{\"@id\":\"https:\/\/palmenapo.de\/brueckenhof\/e-rezept-in-der-palmen-apotheke-in-kassel-einloesen-bestellen-gesundheitskarte\/#breadcrumb\"},\"inLanguage\":\"de\",\"potentialAction\":[{\"@type\":\"ReadAction\",\"target\":[\"https:\/\/palmenapo.de\/brueckenhof\/e-rezept-in-der-palmen-apotheke-in-kassel-einloesen-bestellen-gesundheitskarte\/\"]}]},{\"@type\":\"ImageObject\",\"inLanguage\":\"de\",\"@id\":\"https:\/\/palmenapo.de\/brueckenhof\/e-rezept-in-der-palmen-apotheke-in-kassel-einloesen-bestellen-gesundheitskarte\/#primaryimage\",\"url\":\"https:\/\/palmenapo.de\/brueckenhof\/wp-content\/uploads\/sites\/3\/2024\/02\/E-Rezept1.jpg\",\"contentUrl\":\"https:\/\/palmenapo.de\/brueckenhof\/wp-content\/uploads\/sites\/3\/2024\/02\/E-Rezept1.jpg\",\"width\":200,\"height\":194,\"caption\":\"E-Rezept in Kassel einl\u00f6sen\"},{\"@type\":\"BreadcrumbList\",\"@id\":\"https:\/\/palmenapo.de\/brueckenhof\/e-rezept-in-der-palmen-apotheke-in-kassel-einloesen-bestellen-gesundheitskarte\/#breadcrumb\",\"itemListElement\":[{\"@type\":\"ListItem\",\"position\":1,\"name\":\"Startseite\",\"item\":\"https:\/\/palmenapo.de\/brueckenhof\/\"},{\"@type\":\"ListItem\",\"position\":2,\"name\":\"E-Rezept Apotheke Kassel bestellen einl\u00f6sen\"}]},{\"@type\":\"WebSite\",\"@id\":\"https:\/\/palmenapo.de\/brueckenhof\/#website\",\"url\":\"https:\/\/palmenapo.de\/brueckenhof\/\",\"name\":\"Palmen Apotheke Br\u00fcckenhof Kassel\",\"description\":\"E-Rezept, Gesundheit, Medikamente, in der N\u00e4her, Pflegehilfsmittel, Beratung, Kassel\",\"publisher\":{\"@id\":\"https:\/\/palmenapo.de\/brueckenhof\/#organization\"},\"potentialAction\":[{\"@type\":\"SearchAction\",\"target\":{\"@type\":\"EntryPoint\",\"urlTemplate\":\"https:\/\/palmenapo.de\/brueckenhof\/?s={search_term_string}\"},\"query-input\":{\"@type\":\"PropertyValueSpecification\",\"valueRequired\":true,\"valueName\":\"search_term_string\"}}],\"inLanguage\":\"de\"},{\"@type\":\"Organization\",\"@id\":\"https:\/\/palmenapo.de\/brueckenhof\/#organization\",\"name\":\"Palmen Apotheke Br\u00fcckenhof Kassel\",\"url\":\"https:\/\/palmenapo.de\/brueckenhof\/\",\"logo\":{\"@type\":\"ImageObject\",\"inLanguage\":\"de\",\"@id\":\"https:\/\/palmenapo.de\/brueckenhof\/#\/schema\/logo\/image\/\",\"url\":\"https:\/\/palmenapo.de\/brueckenhof\/wp-content\/uploads\/sites\/3\/2017\/11\/cropped-Apotheken-mit-Palme.jpg\",\"contentUrl\":\"https:\/\/palmenapo.de\/brueckenhof\/wp-content\/uploads\/sites\/3\/2017\/11\/cropped-Apotheken-mit-Palme.jpg\",\"width\":512,\"height\":512,\"caption\":\"Palmen Apotheke Br\u00fcckenhof Kassel\"},\"image\":{\"@id\":\"https:\/\/palmenapo.de\/brueckenhof\/#\/schema\/logo\/image\/\"},\"sameAs\":[\"https:\/\/www.facebook.com\/PalmenApothekeBrueckenhof\"]}]}<\/script>\n<!-- \/ Yoast SEO plugin. -->","yoast_head_json":{"title":"E-Rezept Apotheke Kassel bestellen einl\u00f6sen - Palmen Apotheke Br\u00fcckenhof - Gesundheitskarte","description":"E-Rezept in der Palmen Apotheke-Br\u00fcckenhof in Kassel problemlos einl\u00f6sen oder bestellen - bequem, einfach, sicher und umweltfreundlich","robots":{"index":"index","follow":"follow","max-snippet":"max-snippet:-1","max-image-preview":"max-image-preview:large","max-video-preview":"max-video-preview:-1"},"canonical":"https:\/\/palmenapo.de\/brueckenhof\/e-rezept-in-der-palmen-apotheke-in-kassel-einloesen-bestellen-gesundheitskarte\/","og_locale":"de_DE","og_type":"article","og_title":"E-Rezept Apotheke Kassel bestellen einl\u00f6sen - Palmen Apotheke Br\u00fcckenhof - Gesundheitskarte","og_description":"E-Rezept in der Palmen Apotheke-Br\u00fcckenhof in Kassel problemlos einl\u00f6sen oder bestellen - bequem, einfach, sicher und umweltfreundlich","og_url":"https:\/\/palmenapo.de\/brueckenhof\/e-rezept-in-der-palmen-apotheke-in-kassel-einloesen-bestellen-gesundheitskarte\/","og_site_name":"Palmen Apotheke Br\u00fcckenhof","article_publisher":"https:\/\/www.facebook.com\/PalmenApothekeBrueckenhof","article_modified_time":"2024-02-16T17:47:35+00:00","og_image":[{"url":"https:\/\/palmenapo.de\/brueckenhof\/wp-content\/uploads\/sites\/3\/2024\/02\/E-Rezept1.jpg","type":"","width":"","height":""}],"twitter_card":"summary_large_image","twitter_misc":{"Gesch\u00e4tzte Lesezeit":"5\u00a0Minuten"},"schema":{"@context":"https:\/\/schema.org","@graph":[{"@type":"WebPage","@id":"https:\/\/palmenapo.de\/brueckenhof\/e-rezept-in-der-palmen-apotheke-in-kassel-einloesen-bestellen-gesundheitskarte\/","url":"https:\/\/palmenapo.de\/brueckenhof\/e-rezept-in-der-palmen-apotheke-in-kassel-einloesen-bestellen-gesundheitskarte\/","name":"E-Rezept Apotheke Kassel bestellen einl\u00f6sen - Palmen Apotheke Br\u00fcckenhof - Gesundheitskarte","isPartOf":{"@id":"https:\/\/palmenapo.de\/brueckenhof\/#website"},"primaryImageOfPage":{"@id":"https:\/\/palmenapo.de\/brueckenhof\/e-rezept-in-der-palmen-apotheke-in-kassel-einloesen-bestellen-gesundheitskarte\/#primaryimage"},"image":{"@id":"https:\/\/palmenapo.de\/brueckenhof\/e-rezept-in-der-palmen-apotheke-in-kassel-einloesen-bestellen-gesundheitskarte\/#primaryimage"},"thumbnailUrl":"https:\/\/palmenapo.de\/brueckenhof\/wp-content\/uploads\/sites\/3\/2024\/02\/E-Rezept1.jpg","datePublished":"2024-02-16T07:49:40+00:00","dateModified":"2024-02-16T17:47:35+00:00","description":"E-Rezept in der Palmen Apotheke-Br\u00fcckenhof in Kassel problemlos einl\u00f6sen oder bestellen - bequem, einfach, sicher und umweltfreundlich","breadcrumb":{"@id":"https:\/\/palmenapo.de\/brueckenhof\/e-rezept-in-der-palmen-apotheke-in-kassel-einloesen-bestellen-gesundheitskarte\/#breadcrumb"},"inLanguage":"de","potentialAction":[{"@type":"ReadAction","target":["https:\/\/palmenapo.de\/brueckenhof\/e-rezept-in-der-palmen-apotheke-in-kassel-einloesen-bestellen-gesundheitskarte\/"]}]},{"@type":"ImageObject","inLanguage":"de","@id":"https:\/\/palmenapo.de\/brueckenhof\/e-rezept-in-der-palmen-apotheke-in-kassel-einloesen-bestellen-gesundheitskarte\/#primaryimage","url":"https:\/\/palmenapo.de\/brueckenhof\/wp-content\/uploads\/sites\/3\/2024\/02\/E-Rezept1.jpg","contentUrl":"https:\/\/palmenapo.de\/brueckenhof\/wp-content\/uploads\/sites\/3\/2024\/02\/E-Rezept1.jpg","width":200,"height":194,"caption":"E-Rezept in Kassel einl\u00f6sen"},{"@type":"BreadcrumbList","@id":"https:\/\/palmenapo.de\/brueckenhof\/e-rezept-in-der-palmen-apotheke-in-kassel-einloesen-bestellen-gesundheitskarte\/#breadcrumb","itemListElement":[{"@type":"ListItem","position":1,"name":"Startseite","item":"https:\/\/palmenapo.de\/brueckenhof\/"},{"@type":"ListItem","position":2,"name":"E-Rezept Apotheke Kassel bestellen einl\u00f6sen"}]},{"@type":"WebSite","@id":"https:\/\/palmenapo.de\/brueckenhof\/#website","url":"https:\/\/palmenapo.de\/brueckenhof\/","name":"Palmen Apotheke Br\u00fcckenhof Kassel","description":"E-Rezept, Gesundheit, Medikamente, in der N\u00e4her, Pflegehilfsmittel, Beratung, Kassel","publisher":{"@id":"https:\/\/palmenapo.de\/brueckenhof\/#organization"},"potentialAction":[{"@type":"SearchAction","target":{"@type":"EntryPoint","urlTemplate":"https:\/\/palmenapo.de\/brueckenhof\/?s={search_term_string}"},"query-input":{"@type":"PropertyValueSpecification","valueRequired":true,"valueName":"search_term_string"}}],"inLanguage":"de"},{"@type":"Organization","@id":"https:\/\/palmenapo.de\/brueckenhof\/#organization","name":"Palmen Apotheke Br\u00fcckenhof Kassel","url":"https:\/\/palmenapo.de\/brueckenhof\/","logo":{"@type":"ImageObject","inLanguage":"de","@id":"https:\/\/palmenapo.de\/brueckenhof\/#\/schema\/logo\/image\/","url":"https:\/\/palmenapo.de\/brueckenhof\/wp-content\/uploads\/sites\/3\/2017\/11\/cropped-Apotheken-mit-Palme.jpg","contentUrl":"https:\/\/palmenapo.de\/brueckenhof\/wp-content\/uploads\/sites\/3\/2017\/11\/cropped-Apotheken-mit-Palme.jpg","width":512,"height":512,"caption":"Palmen Apotheke Br\u00fcckenhof Kassel"},"image":{"@id":"https:\/\/palmenapo.de\/brueckenhof\/#\/schema\/logo\/image\/"},"sameAs":["https:\/\/www.facebook.com\/PalmenApothekeBrueckenhof"]}]}},"_links":{"self":[{"href":"https:\/\/palmenapo.de\/brueckenhof\/wp-json\/wp\/v2\/pages\/866","targetHints":{"allow":["GET"]}}],"collection":[{"href":"https:\/\/palmenapo.de\/brueckenhof\/wp-json\/wp\/v2\/pages"}],"about":[{"href":"https:\/\/palmenapo.de\/brueckenhof\/wp-json\/wp\/v2\/types\/page"}],"author":[{"embeddable":true,"href":"https:\/\/palmenapo.de\/brueckenhof\/wp-json\/wp\/v2\/users\/1"}],"replies":[{"embeddable":true,"href":"https:\/\/palmenapo.de\/brueckenhof\/wp-json\/wp\/v2\/comments?post=866"}],"version-history":[{"count":34,"href":"https:\/\/palmenapo.de\/brueckenhof\/wp-json\/wp\/v2\/pages\/866\/revisions"}],"predecessor-version":[{"id":903,"href":"https:\/\/palmenapo.de\/brueckenhof\/wp-json\/wp\/v2\/pages\/866\/revisions\/903"}],"wp:attachment":[{"href":"https:\/\/palmenapo.de\/brueckenhof\/wp-json\/wp\/v2\/media?parent=866"}],"curies":[{"name":"wp","href":"https:\/\/api.w.org\/{rel}","templated":true}]}}