{"id":729,"date":"2021-04-07T09:31:37","date_gmt":"2021-04-07T07:31:37","guid":{"rendered":"https:\/\/palmenapo.de\/brueckenhof\/?page_id=729"},"modified":"2024-01-04T19:42:56","modified_gmt":"2024-01-04T18:42:56","slug":"corona-testzentrum-kassel","status":"publish","type":"page","link":"https:\/\/palmenapo.de\/brueckenhof\/corona-testzentrum-kassel\/","title":{"rendered":"Corona Testzentrum-Kassel"},"content":{"rendered":"<div class=\"su-spacer\" style=\"height:30px\"><\/div>\n<div class=\"su-row\"><br \/>\n<div class=\"su-column su-column-size-1-1\"><div class=\"su-column-inner su-u-clearfix su-u-trim\"><div class=\"su-spacer\" style=\"height:30px\"><\/div><\/p>\n<h3>Corona Schnelltests in Kassel<\/h3>\n<p>Aktuell bieten wir ab dem 01.03.2022 Corona Tests nur nach Absprache an &#8211; bitte kontaktieren Sie uns<\/p>\n<ul>\n<li><strong>Was kostet der Test<\/strong> &#8211; Der Test kostet pro Person 15,00\u20ac<\/li>\n<li><strong>Gibt es ein Buchungssystem<\/strong> &#8211; Nein, Sie k\u00f6nnen einfach einen Termin telefonisch vereinbaren und bekommen das Ergebnis direkt ausgedruckt<\/li>\n<li><strong>Warum gab es diese \u00c4nderungen<\/strong> -Die Coronatestverordnung ist ausgelaufen. Dennoch haben wir f\u00fcr Sie eine M\u00f6glichkeit geschaffen sich bei uns testen zu lassen<\/li>\n<li><strong>Welcher Test wird durchgef\u00fchrt?<\/strong> &#8211; Wir f\u00fchren den vorderen nasalen Abstrich durch, der f\u00fcr Sie wesentlich angenehmer als der Nasenrachenabstrich ist, oder f\u00fcr die j\u00fcngeren Mitb\u00fcrger bieten wir auch einen Lollytest an<\/li>\n<\/ul>\n<p><\/div><\/div><br \/>\n<\/div>\n<div class=\"su-row\"><br \/>\n<div class=\"su-column su-column-size-1-2\"><div class=\"su-column-inner su-u-clearfix su-u-trim\"><div class=\"su-spacer\" style=\"height:30px\"><\/div><\/p>\n<h3>Testzentrum Palmen Apotheke-Br\u00fcckenhof<\/h3>\n<p>Heinrich-Plett-Str.69<br \/>\n34132 kassel<br \/>\nTel.:0561-8708600<br \/>\nWhatsapp.: 0561-8708690<br \/>\n<\/div><\/div><\/p>\n<p><div class=\"su-column su-column-size-1-2\"><div class=\"su-column-inner su-u-clearfix su-u-trim\"><div class=\"su-spacer\" style=\"height:30px\"><\/div><\/p>\n<h3>Testzentrum Rh\u00f6nplatz Apotheke<\/h3>\n<p>Rh\u00f6nplatz 2a<br \/>\n34131 Kassel<br \/>\nTel.: 0561-9790491<br \/>\nWhatsapp.: 0561-9790491<br \/>\n<\/div><\/div><\/p>\n<p><\/div>\n<div class=\"su-row\"><br \/>\n<div class=\"su-column su-column-size-1-2\"><div class=\"su-column-inner su-u-clearfix su-u-trim\"><div class=\"su-spacer\" style=\"height:30px\"><\/div><\/p>\n<h3>Sie haben Fragen?<\/h3>\n<p><a href=\"https:\/\/palmenapo.de\/brueckenhof\/kontaktformular\/\">Sprechen Sie uns an, Wir beraten Sie gerne!<\/a><\/p>\n<p><\/div><\/div><\/p>\n<p><\/div>\n","protected":false},"excerpt":{"rendered":"","protected":false},"author":1,"featured_media":0,"parent":0,"menu_order":0,"comment_status":"closed","ping_status":"closed","template":"","meta":{"_acf_changed":false,"footnotes":""},"class_list":["post-729","page","type-page","status-publish","hentry"],"acf":[],"yoast_head":"<!-- This site is optimized with the Yoast SEO plugin v25.0 - https:\/\/yoast.com\/wordpress\/plugins\/seo\/ -->\n<title>Corona Testzentrum-Kassel - Palmen Apotheke Br\u00fcckenhof<\/title>\n<meta name=\"robots\" content=\"index, follow, max-snippet:-1, max-image-preview:large, max-video-preview:-1\" \/>\n<link rel=\"canonical\" href=\"https:\/\/palmenapo.de\/brueckenhof\/corona-testzentrum-kassel\/\" \/>\n<meta property=\"og:locale\" content=\"de_DE\" \/>\n<meta property=\"og:type\" content=\"article\" \/>\n<meta property=\"og:title\" content=\"Corona Testzentrum-Kassel - Palmen Apotheke Br\u00fcckenhof\" \/>\n<meta property=\"og:url\" content=\"https:\/\/palmenapo.de\/brueckenhof\/corona-testzentrum-kassel\/\" \/>\n<meta property=\"og:site_name\" content=\"Palmen Apotheke Br\u00fcckenhof\" \/>\n<meta property=\"article:publisher\" content=\"https:\/\/www.facebook.com\/PalmenApothekeBrueckenhof\" \/>\n<meta property=\"article:modified_time\" content=\"2024-01-04T18:42:56+00:00\" \/>\n<meta name=\"twitter:card\" content=\"summary_large_image\" \/>\n<meta name=\"twitter:label1\" content=\"Gesch\u00e4tzte Lesezeit\" \/>\n\t<meta name=\"twitter:data1\" content=\"1\u00a0Minute\" \/>\n<script type=\"application\/ld+json\" class=\"yoast-schema-graph\">{\"@context\":\"https:\/\/schema.org\",\"@graph\":[{\"@type\":\"WebPage\",\"@id\":\"https:\/\/palmenapo.de\/brueckenhof\/corona-testzentrum-kassel\/\",\"url\":\"https:\/\/palmenapo.de\/brueckenhof\/corona-testzentrum-kassel\/\",\"name\":\"Corona Testzentrum-Kassel - Palmen Apotheke Br\u00fcckenhof\",\"isPartOf\":{\"@id\":\"https:\/\/palmenapo.de\/brueckenhof\/#website\"},\"datePublished\":\"2021-04-07T07:31:37+00:00\",\"dateModified\":\"2024-01-04T18:42:56+00:00\",\"breadcrumb\":{\"@id\":\"https:\/\/palmenapo.de\/brueckenhof\/corona-testzentrum-kassel\/#breadcrumb\"},\"inLanguage\":\"de\",\"potentialAction\":[{\"@type\":\"ReadAction\",\"target\":[\"https:\/\/palmenapo.de\/brueckenhof\/corona-testzentrum-kassel\/\"]}]},{\"@type\":\"BreadcrumbList\",\"@id\":\"https:\/\/palmenapo.de\/brueckenhof\/corona-testzentrum-kassel\/#breadcrumb\",\"itemListElement\":[{\"@type\":\"ListItem\",\"position\":1,\"name\":\"Startseite\",\"item\":\"https:\/\/palmenapo.de\/brueckenhof\/\"},{\"@type\":\"ListItem\",\"position\":2,\"name\":\"Corona Testzentrum-Kassel\"}]},{\"@type\":\"WebSite\",\"@id\":\"https:\/\/palmenapo.de\/brueckenhof\/#website\",\"url\":\"https:\/\/palmenapo.de\/brueckenhof\/\",\"name\":\"Palmen Apotheke Br\u00fcckenhof Kassel\",\"description\":\"E-Rezept, Gesundheit, Medikamente, in der N\u00e4her, Pflegehilfsmittel, Beratung, Kassel\",\"publisher\":{\"@id\":\"https:\/\/palmenapo.de\/brueckenhof\/#organization\"},\"potentialAction\":[{\"@type\":\"SearchAction\",\"target\":{\"@type\":\"EntryPoint\",\"urlTemplate\":\"https:\/\/palmenapo.de\/brueckenhof\/?s={search_term_string}\"},\"query-input\":{\"@type\":\"PropertyValueSpecification\",\"valueRequired\":true,\"valueName\":\"search_term_string\"}}],\"inLanguage\":\"de\"},{\"@type\":\"Organization\",\"@id\":\"https:\/\/palmenapo.de\/brueckenhof\/#organization\",\"name\":\"Palmen Apotheke Br\u00fcckenhof Kassel\",\"url\":\"https:\/\/palmenapo.de\/brueckenhof\/\",\"logo\":{\"@type\":\"ImageObject\",\"inLanguage\":\"de\",\"@id\":\"https:\/\/palmenapo.de\/brueckenhof\/#\/schema\/logo\/image\/\",\"url\":\"https:\/\/palmenapo.de\/brueckenhof\/wp-content\/uploads\/sites\/3\/2017\/11\/cropped-Apotheken-mit-Palme.jpg\",\"contentUrl\":\"https:\/\/palmenapo.de\/brueckenhof\/wp-content\/uploads\/sites\/3\/2017\/11\/cropped-Apotheken-mit-Palme.jpg\",\"width\":512,\"height\":512,\"caption\":\"Palmen Apotheke Br\u00fcckenhof Kassel\"},\"image\":{\"@id\":\"https:\/\/palmenapo.de\/brueckenhof\/#\/schema\/logo\/image\/\"},\"sameAs\":[\"https:\/\/www.facebook.com\/PalmenApothekeBrueckenhof\"]}]}<\/script>\n<!-- \/ Yoast SEO plugin. -->","yoast_head_json":{"title":"Corona Testzentrum-Kassel - Palmen Apotheke Br\u00fcckenhof","robots":{"index":"index","follow":"follow","max-snippet":"max-snippet:-1","max-image-preview":"max-image-preview:large","max-video-preview":"max-video-preview:-1"},"canonical":"https:\/\/palmenapo.de\/brueckenhof\/corona-testzentrum-kassel\/","og_locale":"de_DE","og_type":"article","og_title":"Corona Testzentrum-Kassel - Palmen Apotheke Br\u00fcckenhof","og_url":"https:\/\/palmenapo.de\/brueckenhof\/corona-testzentrum-kassel\/","og_site_name":"Palmen Apotheke Br\u00fcckenhof","article_publisher":"https:\/\/www.facebook.com\/PalmenApothekeBrueckenhof","article_modified_time":"2024-01-04T18:42:56+00:00","twitter_card":"summary_large_image","twitter_misc":{"Gesch\u00e4tzte Lesezeit":"1\u00a0Minute"},"schema":{"@context":"https:\/\/schema.org","@graph":[{"@type":"WebPage","@id":"https:\/\/palmenapo.de\/brueckenhof\/corona-testzentrum-kassel\/","url":"https:\/\/palmenapo.de\/brueckenhof\/corona-testzentrum-kassel\/","name":"Corona Testzentrum-Kassel - Palmen Apotheke Br\u00fcckenhof","isPartOf":{"@id":"https:\/\/palmenapo.de\/brueckenhof\/#website"},"datePublished":"2021-04-07T07:31:37+00:00","dateModified":"2024-01-04T18:42:56+00:00","breadcrumb":{"@id":"https:\/\/palmenapo.de\/brueckenhof\/corona-testzentrum-kassel\/#breadcrumb"},"inLanguage":"de","potentialAction":[{"@type":"ReadAction","target":["https:\/\/palmenapo.de\/brueckenhof\/corona-testzentrum-kassel\/"]}]},{"@type":"BreadcrumbList","@id":"https:\/\/palmenapo.de\/brueckenhof\/corona-testzentrum-kassel\/#breadcrumb","itemListElement":[{"@type":"ListItem","position":1,"name":"Startseite","item":"https:\/\/palmenapo.de\/brueckenhof\/"},{"@type":"ListItem","position":2,"name":"Corona Testzentrum-Kassel"}]},{"@type":"WebSite","@id":"https:\/\/palmenapo.de\/brueckenhof\/#website","url":"https:\/\/palmenapo.de\/brueckenhof\/","name":"Palmen Apotheke Br\u00fcckenhof Kassel","description":"E-Rezept, Gesundheit, Medikamente, in der N\u00e4her, Pflegehilfsmittel, Beratung, Kassel","publisher":{"@id":"https:\/\/palmenapo.de\/brueckenhof\/#organization"},"potentialAction":[{"@type":"SearchAction","target":{"@type":"EntryPoint","urlTemplate":"https:\/\/palmenapo.de\/brueckenhof\/?s={search_term_string}"},"query-input":{"@type":"PropertyValueSpecification","valueRequired":true,"valueName":"search_term_string"}}],"inLanguage":"de"},{"@type":"Organization","@id":"https:\/\/palmenapo.de\/brueckenhof\/#organization","name":"Palmen Apotheke Br\u00fcckenhof Kassel","url":"https:\/\/palmenapo.de\/brueckenhof\/","logo":{"@type":"ImageObject","inLanguage":"de","@id":"https:\/\/palmenapo.de\/brueckenhof\/#\/schema\/logo\/image\/","url":"https:\/\/palmenapo.de\/brueckenhof\/wp-content\/uploads\/sites\/3\/2017\/11\/cropped-Apotheken-mit-Palme.jpg","contentUrl":"https:\/\/palmenapo.de\/brueckenhof\/wp-content\/uploads\/sites\/3\/2017\/11\/cropped-Apotheken-mit-Palme.jpg","width":512,"height":512,"caption":"Palmen Apotheke Br\u00fcckenhof Kassel"},"image":{"@id":"https:\/\/palmenapo.de\/brueckenhof\/#\/schema\/logo\/image\/"},"sameAs":["https:\/\/www.facebook.com\/PalmenApothekeBrueckenhof"]}]}},"_links":{"self":[{"href":"https:\/\/palmenapo.de\/brueckenhof\/wp-json\/wp\/v2\/pages\/729","targetHints":{"allow":["GET"]}}],"collection":[{"href":"https:\/\/palmenapo.de\/brueckenhof\/wp-json\/wp\/v2\/pages"}],"about":[{"href":"https:\/\/palmenapo.de\/brueckenhof\/wp-json\/wp\/v2\/types\/page"}],"author":[{"embeddable":true,"href":"https:\/\/palmenapo.de\/brueckenhof\/wp-json\/wp\/v2\/users\/1"}],"replies":[{"embeddable":true,"href":"https:\/\/palmenapo.de\/brueckenhof\/wp-json\/wp\/v2\/comments?post=729"}],"version-history":[{"count":33,"href":"https:\/\/palmenapo.de\/brueckenhof\/wp-json\/wp\/v2\/pages\/729\/revisions"}],"predecessor-version":[{"id":819,"href":"https:\/\/palmenapo.de\/brueckenhof\/wp-json\/wp\/v2\/pages\/729\/revisions\/819"}],"wp:attachment":[{"href":"https:\/\/palmenapo.de\/brueckenhof\/wp-json\/wp\/v2\/media?parent=729"}],"curies":[{"name":"wp","href":"https:\/\/api.w.org\/{rel}","templated":true}]}}