{"id":661,"date":"2020-10-08T00:55:27","date_gmt":"2020-10-07T22:55:27","guid":{"rendered":"https:\/\/palmenapo.de\/brueckenhof\/?page_id=661"},"modified":"2024-02-11T23:51:16","modified_gmt":"2024-02-11T22:51:16","slug":"haemophilie-apotheke-kassel","status":"publish","type":"page","link":"https:\/\/palmenapo.de\/brueckenhof\/haemophilie-apotheke-kassel\/","title":{"rendered":"H\u00e4mophilie Apotheke Kassel Bluterkrankheit"},"content":{"rendered":"<p>Sie suchen eine Apotheke, die Sie mit Medikamenten gegen H\u00e4mophilie bzw Bluterkrankheit in Kassel versorgt oder beliefert? Dann sind Sie hier genau richtig!<br \/>\n<div class=\"su-row\"><\/p>\n<div class=\"su-column su-column-size-1-2\"><div class=\"su-column-inner su-u-clearfix su-u-trim\">\n<h2>Schwerpunkt &#8211; Apotheke f\u00fcr H\u00e4mophilie in Kassel und Umgebung<\/h2>\n<p><\/div><\/div><br \/>\n<div class=\"su-column su-column-size-1-2\"><div class=\"su-column-inner su-u-clearfix su-u-trim\"><img decoding=\"async\" src=\"https:\/\/palmenapo.de\/brueckenhof\/wp-content\/uploads\/sites\/3\/2024\/02\/Erythrozyten-150x150.jpg\" alt=\"h\u00e4mophilie Apotheke Bluterkrankheit \" width=\"150\" height=\"150\" class=\"alignnone size-thumbnail wp-image-854\" \/><\/div><\/div><br \/>\n<\/div><\/p>\n<div class=\"su-spacer\" style=\"height:30px\"><\/div>\n<p><div class=\"su-row\"><br \/>\n<div class=\"su-column su-column-size-1-2\"><div class=\"su-column-inner su-u-clearfix su-u-trim\"><div class=\"su-spacer\" style=\"height:30px\"><\/div><\/p>\n<h3>Definition der H\u00e4mophilie bzw. Bluerkrankheit<\/h3>\n<p>H\u00e4mophilie leitet sich aus dem altgriechischen ab und bedeutet Blutungsneigung, bei uns ist die Krankeit besser bekannt als Bluterkrankheit. Das Blut aus Wunden der Betroffenen gerinnt nicht oder es gerinnt nur verlangsamt. Auch spontane Blutungen ohne \u00e4ussere Wunden k\u00f6nnen auftreten. Die H\u00e4mophilie betrifft zumeist M\u00e4nner. Zwei Typen der H\u00e4mophilie kommen am h\u00e4ufigsten vor, die H\u00e4mophilie-A und die H\u00e4mophilie-B.<br \/>\n<\/div><\/div><br \/>\n<div class=\"su-column su-column-size-1-2\"><div class=\"su-column-inner su-u-clearfix su-u-trim\"><div class=\"su-spacer\" style=\"height:30px\"><\/div><\/p>\n<h3>H\u00e4mophilie-A und B auch genannt Bluterkrankheit<\/h3>\n<p>Die H\u00e4mophilie-A ist ein X-chromosomal-rezessiv erblicher Gerinnungsdefekt, von dem fast ausnahmslos M\u00e4nner betroffen sind, da sie nur ein X-Chromosom besitzen. Hierbei spielt das F8-Gen die entscheidende Rolle, das normalerweise f\u00fcr den Blutgerinnungsfaktor VIII, oder auch Antih\u00e4mophiles Globulin A gennant, codiert. Durch eine Mutation in diesem Gen, k\u00f6nnen die n\u00f6tigen Gerinnungsfaktoren nicht selber gebildet werden und m\u00fcssen bei H\u00e4mophilie-Patienten intraven\u00f6s in Form eines Faktorkonzentrats zugef\u00fchrt werden.<br \/>\nBei der H\u00e4mophilie B verh\u00e4lt es sich \u00e4hnlich, allerdings besteht hierbei ein Mangel am Blutgerinnungsfaktor IX.<br \/>\n<\/div><\/div><br \/>\n<\/div><br \/>\n<div class=\"su-row\"><br \/>\n<div class=\"su-column su-column-size-1-1\"><div class=\"su-column-inner su-u-clearfix su-u-trim\"><div class=\"su-spacer\" style=\"height:30px\"><\/div><\/p>\n<h3>Bestellung und Lieferung Ihrer Bluterkrankheit Therapie in unserer H\u00e4mophilie &#8211; Apotheke in Kassel<\/h3>\n<p>Menschen mit H\u00e4mophilie bzw. der Bluterkrankheit sind auf den sicheren und zuverl\u00e4ssigen Erhalt ihrer ben\u00f6tigten Faktorpr\u00e4parate angewiesen und hier kommen wir ins Spiel!<\/p>\n<ul>\n<li>Einfach, schnell und rund um die Uhr k\u00f6nnen Sie oder Ihr H\u00e4mophiliezentrum telefonisch, per Mail, oder \u00fcber unser Vorbestellformular ordern.<\/li>\n<li>Durch eine reibungslose Lieferkette sichern wir eine schnelle Verf\u00fcgbarkeit der ben\u00f6tigten Faktorkonzentrate.<\/li>\n<li>Selbstverst\u00e4ndlich bieten wir einen kostenlosen und immer einsatzbereiten Lieferdienst an.<\/li>\n<li>Flexibler Paketempfang durch Lieferung nach Hause, direkt an das \u00c4rztliche Zentrum oder einen anderen Ort.<\/li>\n<li>Wir gew\u00e4hrleisten die Einhaltung der K\u00fchlkette von der Apotheke bis zur Lagerung am Zielort.<\/li>\n<li>Pers\u00f6nliche Ansprechpartner und Betreuung.<\/li>\n<li>Unterst\u00fctzung bei der Urlaubsplanung<\/li>\n<li>Jeder unserer H\u00e4mophilie-Patienten bekommt eine Notfallnummer.<\/li>\n<\/ul>\n<p><\/div><\/div><br \/>\n<\/div><\/p>\n<div class=\"su-row\"><br \/>\n<div class=\"su-column su-column-size-1-2\"><div class=\"su-column-inner su-u-clearfix su-u-trim\"><div class=\"su-spacer\" style=\"height:30px\"><\/div><\/p>\n<h3>Sie haben Fragen?<\/h3>\n<p><a href=\"https:\/\/palmenapo.de\/brueckenhof\/kontaktformular\/\">Sprechen Sie uns an, Wir beraten Sie gerne!<\/a><br \/>\nAuch direkt telefonisch (0561-8708600)<br \/>\nSind sie auf der Suche nach H\u00e4mophiliezentren gegen Ihre Bluterkrankheit in der N\u00e4he von Kassel oder generell in Deutschland, dann werden Sie <a href=\"https:\/\/www.dhg.de\/haemophiliezentren.html\" rel=\"noopener\" target=\"_blank\">hier<\/a> f\u00fcndig werden.<\/p>\n<p><\/div><\/div><\/p>\n<p><div class=\"su-column su-column-size-1-2\"><div class=\"su-column-inner su-u-clearfix su-u-trim\"><div class=\"su-spacer\" style=\"height:30px\"><\/div><br \/>\n<\/div><\/div><\/p>\n<p><div class=\"su-column su-column-size-1-2\"><div class=\"su-column-inner su-u-clearfix su-u-trim\"><div class=\"su-spacer\" style=\"height:30px\"><\/div><br \/>\n<\/div><\/div><br \/>\n<\/div>\n","protected":false},"excerpt":{"rendered":"<p>Sie suchen eine Apotheke, die Sie mit Medikamenten gegen H\u00e4mophilie bzw Bluterkrankheit in Kassel versorgt oder beliefert? Dann sind Sie hier genau richtig!<\/p>\n","protected":false},"author":1,"featured_media":0,"parent":0,"menu_order":0,"comment_status":"closed","ping_status":"closed","template":"","meta":{"_acf_changed":false,"footnotes":""},"class_list":["post-661","page","type-page","status-publish","hentry"],"acf":[],"yoast_head":"<!-- This site is optimized with the Yoast SEO plugin v25.0 - https:\/\/yoast.com\/wordpress\/plugins\/seo\/ -->\n<title>H\u00e4mophilie Apotheke Kassel Bluterkrankheit - Palmen Apotheke Br\u00fcckenhof<\/title>\n<meta name=\"description\" content=\"Unsere H\u00e4mophilie Apotheke in Kassel bietet schnelle Lieferung von Faktorpr\u00e4paraten f\u00fcr die Behandlung von Bluterkrankheit. Immer gut beraten.\" \/>\n<meta name=\"robots\" content=\"index, follow, max-snippet:-1, max-image-preview:large, max-video-preview:-1\" \/>\n<link rel=\"canonical\" href=\"https:\/\/palmenapo.de\/brueckenhof\/haemophilie-apotheke-kassel\/\" \/>\n<meta property=\"og:locale\" content=\"de_DE\" \/>\n<meta property=\"og:type\" content=\"article\" \/>\n<meta property=\"og:title\" content=\"H\u00e4mophilie Apotheke Kassel Bluterkrankheit - Palmen Apotheke Br\u00fcckenhof\" \/>\n<meta property=\"og:description\" content=\"Unsere H\u00e4mophilie Apotheke in Kassel bietet schnelle Lieferung von Faktorpr\u00e4paraten f\u00fcr die Behandlung von Bluterkrankheit. Immer gut beraten.\" \/>\n<meta property=\"og:url\" content=\"https:\/\/palmenapo.de\/brueckenhof\/haemophilie-apotheke-kassel\/\" \/>\n<meta property=\"og:site_name\" content=\"Palmen Apotheke Br\u00fcckenhof\" \/>\n<meta property=\"article:publisher\" content=\"https:\/\/www.facebook.com\/PalmenApothekeBrueckenhof\" \/>\n<meta property=\"article:modified_time\" content=\"2024-02-11T22:51:16+00:00\" \/>\n<meta property=\"og:image\" content=\"https:\/\/palmenapo.de\/brueckenhof\/wp-content\/uploads\/sites\/3\/2024\/02\/Erythrozyten-150x150.jpg\" \/>\n<meta name=\"twitter:card\" content=\"summary_large_image\" \/>\n<meta name=\"twitter:label1\" content=\"Gesch\u00e4tzte Lesezeit\" \/>\n\t<meta name=\"twitter:data1\" content=\"3\u00a0Minuten\" \/>\n<script type=\"application\/ld+json\" class=\"yoast-schema-graph\">{\"@context\":\"https:\/\/schema.org\",\"@graph\":[{\"@type\":\"WebPage\",\"@id\":\"https:\/\/palmenapo.de\/brueckenhof\/haemophilie-apotheke-kassel\/\",\"url\":\"https:\/\/palmenapo.de\/brueckenhof\/haemophilie-apotheke-kassel\/\",\"name\":\"H\u00e4mophilie Apotheke Kassel Bluterkrankheit - Palmen Apotheke Br\u00fcckenhof\",\"isPartOf\":{\"@id\":\"https:\/\/palmenapo.de\/brueckenhof\/#website\"},\"primaryImageOfPage\":{\"@id\":\"https:\/\/palmenapo.de\/brueckenhof\/haemophilie-apotheke-kassel\/#primaryimage\"},\"image\":{\"@id\":\"https:\/\/palmenapo.de\/brueckenhof\/haemophilie-apotheke-kassel\/#primaryimage\"},\"thumbnailUrl\":\"https:\/\/palmenapo.de\/brueckenhof\/wp-content\/uploads\/sites\/3\/2024\/02\/Erythrozyten-150x150.jpg\",\"datePublished\":\"2020-10-07T22:55:27+00:00\",\"dateModified\":\"2024-02-11T22:51:16+00:00\",\"description\":\"Unsere H\u00e4mophilie Apotheke in Kassel bietet schnelle Lieferung von Faktorpr\u00e4paraten f\u00fcr die Behandlung von Bluterkrankheit. Immer gut beraten.\",\"breadcrumb\":{\"@id\":\"https:\/\/palmenapo.de\/brueckenhof\/haemophilie-apotheke-kassel\/#breadcrumb\"},\"inLanguage\":\"de\",\"potentialAction\":[{\"@type\":\"ReadAction\",\"target\":[\"https:\/\/palmenapo.de\/brueckenhof\/haemophilie-apotheke-kassel\/\"]}]},{\"@type\":\"ImageObject\",\"inLanguage\":\"de\",\"@id\":\"https:\/\/palmenapo.de\/brueckenhof\/haemophilie-apotheke-kassel\/#primaryimage\",\"url\":\"https:\/\/palmenapo.de\/brueckenhof\/wp-content\/uploads\/sites\/3\/2024\/02\/Erythrozyten.jpg\",\"contentUrl\":\"https:\/\/palmenapo.de\/brueckenhof\/wp-content\/uploads\/sites\/3\/2024\/02\/Erythrozyten.jpg\",\"width\":1231,\"height\":1124,\"caption\":\"h\u00e4mophilie Apotheke Bluterkrankheit\"},{\"@type\":\"BreadcrumbList\",\"@id\":\"https:\/\/palmenapo.de\/brueckenhof\/haemophilie-apotheke-kassel\/#breadcrumb\",\"itemListElement\":[{\"@type\":\"ListItem\",\"position\":1,\"name\":\"Startseite\",\"item\":\"https:\/\/palmenapo.de\/brueckenhof\/\"},{\"@type\":\"ListItem\",\"position\":2,\"name\":\"H\u00e4mophilie Apotheke Kassel Bluterkrankheit\"}]},{\"@type\":\"WebSite\",\"@id\":\"https:\/\/palmenapo.de\/brueckenhof\/#website\",\"url\":\"https:\/\/palmenapo.de\/brueckenhof\/\",\"name\":\"Palmen Apotheke Br\u00fcckenhof Kassel\",\"description\":\"E-Rezept, Gesundheit, Medikamente, in der N\u00e4her, Pflegehilfsmittel, Beratung, Kassel\",\"publisher\":{\"@id\":\"https:\/\/palmenapo.de\/brueckenhof\/#organization\"},\"potentialAction\":[{\"@type\":\"SearchAction\",\"target\":{\"@type\":\"EntryPoint\",\"urlTemplate\":\"https:\/\/palmenapo.de\/brueckenhof\/?s={search_term_string}\"},\"query-input\":{\"@type\":\"PropertyValueSpecification\",\"valueRequired\":true,\"valueName\":\"search_term_string\"}}],\"inLanguage\":\"de\"},{\"@type\":\"Organization\",\"@id\":\"https:\/\/palmenapo.de\/brueckenhof\/#organization\",\"name\":\"Palmen Apotheke Br\u00fcckenhof Kassel\",\"url\":\"https:\/\/palmenapo.de\/brueckenhof\/\",\"logo\":{\"@type\":\"ImageObject\",\"inLanguage\":\"de\",\"@id\":\"https:\/\/palmenapo.de\/brueckenhof\/#\/schema\/logo\/image\/\",\"url\":\"https:\/\/palmenapo.de\/brueckenhof\/wp-content\/uploads\/sites\/3\/2017\/11\/cropped-Apotheken-mit-Palme.jpg\",\"contentUrl\":\"https:\/\/palmenapo.de\/brueckenhof\/wp-content\/uploads\/sites\/3\/2017\/11\/cropped-Apotheken-mit-Palme.jpg\",\"width\":512,\"height\":512,\"caption\":\"Palmen Apotheke Br\u00fcckenhof Kassel\"},\"image\":{\"@id\":\"https:\/\/palmenapo.de\/brueckenhof\/#\/schema\/logo\/image\/\"},\"sameAs\":[\"https:\/\/www.facebook.com\/PalmenApothekeBrueckenhof\"]}]}<\/script>\n<!-- \/ Yoast SEO plugin. -->","yoast_head_json":{"title":"H\u00e4mophilie Apotheke Kassel Bluterkrankheit - Palmen Apotheke Br\u00fcckenhof","description":"Unsere H\u00e4mophilie Apotheke in Kassel bietet schnelle Lieferung von Faktorpr\u00e4paraten f\u00fcr die Behandlung von Bluterkrankheit. Immer gut beraten.","robots":{"index":"index","follow":"follow","max-snippet":"max-snippet:-1","max-image-preview":"max-image-preview:large","max-video-preview":"max-video-preview:-1"},"canonical":"https:\/\/palmenapo.de\/brueckenhof\/haemophilie-apotheke-kassel\/","og_locale":"de_DE","og_type":"article","og_title":"H\u00e4mophilie Apotheke Kassel Bluterkrankheit - Palmen Apotheke Br\u00fcckenhof","og_description":"Unsere H\u00e4mophilie Apotheke in Kassel bietet schnelle Lieferung von Faktorpr\u00e4paraten f\u00fcr die Behandlung von Bluterkrankheit. Immer gut beraten.","og_url":"https:\/\/palmenapo.de\/brueckenhof\/haemophilie-apotheke-kassel\/","og_site_name":"Palmen Apotheke Br\u00fcckenhof","article_publisher":"https:\/\/www.facebook.com\/PalmenApothekeBrueckenhof","article_modified_time":"2024-02-11T22:51:16+00:00","og_image":[{"url":"https:\/\/palmenapo.de\/brueckenhof\/wp-content\/uploads\/sites\/3\/2024\/02\/Erythrozyten-150x150.jpg","type":"","width":"","height":""}],"twitter_card":"summary_large_image","twitter_misc":{"Gesch\u00e4tzte Lesezeit":"3\u00a0Minuten"},"schema":{"@context":"https:\/\/schema.org","@graph":[{"@type":"WebPage","@id":"https:\/\/palmenapo.de\/brueckenhof\/haemophilie-apotheke-kassel\/","url":"https:\/\/palmenapo.de\/brueckenhof\/haemophilie-apotheke-kassel\/","name":"H\u00e4mophilie Apotheke Kassel Bluterkrankheit - Palmen Apotheke Br\u00fcckenhof","isPartOf":{"@id":"https:\/\/palmenapo.de\/brueckenhof\/#website"},"primaryImageOfPage":{"@id":"https:\/\/palmenapo.de\/brueckenhof\/haemophilie-apotheke-kassel\/#primaryimage"},"image":{"@id":"https:\/\/palmenapo.de\/brueckenhof\/haemophilie-apotheke-kassel\/#primaryimage"},"thumbnailUrl":"https:\/\/palmenapo.de\/brueckenhof\/wp-content\/uploads\/sites\/3\/2024\/02\/Erythrozyten-150x150.jpg","datePublished":"2020-10-07T22:55:27+00:00","dateModified":"2024-02-11T22:51:16+00:00","description":"Unsere H\u00e4mophilie Apotheke in Kassel bietet schnelle Lieferung von Faktorpr\u00e4paraten f\u00fcr die Behandlung von Bluterkrankheit. Immer gut beraten.","breadcrumb":{"@id":"https:\/\/palmenapo.de\/brueckenhof\/haemophilie-apotheke-kassel\/#breadcrumb"},"inLanguage":"de","potentialAction":[{"@type":"ReadAction","target":["https:\/\/palmenapo.de\/brueckenhof\/haemophilie-apotheke-kassel\/"]}]},{"@type":"ImageObject","inLanguage":"de","@id":"https:\/\/palmenapo.de\/brueckenhof\/haemophilie-apotheke-kassel\/#primaryimage","url":"https:\/\/palmenapo.de\/brueckenhof\/wp-content\/uploads\/sites\/3\/2024\/02\/Erythrozyten.jpg","contentUrl":"https:\/\/palmenapo.de\/brueckenhof\/wp-content\/uploads\/sites\/3\/2024\/02\/Erythrozyten.jpg","width":1231,"height":1124,"caption":"h\u00e4mophilie Apotheke Bluterkrankheit"},{"@type":"BreadcrumbList","@id":"https:\/\/palmenapo.de\/brueckenhof\/haemophilie-apotheke-kassel\/#breadcrumb","itemListElement":[{"@type":"ListItem","position":1,"name":"Startseite","item":"https:\/\/palmenapo.de\/brueckenhof\/"},{"@type":"ListItem","position":2,"name":"H\u00e4mophilie Apotheke Kassel Bluterkrankheit"}]},{"@type":"WebSite","@id":"https:\/\/palmenapo.de\/brueckenhof\/#website","url":"https:\/\/palmenapo.de\/brueckenhof\/","name":"Palmen Apotheke Br\u00fcckenhof Kassel","description":"E-Rezept, Gesundheit, Medikamente, in der N\u00e4her, Pflegehilfsmittel, Beratung, Kassel","publisher":{"@id":"https:\/\/palmenapo.de\/brueckenhof\/#organization"},"potentialAction":[{"@type":"SearchAction","target":{"@type":"EntryPoint","urlTemplate":"https:\/\/palmenapo.de\/brueckenhof\/?s={search_term_string}"},"query-input":{"@type":"PropertyValueSpecification","valueRequired":true,"valueName":"search_term_string"}}],"inLanguage":"de"},{"@type":"Organization","@id":"https:\/\/palmenapo.de\/brueckenhof\/#organization","name":"Palmen Apotheke Br\u00fcckenhof Kassel","url":"https:\/\/palmenapo.de\/brueckenhof\/","logo":{"@type":"ImageObject","inLanguage":"de","@id":"https:\/\/palmenapo.de\/brueckenhof\/#\/schema\/logo\/image\/","url":"https:\/\/palmenapo.de\/brueckenhof\/wp-content\/uploads\/sites\/3\/2017\/11\/cropped-Apotheken-mit-Palme.jpg","contentUrl":"https:\/\/palmenapo.de\/brueckenhof\/wp-content\/uploads\/sites\/3\/2017\/11\/cropped-Apotheken-mit-Palme.jpg","width":512,"height":512,"caption":"Palmen Apotheke Br\u00fcckenhof Kassel"},"image":{"@id":"https:\/\/palmenapo.de\/brueckenhof\/#\/schema\/logo\/image\/"},"sameAs":["https:\/\/www.facebook.com\/PalmenApothekeBrueckenhof"]}]}},"_links":{"self":[{"href":"https:\/\/palmenapo.de\/brueckenhof\/wp-json\/wp\/v2\/pages\/661","targetHints":{"allow":["GET"]}}],"collection":[{"href":"https:\/\/palmenapo.de\/brueckenhof\/wp-json\/wp\/v2\/pages"}],"about":[{"href":"https:\/\/palmenapo.de\/brueckenhof\/wp-json\/wp\/v2\/types\/page"}],"author":[{"embeddable":true,"href":"https:\/\/palmenapo.de\/brueckenhof\/wp-json\/wp\/v2\/users\/1"}],"replies":[{"embeddable":true,"href":"https:\/\/palmenapo.de\/brueckenhof\/wp-json\/wp\/v2\/comments?post=661"}],"version-history":[{"count":22,"href":"https:\/\/palmenapo.de\/brueckenhof\/wp-json\/wp\/v2\/pages\/661\/revisions"}],"predecessor-version":[{"id":865,"href":"https:\/\/palmenapo.de\/brueckenhof\/wp-json\/wp\/v2\/pages\/661\/revisions\/865"}],"wp:attachment":[{"href":"https:\/\/palmenapo.de\/brueckenhof\/wp-json\/wp\/v2\/media?parent=661"}],"curies":[{"name":"wp","href":"https:\/\/api.w.org\/{rel}","templated":true}]}}