{"id":571,"date":"2017-10-23T20:57:00","date_gmt":"2017-10-23T18:57:00","guid":{"rendered":"http:\/\/www.synapo.de\/palmenpress\/?page_id=2"},"modified":"2024-02-17T18:01:31","modified_gmt":"2024-02-17T17:01:31","slug":"ihre-kasseler-apotheke-ganz-in-der-naehe","status":"publish","type":"page","link":"https:\/\/palmenapo.de\/brueckenhof\/","title":{"rendered":"Ihre Kasseler Apotheke ganz in der N\u00e4he"},"content":{"rendered":"<p><strong>Die Apotheke f\u00fcr alle Menschen in der N\u00e4he und aus ganz Kassel\u00a0<\/strong><\/p>\n<h3>Willkommen auf den Seiten der Palmen Apotheke Br\u00fcckenhof in Kassel Oberzwehren, immer ganz in der N\u00e4he!<strong style=\"font-size: 16px;\"><img decoding=\"async\" class=\"alignnone wp-image-89\" src=\"https:\/\/palmenapo.de\/brueckenhof\/wp-content\/uploads\/sites\/3\/2017\/10\/cropped-Apotheken-mit-Palme-2-150x133.jpg\" alt=\"Apotheke Kassel in der N\u00e4he\" width=\"36\" height=\"32\" \/><\/strong><\/h3>\n<h4>Ihre Apotheke in direkt der Nachbarschaft von Kassel Oberzwehren<\/h4>\n<p>Herzlich willkommen in der Palmen Apotheke Br\u00fcckenhof Kassel \u2013 Ihrer Apotheke direkt in der N\u00e4he. Gemeinsam mit unseren <a href=\"https:\/\/www.rhoenplatzapotheke.de\/\">Verbund-Apotheken<\/a> sehen wir uns als Servicepartner zum Wohle Ihrer Gesundheit, daher ist es unser Ziel, Ihnen die Versorgung mit Arzneimitteln so professionell und zudem so einfach wie m\u00f6glich zu gestalten. Wir bieten Ihnen auf der einen Seite kompetente Beratung an, bei der wir uns ausgiebig mit Ihren Fragen und Sorgen auseinandersetzen &#8211; unter anderem mit diversen <a href=\"http:\/\/www.palmenapo.de\/brueckenhof\/startseite\/check-ups\/\">Check-Ups<\/a> und auf der anderen Seite bieten wir Ihnen verschiedene M\u00f6glichkeiten Ihre Apothekenbesuche zeitsparend zu gestalten. Daf\u00fcr bieten wir Ihnen zu unserem schon l\u00e4nger bestehenden <a href=\"https:\/\/api.whatsapp.com\/send?phone=495618708600\">Whatsapp-Vorbestelldienst<\/a> , jetzt auch eine Vorbestelloption direkt \u00fcber diese Webseite an &#8211; unser sogenanntes <a href=\"https:\/\/palmenapo.de\/brueckenhof\/vorbestellformularexpress\">Express-Foto-Formular<\/a>, mit dem Sie, vor allem mit Ihrem Mobiltelefon, innerhalb von Sekunden Ihre Bestellung \u00fcbermitteln k\u00f6nnen. N\u00e4heres zu den verschiedenen Vorbestellm\u00f6glichkeiten k\u00f6nnen Sie <a href=\"https:\/\/palmenapo.de\/brueckenhof\/vorbestellungen\/\">hier nachlesen<\/a>.<\/p>\n<h3>\u00dcber unsere Apotheke in Kassel<\/h3>\n<h4>Die Palmen Apotheke Br\u00fcckenhof in Kassel Oberzwehren<\/h4>\n<p>Die Palmen Apotheke Br\u00fcckenhof, ist nicht nur eine Apotheke, sondern auch Ihr zuverl\u00e4ssiger Partner f\u00fcr Gesundheit und Wohlbefinden. Daher bieten wir Ihnen und Ihren Angeh\u00f6rigen eine breite Palette von Produkten und Dienstleistungen, um Ihre Gesundheitsbed\u00fcrfnisse zu erf\u00fcllen.<\/p>\n<h3>Unsere Dienstleistungen f\u00fcr Kassel<\/h3>\n<h4>Diskrete Inkontinenzversorgung und kostenlose Pflegehilfsmittel in der Apotheke<\/h4>\n<p>Wir verstehen die Sensibilit\u00e4t bestimmter Gesundheitsbed\u00fcrfnisse und bieten daher eine diskrete Inkontinenzversorgung an. Zus\u00e4tzlich bieten wir eine kostenlose Versorgung mit Pflegehilfsmitteln, um Ihnen den Alltag zu erleichtern. sprechen Sie uns gerne an, denn durch unsere Lage im Wohngebiet von Oberzwehren, sind wir ganz in Ihrer N\u00e4he und damit Ihr idealer Partner in Sachen Gesundheit.<\/p>\n<h4>Freundlichkeit und Fachkompetenz<\/h4>\n<p>Unser Team zeichnet sich durch Freundlichkeit und Fachkompetenz aus. Daher stehen wir Ihnen jederzeit zur Verf\u00fcgung, um Ihre Fragen zu beantworten und Ihnen die bestm\u00f6gliche Beratung zu bieten.<\/p>\n<h4>E-Rezept und Vorbestellfunktionen exklusiv f\u00fcr Apotheken-Kunden aus Kassel und Umgebung<\/h4>\n<p>Bei uns k\u00f6nnen Sie Ihr E-Rezept bequem einl\u00f6sen und von unseren Vorbestellfunktionen profitieren. Nutzen Sie unsere einfache <a href=\"https:\/\/api.whatsapp.com\/send?phone=495618708600\">WhatsApp-<\/a> oder <a href=\"https:\/\/palmenapo.de\/brueckenhof\/vorbestellformularexpress\/\">Onlineformularvorbestellung<\/a>, um Ihre Medikamente oder Rezepte und auch E-Rezepte vorab zu bestellen und somit Zeit zu sparen.<\/p>\n<h4>Lieferengp\u00e4sse nur selten mit uns in Ihrer N\u00e4he<\/h4>\n<p>Um Ihre Versorgung t\u00e4glich bestens sicherzustellen lassen wir uns sechs mal am Tag von unseren leistungsstarken Gro\u00dfh\u00e4ndlern beliefern und k\u00f6nnen Ihnen somit t\u00e4glich ein Portfolio von mehr als 60000 Produkten zur Verf\u00fcgung stellen. Sollten wir in seltenen f\u00e4llen hier nicht f\u00fcndig werden, so besorgen wir Ihnen Ihre Wunscharznei direkt beim Hersteller oder importieren es f\u00fcr Sie aus dem Ausland. sprechen Sie uns einfach an.<\/p>\n<h4>Spezielle Angebote f\u00fcr unsere Apothekenkunden in Kassel<\/h4>\n<p>Wir bieten regelm\u00e4\u00dfig spezielle Angebote und Aktionen an, um Ihnen zus\u00e4tzliche Ersparnisse zu bieten. Halten Sie Ausschau nach unseren Sonderangeboten und profitieren Sie von unseren exklusiven Deals.<\/p>\n<h4>Botendienst f\u00fcr unsere Kunden<\/h4>\n<p>Dar\u00fcber hinaus bieten wir Ihnen einen kostenlosen <a href=\"https:\/\/www.palmenapo.de\/brueckenhof\/startseite\/botendienst\/\">Botendienst<\/a>, der Ihnen Ihre Medikamente im Raum Kassel sicher und z\u00fcgig nach Hause bringt.<\/p>\n<h3>Besuchen Sie unsere Apotheke in Kassel noch heute!<\/h3>\n<h4>Wir freuen uns auf Ihren Besuch<\/h4>\n<p>Besuchen Sie noch heute die Palmen Apotheke Br\u00fcckenhof in Kassel Oberzwehren und erleben Sie unseren erstklassigen Service. Wir freuen uns darauf, Ihnen zu helfen, gesund zu bleiben und sich wohlzuf\u00fchlen.<\/p>\n","protected":false},"excerpt":{"rendered":"<p>Die Apotheke f\u00fcr alle Menschen in der N\u00e4he und aus ganz Kassel\u00a0 Willkommen auf den Seiten der Palmen Apotheke Br\u00fcckenhof in Kassel Oberzwehren, immer ganz in der N\u00e4he! Ihre Apotheke in direkt der Nachbarschaft von Kassel Oberzwehren Herzlich willkommen in der Palmen Apotheke Br\u00fcckenhof Kassel \u2013 Ihrer Apotheke direkt in der N\u00e4he. Gemeinsam mit unseren&#8230; <\/p>\n","protected":false},"author":1,"featured_media":0,"parent":0,"menu_order":0,"comment_status":"closed","ping_status":"closed","template":"","meta":{"_acf_changed":false,"footnotes":""},"class_list":["post-571","page","type-page","status-publish","hentry"],"acf":[],"yoast_head":"<!-- This site is optimized with the Yoast SEO plugin v25.0 - https:\/\/yoast.com\/wordpress\/plugins\/seo\/ -->\n<title>Ihre Kasseler Apotheke ganz in der N\u00e4he - Palmen Apotheke Br\u00fcckenhof<\/title>\n<meta name=\"description\" content=\"Palmen Apotheke Kassel \u2013 ganz in der N\u00e4he! Ihre Apotheke f\u00fcr Gesundheit und Wohlbefinden. Pflegehilfsmittel, E-Rezept, H\u00e4mophilie uvm.\" \/>\n<meta name=\"robots\" content=\"index, follow, max-snippet:-1, max-image-preview:large, max-video-preview:-1\" \/>\n<link rel=\"canonical\" href=\"https:\/\/palmenapo.de\/brueckenhof\/\" \/>\n<meta property=\"og:locale\" content=\"de_DE\" \/>\n<meta property=\"og:type\" content=\"article\" \/>\n<meta property=\"og:title\" content=\"Ihre Kasseler Apotheke ganz in der N\u00e4he - Palmen Apotheke Br\u00fcckenhof\" \/>\n<meta property=\"og:description\" content=\"Palmen Apotheke Kassel \u2013 ganz in der N\u00e4he! Ihre Apotheke f\u00fcr Gesundheit und Wohlbefinden. Pflegehilfsmittel, E-Rezept, H\u00e4mophilie uvm.\" \/>\n<meta property=\"og:url\" content=\"https:\/\/palmenapo.de\/brueckenhof\/\" \/>\n<meta property=\"og:site_name\" content=\"Palmen Apotheke Br\u00fcckenhof\" \/>\n<meta property=\"article:publisher\" content=\"https:\/\/www.facebook.com\/PalmenApothekeBrueckenhof\" \/>\n<meta property=\"article:modified_time\" content=\"2024-02-17T17:01:31+00:00\" \/>\n<meta property=\"og:image\" content=\"https:\/\/palmenapo.de\/brueckenhof\/wp-content\/uploads\/sites\/3\/2017\/10\/cropped-Apotheken-mit-Palme-2-150x133.jpg\" \/>\n<meta name=\"twitter:card\" content=\"summary_large_image\" \/>\n<meta name=\"twitter:label1\" content=\"Gesch\u00e4tzte Lesezeit\" \/>\n\t<meta name=\"twitter:data1\" content=\"4\u00a0Minuten\" \/>\n<script type=\"application\/ld+json\" class=\"yoast-schema-graph\">{\"@context\":\"https:\/\/schema.org\",\"@graph\":[{\"@type\":\"WebPage\",\"@id\":\"https:\/\/palmenapo.de\/brueckenhof\/\",\"url\":\"https:\/\/palmenapo.de\/brueckenhof\/\",\"name\":\"Ihre Kasseler Apotheke ganz in der N\u00e4he - Palmen Apotheke Br\u00fcckenhof\",\"isPartOf\":{\"@id\":\"https:\/\/palmenapo.de\/brueckenhof\/#website\"},\"primaryImageOfPage\":{\"@id\":\"https:\/\/palmenapo.de\/brueckenhof\/#primaryimage\"},\"image\":{\"@id\":\"https:\/\/palmenapo.de\/brueckenhof\/#primaryimage\"},\"thumbnailUrl\":\"https:\/\/palmenapo.de\/brueckenhof\/wp-content\/uploads\/sites\/3\/2017\/10\/cropped-Apotheken-mit-Palme-2-150x133.jpg\",\"datePublished\":\"2017-10-23T18:57:00+00:00\",\"dateModified\":\"2024-02-17T17:01:31+00:00\",\"description\":\"Palmen Apotheke Kassel \u2013 ganz in der N\u00e4he! Ihre Apotheke f\u00fcr Gesundheit und Wohlbefinden. Pflegehilfsmittel, E-Rezept, H\u00e4mophilie uvm.\",\"breadcrumb\":{\"@id\":\"https:\/\/palmenapo.de\/brueckenhof\/#breadcrumb\"},\"inLanguage\":\"de\",\"potentialAction\":[{\"@type\":\"ReadAction\",\"target\":[\"https:\/\/palmenapo.de\/brueckenhof\/\"]}]},{\"@type\":\"ImageObject\",\"inLanguage\":\"de\",\"@id\":\"https:\/\/palmenapo.de\/brueckenhof\/#primaryimage\",\"url\":\"https:\/\/palmenapo.de\/brueckenhof\/wp-content\/uploads\/sites\/3\/2017\/10\/cropped-Apotheken-mit-Palme-2.jpg\",\"contentUrl\":\"https:\/\/palmenapo.de\/brueckenhof\/wp-content\/uploads\/sites\/3\/2017\/10\/cropped-Apotheken-mit-Palme-2.jpg\",\"width\":170,\"height\":133,\"caption\":\"Palmen Apotheken Partner\"},{\"@type\":\"BreadcrumbList\",\"@id\":\"https:\/\/palmenapo.de\/brueckenhof\/#breadcrumb\",\"itemListElement\":[{\"@type\":\"ListItem\",\"position\":1,\"name\":\"Startseite\",\"item\":\"https:\/\/palmenapo.de\/brueckenhof\/\"},{\"@type\":\"ListItem\",\"position\":2,\"name\":\"Ihre Kasseler Apotheke ganz in der N\u00e4he\"}]},{\"@type\":\"WebSite\",\"@id\":\"https:\/\/palmenapo.de\/brueckenhof\/#website\",\"url\":\"https:\/\/palmenapo.de\/brueckenhof\/\",\"name\":\"Palmen Apotheke Br\u00fcckenhof Kassel\",\"description\":\"E-Rezept, Gesundheit, Medikamente, in der N\u00e4her, Pflegehilfsmittel, Beratung, Kassel\",\"publisher\":{\"@id\":\"https:\/\/palmenapo.de\/brueckenhof\/#organization\"},\"potentialAction\":[{\"@type\":\"SearchAction\",\"target\":{\"@type\":\"EntryPoint\",\"urlTemplate\":\"https:\/\/palmenapo.de\/brueckenhof\/?s={search_term_string}\"},\"query-input\":{\"@type\":\"PropertyValueSpecification\",\"valueRequired\":true,\"valueName\":\"search_term_string\"}}],\"inLanguage\":\"de\"},{\"@type\":\"Organization\",\"@id\":\"https:\/\/palmenapo.de\/brueckenhof\/#organization\",\"name\":\"Palmen Apotheke Br\u00fcckenhof Kassel\",\"url\":\"https:\/\/palmenapo.de\/brueckenhof\/\",\"logo\":{\"@type\":\"ImageObject\",\"inLanguage\":\"de\",\"@id\":\"https:\/\/palmenapo.de\/brueckenhof\/#\/schema\/logo\/image\/\",\"url\":\"https:\/\/palmenapo.de\/brueckenhof\/wp-content\/uploads\/sites\/3\/2017\/11\/cropped-Apotheken-mit-Palme.jpg\",\"contentUrl\":\"https:\/\/palmenapo.de\/brueckenhof\/wp-content\/uploads\/sites\/3\/2017\/11\/cropped-Apotheken-mit-Palme.jpg\",\"width\":512,\"height\":512,\"caption\":\"Palmen Apotheke Br\u00fcckenhof Kassel\"},\"image\":{\"@id\":\"https:\/\/palmenapo.de\/brueckenhof\/#\/schema\/logo\/image\/\"},\"sameAs\":[\"https:\/\/www.facebook.com\/PalmenApothekeBrueckenhof\"]}]}<\/script>\n<!-- \/ Yoast SEO plugin. -->","yoast_head_json":{"title":"Ihre Kasseler Apotheke ganz in der N\u00e4he - Palmen Apotheke Br\u00fcckenhof","description":"Palmen Apotheke Kassel \u2013 ganz in der N\u00e4he! Ihre Apotheke f\u00fcr Gesundheit und Wohlbefinden. Pflegehilfsmittel, E-Rezept, H\u00e4mophilie uvm.","robots":{"index":"index","follow":"follow","max-snippet":"max-snippet:-1","max-image-preview":"max-image-preview:large","max-video-preview":"max-video-preview:-1"},"canonical":"https:\/\/palmenapo.de\/brueckenhof\/","og_locale":"de_DE","og_type":"article","og_title":"Ihre Kasseler Apotheke ganz in der N\u00e4he - Palmen Apotheke Br\u00fcckenhof","og_description":"Palmen Apotheke Kassel \u2013 ganz in der N\u00e4he! Ihre Apotheke f\u00fcr Gesundheit und Wohlbefinden. Pflegehilfsmittel, E-Rezept, H\u00e4mophilie uvm.","og_url":"https:\/\/palmenapo.de\/brueckenhof\/","og_site_name":"Palmen Apotheke Br\u00fcckenhof","article_publisher":"https:\/\/www.facebook.com\/PalmenApothekeBrueckenhof","article_modified_time":"2024-02-17T17:01:31+00:00","og_image":[{"url":"https:\/\/palmenapo.de\/brueckenhof\/wp-content\/uploads\/sites\/3\/2017\/10\/cropped-Apotheken-mit-Palme-2-150x133.jpg","type":"","width":"","height":""}],"twitter_card":"summary_large_image","twitter_misc":{"Gesch\u00e4tzte Lesezeit":"4\u00a0Minuten"},"schema":{"@context":"https:\/\/schema.org","@graph":[{"@type":"WebPage","@id":"https:\/\/palmenapo.de\/brueckenhof\/","url":"https:\/\/palmenapo.de\/brueckenhof\/","name":"Ihre Kasseler Apotheke ganz in der N\u00e4he - Palmen Apotheke Br\u00fcckenhof","isPartOf":{"@id":"https:\/\/palmenapo.de\/brueckenhof\/#website"},"primaryImageOfPage":{"@id":"https:\/\/palmenapo.de\/brueckenhof\/#primaryimage"},"image":{"@id":"https:\/\/palmenapo.de\/brueckenhof\/#primaryimage"},"thumbnailUrl":"https:\/\/palmenapo.de\/brueckenhof\/wp-content\/uploads\/sites\/3\/2017\/10\/cropped-Apotheken-mit-Palme-2-150x133.jpg","datePublished":"2017-10-23T18:57:00+00:00","dateModified":"2024-02-17T17:01:31+00:00","description":"Palmen Apotheke Kassel \u2013 ganz in der N\u00e4he! Ihre Apotheke f\u00fcr Gesundheit und Wohlbefinden. Pflegehilfsmittel, E-Rezept, H\u00e4mophilie uvm.","breadcrumb":{"@id":"https:\/\/palmenapo.de\/brueckenhof\/#breadcrumb"},"inLanguage":"de","potentialAction":[{"@type":"ReadAction","target":["https:\/\/palmenapo.de\/brueckenhof\/"]}]},{"@type":"ImageObject","inLanguage":"de","@id":"https:\/\/palmenapo.de\/brueckenhof\/#primaryimage","url":"https:\/\/palmenapo.de\/brueckenhof\/wp-content\/uploads\/sites\/3\/2017\/10\/cropped-Apotheken-mit-Palme-2.jpg","contentUrl":"https:\/\/palmenapo.de\/brueckenhof\/wp-content\/uploads\/sites\/3\/2017\/10\/cropped-Apotheken-mit-Palme-2.jpg","width":170,"height":133,"caption":"Palmen Apotheken Partner"},{"@type":"BreadcrumbList","@id":"https:\/\/palmenapo.de\/brueckenhof\/#breadcrumb","itemListElement":[{"@type":"ListItem","position":1,"name":"Startseite","item":"https:\/\/palmenapo.de\/brueckenhof\/"},{"@type":"ListItem","position":2,"name":"Ihre Kasseler Apotheke ganz in der N\u00e4he"}]},{"@type":"WebSite","@id":"https:\/\/palmenapo.de\/brueckenhof\/#website","url":"https:\/\/palmenapo.de\/brueckenhof\/","name":"Palmen Apotheke Br\u00fcckenhof Kassel","description":"E-Rezept, Gesundheit, Medikamente, in der N\u00e4her, Pflegehilfsmittel, Beratung, Kassel","publisher":{"@id":"https:\/\/palmenapo.de\/brueckenhof\/#organization"},"potentialAction":[{"@type":"SearchAction","target":{"@type":"EntryPoint","urlTemplate":"https:\/\/palmenapo.de\/brueckenhof\/?s={search_term_string}"},"query-input":{"@type":"PropertyValueSpecification","valueRequired":true,"valueName":"search_term_string"}}],"inLanguage":"de"},{"@type":"Organization","@id":"https:\/\/palmenapo.de\/brueckenhof\/#organization","name":"Palmen Apotheke Br\u00fcckenhof Kassel","url":"https:\/\/palmenapo.de\/brueckenhof\/","logo":{"@type":"ImageObject","inLanguage":"de","@id":"https:\/\/palmenapo.de\/brueckenhof\/#\/schema\/logo\/image\/","url":"https:\/\/palmenapo.de\/brueckenhof\/wp-content\/uploads\/sites\/3\/2017\/11\/cropped-Apotheken-mit-Palme.jpg","contentUrl":"https:\/\/palmenapo.de\/brueckenhof\/wp-content\/uploads\/sites\/3\/2017\/11\/cropped-Apotheken-mit-Palme.jpg","width":512,"height":512,"caption":"Palmen Apotheke Br\u00fcckenhof Kassel"},"image":{"@id":"https:\/\/palmenapo.de\/brueckenhof\/#\/schema\/logo\/image\/"},"sameAs":["https:\/\/www.facebook.com\/PalmenApothekeBrueckenhof"]}]}},"_links":{"self":[{"href":"https:\/\/palmenapo.de\/brueckenhof\/wp-json\/wp\/v2\/pages\/571","targetHints":{"allow":["GET"]}}],"collection":[{"href":"https:\/\/palmenapo.de\/brueckenhof\/wp-json\/wp\/v2\/pages"}],"about":[{"href":"https:\/\/palmenapo.de\/brueckenhof\/wp-json\/wp\/v2\/types\/page"}],"author":[{"embeddable":true,"href":"https:\/\/palmenapo.de\/brueckenhof\/wp-json\/wp\/v2\/users\/1"}],"replies":[{"embeddable":true,"href":"https:\/\/palmenapo.de\/brueckenhof\/wp-json\/wp\/v2\/comments?post=571"}],"version-history":[{"count":58,"href":"https:\/\/palmenapo.de\/brueckenhof\/wp-json\/wp\/v2\/pages\/571\/revisions"}],"predecessor-version":[{"id":931,"href":"https:\/\/palmenapo.de\/brueckenhof\/wp-json\/wp\/v2\/pages\/571\/revisions\/931"}],"wp:attachment":[{"href":"https:\/\/palmenapo.de\/brueckenhof\/wp-json\/wp\/v2\/media?parent=571"}],"curies":[{"name":"wp","href":"https:\/\/api.w.org\/{rel}","templated":true}]}}