{"id":409,"date":"2017-11-04T23:57:05","date_gmt":"2017-11-04T22:57:05","guid":{"rendered":"http:\/\/www.synapo.de\/palmenpress\/startseite\/?page_id=409"},"modified":"2017-12-17T11:32:06","modified_gmt":"2017-12-17T10:32:06","slug":"kompressionstherapie","status":"publish","type":"page","link":"https:\/\/palmenapo.de\/brueckenhof\/kompressionstherapie\/","title":{"rendered":"Kompressionstherapie"},"content":{"rendered":"<div class=\"su-row\"><br \/>\n<div class=\"su-column su-column-size-1-2\"><div class=\"su-column-inner su-u-clearfix su-u-trim\"><div class=\"su-spacer\" style=\"height:30px\"><\/div><img fetchpriority=\"high\" decoding=\"async\" class=\"alignnone size-medium wp-image-523\" src=\"http:\/\/www.palmenapo.de\/wp-content\/uploads\/2017\/11\/Kompressionsstrumpf-300x300.jpg\" alt=\"\" width=\"300\" height=\"300\" srcset=\"https:\/\/palmenapo.de\/brueckenhof\/wp-content\/uploads\/sites\/3\/2017\/11\/Kompressionsstrumpf-300x300.jpg 300w, https:\/\/palmenapo.de\/brueckenhof\/wp-content\/uploads\/sites\/3\/2017\/11\/Kompressionsstrumpf-150x150.jpg 150w, https:\/\/palmenapo.de\/brueckenhof\/wp-content\/uploads\/sites\/3\/2017\/11\/Kompressionsstrumpf-768x768.jpg 768w, https:\/\/palmenapo.de\/brueckenhof\/wp-content\/uploads\/sites\/3\/2017\/11\/Kompressionsstrumpf-1024x1024.jpg 1024w\" sizes=\"(max-width: 300px) 100vw, 300px\" \/><\/div><\/div><br \/>\n<div class=\"su-column su-column-size-1-2\"><div class=\"su-column-inner su-u-clearfix su-u-trim\"><\/p>\n<h3>Kompressionsstr\u00fcmpfe \u2013 Hilfe f\u00fcr die Beine<\/h3>\n<p>Venenschw\u00e4che in den Beinen kann viele Beschwerden verursachen. Zur Behandlung stehen Arzt und Apotheke etliche Mittel und Methoden zur Verf\u00fcgung.<br \/>\nEine dieser Methoden, die von den Krankenkassen \u00fcbernommen wird, ist die Kompressionstherapie. Hierbei wird die nat\u00fcrliche Funktion der Beinvenen, die das Blut und damit auch die Gewebsfl\u00fcssigkeiten aus den Beinen herauspumpen sollen, unterst\u00fctzt und dadurch die Beschwerden verringert oder beseitigt.<br \/>\nDiese Kompression kann man durch fachgerechtes Anlegen von speziellen Verb\u00e4nden mit Kompressionsfunktion erreichen.<br \/>\nDas t\u00e4gliche Anlegen solcher Verb\u00e4nde ist sehr aufwendig und erfordert eine gewisse Sachkunde. Daher werden h\u00e4ufig Kompressionsstr\u00fcmpfe oder Kompressionsstrumpfhosen zur Behandlung eingesetzt. Sie verfolgen das gleiche Ziel, sind aber wesentlich leichter in der Handhabung.<br \/>\nAusschlaggebend f\u00fcr eine erfolgreiche Kompressionstherapie ist das genaue Anpassen bzw Abmessen des Strumpfes an das individuell betroffene Bein. Dazu wird m\u00f6glichst direkt morgens nach dem Aufstehen eine genaue \u201eVermessung\u201c der Beine vorgenommen und mit diesen Messwerten der passende Strumpf ausgew\u00e4hlt oder wenn n\u00f6tig auch extra nach Ma\u00df angefertigt.<br \/>\nUnsere Mitarbeiter\/innen haben intensive Schulungen absolviert und stehen Ihnen zum fachgerechten Anmesssen Ihrer Kompressionsstr\u00fcmpfe nach Terminvereinbarung oder oftmals auch spontan gerne zur Verf\u00fcgung.<br \/>\n<\/div><\/div><br \/>\n<\/div>\n","protected":false},"excerpt":{"rendered":"","protected":false},"author":1,"featured_media":0,"parent":0,"menu_order":0,"comment_status":"closed","ping_status":"closed","template":"","meta":{"_acf_changed":false,"footnotes":""},"class_list":["post-409","page","type-page","status-publish","hentry"],"acf":[],"yoast_head":"<!-- This site is optimized with the Yoast SEO plugin v25.0 - https:\/\/yoast.com\/wordpress\/plugins\/seo\/ -->\n<title>Kompressionstherapie - Palmen Apotheke Br\u00fcckenhof<\/title>\n<meta name=\"robots\" content=\"index, follow, max-snippet:-1, max-image-preview:large, max-video-preview:-1\" \/>\n<link rel=\"canonical\" href=\"https:\/\/palmenapo.de\/brueckenhof\/kompressionstherapie\/\" \/>\n<meta property=\"og:locale\" content=\"de_DE\" \/>\n<meta property=\"og:type\" content=\"article\" \/>\n<meta property=\"og:title\" content=\"Kompressionstherapie - Palmen Apotheke Br\u00fcckenhof\" \/>\n<meta property=\"og:url\" content=\"https:\/\/palmenapo.de\/brueckenhof\/kompressionstherapie\/\" \/>\n<meta property=\"og:site_name\" content=\"Palmen Apotheke Br\u00fcckenhof\" \/>\n<meta property=\"article:publisher\" content=\"https:\/\/www.facebook.com\/PalmenApothekeBrueckenhof\" \/>\n<meta property=\"article:modified_time\" content=\"2017-12-17T10:32:06+00:00\" \/>\n<meta property=\"og:image\" content=\"http:\/\/www.palmenapo.de\/wp-content\/uploads\/2017\/11\/Kompressionsstrumpf-300x300.jpg\" \/>\n<meta name=\"twitter:card\" content=\"summary_large_image\" \/>\n<meta name=\"twitter:label1\" content=\"Gesch\u00e4tzte Lesezeit\" \/>\n\t<meta name=\"twitter:data1\" content=\"1\u00a0Minute\" \/>\n<script type=\"application\/ld+json\" class=\"yoast-schema-graph\">{\"@context\":\"https:\/\/schema.org\",\"@graph\":[{\"@type\":\"WebPage\",\"@id\":\"https:\/\/palmenapo.de\/brueckenhof\/kompressionstherapie\/\",\"url\":\"https:\/\/palmenapo.de\/brueckenhof\/kompressionstherapie\/\",\"name\":\"Kompressionstherapie - Palmen Apotheke Br\u00fcckenhof\",\"isPartOf\":{\"@id\":\"https:\/\/palmenapo.de\/brueckenhof\/#website\"},\"primaryImageOfPage\":{\"@id\":\"https:\/\/palmenapo.de\/brueckenhof\/kompressionstherapie\/#primaryimage\"},\"image\":{\"@id\":\"https:\/\/palmenapo.de\/brueckenhof\/kompressionstherapie\/#primaryimage\"},\"thumbnailUrl\":\"http:\/\/www.palmenapo.de\/wp-content\/uploads\/2017\/11\/Kompressionsstrumpf-300x300.jpg\",\"datePublished\":\"2017-11-04T22:57:05+00:00\",\"dateModified\":\"2017-12-17T10:32:06+00:00\",\"breadcrumb\":{\"@id\":\"https:\/\/palmenapo.de\/brueckenhof\/kompressionstherapie\/#breadcrumb\"},\"inLanguage\":\"de\",\"potentialAction\":[{\"@type\":\"ReadAction\",\"target\":[\"https:\/\/palmenapo.de\/brueckenhof\/kompressionstherapie\/\"]}]},{\"@type\":\"ImageObject\",\"inLanguage\":\"de\",\"@id\":\"https:\/\/palmenapo.de\/brueckenhof\/kompressionstherapie\/#primaryimage\",\"url\":\"http:\/\/www.palmenapo.de\/wp-content\/uploads\/2017\/11\/Kompressionsstrumpf-300x300.jpg\",\"contentUrl\":\"http:\/\/www.palmenapo.de\/wp-content\/uploads\/2017\/11\/Kompressionsstrumpf-300x300.jpg\"},{\"@type\":\"BreadcrumbList\",\"@id\":\"https:\/\/palmenapo.de\/brueckenhof\/kompressionstherapie\/#breadcrumb\",\"itemListElement\":[{\"@type\":\"ListItem\",\"position\":1,\"name\":\"Startseite\",\"item\":\"https:\/\/palmenapo.de\/brueckenhof\/\"},{\"@type\":\"ListItem\",\"position\":2,\"name\":\"Kompressionstherapie\"}]},{\"@type\":\"WebSite\",\"@id\":\"https:\/\/palmenapo.de\/brueckenhof\/#website\",\"url\":\"https:\/\/palmenapo.de\/brueckenhof\/\",\"name\":\"Palmen Apotheke Br\u00fcckenhof Kassel\",\"description\":\"E-Rezept, Gesundheit, Medikamente, in der N\u00e4her, Pflegehilfsmittel, Beratung, Kassel\",\"publisher\":{\"@id\":\"https:\/\/palmenapo.de\/brueckenhof\/#organization\"},\"potentialAction\":[{\"@type\":\"SearchAction\",\"target\":{\"@type\":\"EntryPoint\",\"urlTemplate\":\"https:\/\/palmenapo.de\/brueckenhof\/?s={search_term_string}\"},\"query-input\":{\"@type\":\"PropertyValueSpecification\",\"valueRequired\":true,\"valueName\":\"search_term_string\"}}],\"inLanguage\":\"de\"},{\"@type\":\"Organization\",\"@id\":\"https:\/\/palmenapo.de\/brueckenhof\/#organization\",\"name\":\"Palmen Apotheke Br\u00fcckenhof Kassel\",\"url\":\"https:\/\/palmenapo.de\/brueckenhof\/\",\"logo\":{\"@type\":\"ImageObject\",\"inLanguage\":\"de\",\"@id\":\"https:\/\/palmenapo.de\/brueckenhof\/#\/schema\/logo\/image\/\",\"url\":\"https:\/\/palmenapo.de\/brueckenhof\/wp-content\/uploads\/sites\/3\/2017\/11\/cropped-Apotheken-mit-Palme.jpg\",\"contentUrl\":\"https:\/\/palmenapo.de\/brueckenhof\/wp-content\/uploads\/sites\/3\/2017\/11\/cropped-Apotheken-mit-Palme.jpg\",\"width\":512,\"height\":512,\"caption\":\"Palmen Apotheke Br\u00fcckenhof Kassel\"},\"image\":{\"@id\":\"https:\/\/palmenapo.de\/brueckenhof\/#\/schema\/logo\/image\/\"},\"sameAs\":[\"https:\/\/www.facebook.com\/PalmenApothekeBrueckenhof\"]}]}<\/script>\n<!-- \/ Yoast SEO plugin. -->","yoast_head_json":{"title":"Kompressionstherapie - Palmen Apotheke Br\u00fcckenhof","robots":{"index":"index","follow":"follow","max-snippet":"max-snippet:-1","max-image-preview":"max-image-preview:large","max-video-preview":"max-video-preview:-1"},"canonical":"https:\/\/palmenapo.de\/brueckenhof\/kompressionstherapie\/","og_locale":"de_DE","og_type":"article","og_title":"Kompressionstherapie - Palmen Apotheke Br\u00fcckenhof","og_url":"https:\/\/palmenapo.de\/brueckenhof\/kompressionstherapie\/","og_site_name":"Palmen Apotheke Br\u00fcckenhof","article_publisher":"https:\/\/www.facebook.com\/PalmenApothekeBrueckenhof","article_modified_time":"2017-12-17T10:32:06+00:00","og_image":[{"url":"http:\/\/www.palmenapo.de\/wp-content\/uploads\/2017\/11\/Kompressionsstrumpf-300x300.jpg","type":"","width":"","height":""}],"twitter_card":"summary_large_image","twitter_misc":{"Gesch\u00e4tzte Lesezeit":"1\u00a0Minute"},"schema":{"@context":"https:\/\/schema.org","@graph":[{"@type":"WebPage","@id":"https:\/\/palmenapo.de\/brueckenhof\/kompressionstherapie\/","url":"https:\/\/palmenapo.de\/brueckenhof\/kompressionstherapie\/","name":"Kompressionstherapie - Palmen Apotheke Br\u00fcckenhof","isPartOf":{"@id":"https:\/\/palmenapo.de\/brueckenhof\/#website"},"primaryImageOfPage":{"@id":"https:\/\/palmenapo.de\/brueckenhof\/kompressionstherapie\/#primaryimage"},"image":{"@id":"https:\/\/palmenapo.de\/brueckenhof\/kompressionstherapie\/#primaryimage"},"thumbnailUrl":"http:\/\/www.palmenapo.de\/wp-content\/uploads\/2017\/11\/Kompressionsstrumpf-300x300.jpg","datePublished":"2017-11-04T22:57:05+00:00","dateModified":"2017-12-17T10:32:06+00:00","breadcrumb":{"@id":"https:\/\/palmenapo.de\/brueckenhof\/kompressionstherapie\/#breadcrumb"},"inLanguage":"de","potentialAction":[{"@type":"ReadAction","target":["https:\/\/palmenapo.de\/brueckenhof\/kompressionstherapie\/"]}]},{"@type":"ImageObject","inLanguage":"de","@id":"https:\/\/palmenapo.de\/brueckenhof\/kompressionstherapie\/#primaryimage","url":"http:\/\/www.palmenapo.de\/wp-content\/uploads\/2017\/11\/Kompressionsstrumpf-300x300.jpg","contentUrl":"http:\/\/www.palmenapo.de\/wp-content\/uploads\/2017\/11\/Kompressionsstrumpf-300x300.jpg"},{"@type":"BreadcrumbList","@id":"https:\/\/palmenapo.de\/brueckenhof\/kompressionstherapie\/#breadcrumb","itemListElement":[{"@type":"ListItem","position":1,"name":"Startseite","item":"https:\/\/palmenapo.de\/brueckenhof\/"},{"@type":"ListItem","position":2,"name":"Kompressionstherapie"}]},{"@type":"WebSite","@id":"https:\/\/palmenapo.de\/brueckenhof\/#website","url":"https:\/\/palmenapo.de\/brueckenhof\/","name":"Palmen Apotheke Br\u00fcckenhof Kassel","description":"E-Rezept, Gesundheit, Medikamente, in der N\u00e4her, Pflegehilfsmittel, Beratung, Kassel","publisher":{"@id":"https:\/\/palmenapo.de\/brueckenhof\/#organization"},"potentialAction":[{"@type":"SearchAction","target":{"@type":"EntryPoint","urlTemplate":"https:\/\/palmenapo.de\/brueckenhof\/?s={search_term_string}"},"query-input":{"@type":"PropertyValueSpecification","valueRequired":true,"valueName":"search_term_string"}}],"inLanguage":"de"},{"@type":"Organization","@id":"https:\/\/palmenapo.de\/brueckenhof\/#organization","name":"Palmen Apotheke Br\u00fcckenhof Kassel","url":"https:\/\/palmenapo.de\/brueckenhof\/","logo":{"@type":"ImageObject","inLanguage":"de","@id":"https:\/\/palmenapo.de\/brueckenhof\/#\/schema\/logo\/image\/","url":"https:\/\/palmenapo.de\/brueckenhof\/wp-content\/uploads\/sites\/3\/2017\/11\/cropped-Apotheken-mit-Palme.jpg","contentUrl":"https:\/\/palmenapo.de\/brueckenhof\/wp-content\/uploads\/sites\/3\/2017\/11\/cropped-Apotheken-mit-Palme.jpg","width":512,"height":512,"caption":"Palmen Apotheke Br\u00fcckenhof Kassel"},"image":{"@id":"https:\/\/palmenapo.de\/brueckenhof\/#\/schema\/logo\/image\/"},"sameAs":["https:\/\/www.facebook.com\/PalmenApothekeBrueckenhof"]}]}},"_links":{"self":[{"href":"https:\/\/palmenapo.de\/brueckenhof\/wp-json\/wp\/v2\/pages\/409","targetHints":{"allow":["GET"]}}],"collection":[{"href":"https:\/\/palmenapo.de\/brueckenhof\/wp-json\/wp\/v2\/pages"}],"about":[{"href":"https:\/\/palmenapo.de\/brueckenhof\/wp-json\/wp\/v2\/types\/page"}],"author":[{"embeddable":true,"href":"https:\/\/palmenapo.de\/brueckenhof\/wp-json\/wp\/v2\/users\/1"}],"replies":[{"embeddable":true,"href":"https:\/\/palmenapo.de\/brueckenhof\/wp-json\/wp\/v2\/comments?post=409"}],"version-history":[{"count":1,"href":"https:\/\/palmenapo.de\/brueckenhof\/wp-json\/wp\/v2\/pages\/409\/revisions"}],"predecessor-version":[{"id":605,"href":"https:\/\/palmenapo.de\/brueckenhof\/wp-json\/wp\/v2\/pages\/409\/revisions\/605"}],"wp:attachment":[{"href":"https:\/\/palmenapo.de\/brueckenhof\/wp-json\/wp\/v2\/media?parent=409"}],"curies":[{"name":"wp","href":"https:\/\/api.w.org\/{rel}","templated":true}]}}