{"id":348,"date":"2017-11-04T17:49:55","date_gmt":"2017-11-04T16:49:55","guid":{"rendered":"http:\/\/www.synapo.de\/palmenpress\/startseite\/?page_id=348"},"modified":"2017-12-17T11:33:38","modified_gmt":"2017-12-17T10:33:38","slug":"kundenkarte","status":"publish","type":"page","link":"https:\/\/palmenapo.de\/brueckenhof\/kundenkarte\/","title":{"rendered":"Kundenkarte"},"content":{"rendered":"<div class=\"su-row\"><br \/>\n<div class=\"su-column su-column-size-1-2\"><div class=\"su-column-inner su-u-clearfix su-u-trim\"><img fetchpriority=\"high\" decoding=\"async\" src=\"http:\/\/www.palmenapo.de\/wp-content\/uploads\/2017\/11\/Kundenkarte-300x227.jpg\" alt=\"\" width=\"300\" height=\"227\" class=\"alignnone size-medium wp-image-388\" srcset=\"https:\/\/palmenapo.de\/brueckenhof\/wp-content\/uploads\/sites\/3\/2017\/11\/Kundenkarte-300x227.jpg 300w, https:\/\/palmenapo.de\/brueckenhof\/wp-content\/uploads\/sites\/3\/2017\/11\/Kundenkarte-768x582.jpg 768w, https:\/\/palmenapo.de\/brueckenhof\/wp-content\/uploads\/sites\/3\/2017\/11\/Kundenkarte-1024x776.jpg 1024w\" sizes=\"(max-width: 300px) 100vw, 300px\" \/><\/div><\/div><br \/>\n<div class=\"su-column su-column-size-1-2\"><div class=\"su-column-inner su-u-clearfix su-u-trim\"><br \/>\n<div class=\"su-spacer\" style=\"height:90px\"><\/div><\/p>\n<h2>Jetzt Vorteile sichern!<\/h2>\n<h3>&#8222;Durch die Stammkundenkarte der Palmen Apotheke rund um gut versorgt&#8220;<\/h3>\n<p><\/div><\/div><br \/>\n<\/div>\n<div class=\"su-spacer\" style=\"height:30px\"><\/div>\n<div class=\"su-row\"><br \/>\n<div class=\"su-column su-column-size-1-3\"><div class=\"su-column-inner su-u-clearfix su-u-trim\"><div class=\"su-spacer\" style=\"height:30px\"><\/div><\/p>\n<h3>Wechselwirkungscheck Ihrer Arzneimittel!<\/h3>\n<p>Entstehen beim gekauften Erk\u00e4ltungspr\u00e4parat Wechselwirkungen zu einem Ihrer anderen Medikamente, so k\u00f6nnen wir mit der Stammkundenkarte der Palmen Apotheke-Innenstadt die Wechselwirkungen sofort erkennen, auch wenn Sie Ihre anderen Medikamente bereits vor Wochen bei uns gekauft haben.<br \/>\n<\/div><\/div><\/p>\n<p><div class=\"su-column su-column-size-1-3\"><div class=\"su-column-inner su-u-clearfix su-u-trim\"><div class=\"su-spacer\" style=\"height:30px\"><\/div><\/p>\n<h3>St\u00e4ndig gut beraten<\/h3>\n<p>Sie wollen nicht st\u00e4ndig andere Medikamente bekommen? Wir wissen, welche Medikamente Ihnen beim letzten Mal gut geholfen haben &#8211; ob wichtige Rabattvertagsarzneimittel oder auch nur die Bonbons mit dem leckeren Geschmack.<br \/>\n<\/div><\/div><br \/>\n<div class=\"su-column su-column-size-1-3\"><div class=\"su-column-inner su-u-clearfix su-u-trim\"><div class=\"su-spacer\" style=\"height:30px\"><\/div><\/p>\n<h3>\u00dcbersicht Ihrer Zuzahlungen<\/h3>\n<p>Wir erfassen alle Ihre Rezeptzuzahlungen. Am Ende eines Jahres erhalten Sie von uns auf Wunsch eine Einzelauflistung Ihrer Zuzahlungen als Nachweis f\u00fcr die Krankenkasse. Unter bestimmten Voraussetzungen sparen Sie bares Geld und auch eine R\u00fcckerstattung der zuviel gezahlten Zuzahlungen ist unter Umst\u00e4nden R\u00fcckwirkend m\u00f6glich \u2013 Fragen Sie Ihre Krankenkasse.<br \/>\n<\/div><\/div><br \/>\n<\/div>\n<div class=\"su-row\"><br \/>\n<div class=\"su-column su-column-size-1-3\"><div class=\"su-column-inner su-u-clearfix su-u-trim\"><div class=\"su-spacer\" style=\"height:30px\"><\/div><\/p>\n<h3>\u201eBefreit\u201c oder nicht \u2013 wir wissen\u00b4s!<\/h3>\n<p>Mit Ihrer pers\u00f6nlichen Stammkundenkarte k\u00f6nnen Sie Ihren Befreiungsausweis zu Hause lassen. Wir hinterlegen nur einmal im Jahr Ihre Befreiung von den Rezeptzuzahlungen im System.<br \/>\n<\/div><\/div><\/p>\n<p><div class=\"su-column su-column-size-1-3\"><div class=\"su-column-inner su-u-clearfix su-u-trim\"><div class=\"su-spacer\" style=\"height:30px\"><\/div><\/p>\n<h3>Jahresabrechnung f\u00fcr das Finanzamt<\/h3>\n<p>Am Jahresende bekommen Sie von uns auf Wunsch eine Auflistung Ihrer gesamten Aufwendungen zum Nachweis au\u00dfergew\u00f6hnlicher Belastungen beim Finanzamt.<br \/>\n<\/div><\/div><\/p>\n<p><div class=\"su-column su-column-size-1-3\"><div class=\"su-column-inner su-u-clearfix su-u-trim\"><div class=\"su-spacer\" style=\"height:30px\"><\/div><\/p>\n<h3>Datenschutz nehmen wir sehr ernst<\/h3>\n<p>Bitte beachten Sie, dass die Speicherung der von Ihnen angegebenen Daten zur Nutzung der Stammkundenkarte notwendig ist. Wir werden Ihre Daten streng vertraulich behandeln und niemals an Dritte weitergebe. Auf Ihren Wunsch hin werden wir Ihre Daten unverz\u00fcglich und ohne b\u00fcrokratischen Aufwand l\u00f6schen.<br \/>\n<\/div><\/div><br \/>\n<\/div>\n<div class=\"su-row\"><br \/>\n<div class=\"su-column su-column-size-1-3\"><div class=\"su-column-inner su-u-clearfix su-u-trim\"><div class=\"su-spacer\" style=\"height:30px\"><\/div><\/p>\n<h3>\u00dcbrigens:<\/h3>\n<p>Sollten Sie Ihre Stammkundenkarte vergessen haben \u2013 Wir finden Sie auch \u00fcber Ihren Namen!<br \/>\n<\/div><\/div><\/p>\n<p><div class=\"su-column su-column-size-1-3\"><div class=\"su-column-inner su-u-clearfix su-u-trim\"><div class=\"su-spacer\" style=\"height:30px\"><\/div><\/p>\n<h3>Das Antragsformluar<\/h3>\n<p>liegt jederzeit bei uns in der Apotheke bereit. Ihre neue Stammkundenkarte bekommen Sie anschlie\u00dfend mit der Post zugestellt, oder auch gerne sofort!<\/div><\/div><br \/>\n<div class=\"su-column su-column-size-1-3\"><div class=\"su-column-inner su-u-clearfix su-u-trim\"><\/div><\/div><br \/>\n<\/div>\n","protected":false},"excerpt":{"rendered":"","protected":false},"author":1,"featured_media":0,"parent":0,"menu_order":0,"comment_status":"closed","ping_status":"closed","template":"","meta":{"_acf_changed":false,"footnotes":""},"class_list":["post-348","page","type-page","status-publish","hentry"],"acf":[],"yoast_head":"<!-- This site is optimized with the Yoast SEO plugin v25.0 - https:\/\/yoast.com\/wordpress\/plugins\/seo\/ -->\n<title>Kundenkarte - Palmen Apotheke Br\u00fcckenhof<\/title>\n<meta name=\"robots\" content=\"index, follow, max-snippet:-1, max-image-preview:large, max-video-preview:-1\" \/>\n<link rel=\"canonical\" href=\"https:\/\/palmenapo.de\/brueckenhof\/kundenkarte\/\" \/>\n<meta property=\"og:locale\" content=\"de_DE\" \/>\n<meta property=\"og:type\" content=\"article\" \/>\n<meta property=\"og:title\" content=\"Kundenkarte - Palmen Apotheke Br\u00fcckenhof\" \/>\n<meta property=\"og:url\" content=\"https:\/\/palmenapo.de\/brueckenhof\/kundenkarte\/\" \/>\n<meta property=\"og:site_name\" content=\"Palmen Apotheke Br\u00fcckenhof\" \/>\n<meta property=\"article:publisher\" content=\"https:\/\/www.facebook.com\/PalmenApothekeBrueckenhof\" \/>\n<meta property=\"article:modified_time\" content=\"2017-12-17T10:33:38+00:00\" \/>\n<meta property=\"og:image\" content=\"http:\/\/www.palmenapo.de\/wp-content\/uploads\/2017\/11\/Kundenkarte-300x227.jpg\" \/>\n<meta name=\"twitter:card\" content=\"summary_large_image\" \/>\n<meta name=\"twitter:label1\" content=\"Gesch\u00e4tzte Lesezeit\" \/>\n\t<meta name=\"twitter:data1\" content=\"2\u00a0Minuten\" \/>\n<script type=\"application\/ld+json\" class=\"yoast-schema-graph\">{\"@context\":\"https:\/\/schema.org\",\"@graph\":[{\"@type\":\"WebPage\",\"@id\":\"https:\/\/palmenapo.de\/brueckenhof\/kundenkarte\/\",\"url\":\"https:\/\/palmenapo.de\/brueckenhof\/kundenkarte\/\",\"name\":\"Kundenkarte - Palmen Apotheke Br\u00fcckenhof\",\"isPartOf\":{\"@id\":\"https:\/\/palmenapo.de\/brueckenhof\/#website\"},\"primaryImageOfPage\":{\"@id\":\"https:\/\/palmenapo.de\/brueckenhof\/kundenkarte\/#primaryimage\"},\"image\":{\"@id\":\"https:\/\/palmenapo.de\/brueckenhof\/kundenkarte\/#primaryimage\"},\"thumbnailUrl\":\"http:\/\/www.palmenapo.de\/wp-content\/uploads\/2017\/11\/Kundenkarte-300x227.jpg\",\"datePublished\":\"2017-11-04T16:49:55+00:00\",\"dateModified\":\"2017-12-17T10:33:38+00:00\",\"breadcrumb\":{\"@id\":\"https:\/\/palmenapo.de\/brueckenhof\/kundenkarte\/#breadcrumb\"},\"inLanguage\":\"de\",\"potentialAction\":[{\"@type\":\"ReadAction\",\"target\":[\"https:\/\/palmenapo.de\/brueckenhof\/kundenkarte\/\"]}]},{\"@type\":\"ImageObject\",\"inLanguage\":\"de\",\"@id\":\"https:\/\/palmenapo.de\/brueckenhof\/kundenkarte\/#primaryimage\",\"url\":\"http:\/\/www.palmenapo.de\/wp-content\/uploads\/2017\/11\/Kundenkarte-300x227.jpg\",\"contentUrl\":\"http:\/\/www.palmenapo.de\/wp-content\/uploads\/2017\/11\/Kundenkarte-300x227.jpg\"},{\"@type\":\"BreadcrumbList\",\"@id\":\"https:\/\/palmenapo.de\/brueckenhof\/kundenkarte\/#breadcrumb\",\"itemListElement\":[{\"@type\":\"ListItem\",\"position\":1,\"name\":\"Startseite\",\"item\":\"https:\/\/palmenapo.de\/brueckenhof\/\"},{\"@type\":\"ListItem\",\"position\":2,\"name\":\"Kundenkarte\"}]},{\"@type\":\"WebSite\",\"@id\":\"https:\/\/palmenapo.de\/brueckenhof\/#website\",\"url\":\"https:\/\/palmenapo.de\/brueckenhof\/\",\"name\":\"Palmen Apotheke Br\u00fcckenhof Kassel\",\"description\":\"E-Rezept, Gesundheit, Medikamente, in der N\u00e4her, Pflegehilfsmittel, Beratung, Kassel\",\"publisher\":{\"@id\":\"https:\/\/palmenapo.de\/brueckenhof\/#organization\"},\"potentialAction\":[{\"@type\":\"SearchAction\",\"target\":{\"@type\":\"EntryPoint\",\"urlTemplate\":\"https:\/\/palmenapo.de\/brueckenhof\/?s={search_term_string}\"},\"query-input\":{\"@type\":\"PropertyValueSpecification\",\"valueRequired\":true,\"valueName\":\"search_term_string\"}}],\"inLanguage\":\"de\"},{\"@type\":\"Organization\",\"@id\":\"https:\/\/palmenapo.de\/brueckenhof\/#organization\",\"name\":\"Palmen Apotheke Br\u00fcckenhof Kassel\",\"url\":\"https:\/\/palmenapo.de\/brueckenhof\/\",\"logo\":{\"@type\":\"ImageObject\",\"inLanguage\":\"de\",\"@id\":\"https:\/\/palmenapo.de\/brueckenhof\/#\/schema\/logo\/image\/\",\"url\":\"https:\/\/palmenapo.de\/brueckenhof\/wp-content\/uploads\/sites\/3\/2017\/11\/cropped-Apotheken-mit-Palme.jpg\",\"contentUrl\":\"https:\/\/palmenapo.de\/brueckenhof\/wp-content\/uploads\/sites\/3\/2017\/11\/cropped-Apotheken-mit-Palme.jpg\",\"width\":512,\"height\":512,\"caption\":\"Palmen Apotheke Br\u00fcckenhof Kassel\"},\"image\":{\"@id\":\"https:\/\/palmenapo.de\/brueckenhof\/#\/schema\/logo\/image\/\"},\"sameAs\":[\"https:\/\/www.facebook.com\/PalmenApothekeBrueckenhof\"]}]}<\/script>\n<!-- \/ Yoast SEO plugin. -->","yoast_head_json":{"title":"Kundenkarte - Palmen Apotheke Br\u00fcckenhof","robots":{"index":"index","follow":"follow","max-snippet":"max-snippet:-1","max-image-preview":"max-image-preview:large","max-video-preview":"max-video-preview:-1"},"canonical":"https:\/\/palmenapo.de\/brueckenhof\/kundenkarte\/","og_locale":"de_DE","og_type":"article","og_title":"Kundenkarte - Palmen Apotheke Br\u00fcckenhof","og_url":"https:\/\/palmenapo.de\/brueckenhof\/kundenkarte\/","og_site_name":"Palmen Apotheke Br\u00fcckenhof","article_publisher":"https:\/\/www.facebook.com\/PalmenApothekeBrueckenhof","article_modified_time":"2017-12-17T10:33:38+00:00","og_image":[{"url":"http:\/\/www.palmenapo.de\/wp-content\/uploads\/2017\/11\/Kundenkarte-300x227.jpg","type":"","width":"","height":""}],"twitter_card":"summary_large_image","twitter_misc":{"Gesch\u00e4tzte Lesezeit":"2\u00a0Minuten"},"schema":{"@context":"https:\/\/schema.org","@graph":[{"@type":"WebPage","@id":"https:\/\/palmenapo.de\/brueckenhof\/kundenkarte\/","url":"https:\/\/palmenapo.de\/brueckenhof\/kundenkarte\/","name":"Kundenkarte - Palmen Apotheke Br\u00fcckenhof","isPartOf":{"@id":"https:\/\/palmenapo.de\/brueckenhof\/#website"},"primaryImageOfPage":{"@id":"https:\/\/palmenapo.de\/brueckenhof\/kundenkarte\/#primaryimage"},"image":{"@id":"https:\/\/palmenapo.de\/brueckenhof\/kundenkarte\/#primaryimage"},"thumbnailUrl":"http:\/\/www.palmenapo.de\/wp-content\/uploads\/2017\/11\/Kundenkarte-300x227.jpg","datePublished":"2017-11-04T16:49:55+00:00","dateModified":"2017-12-17T10:33:38+00:00","breadcrumb":{"@id":"https:\/\/palmenapo.de\/brueckenhof\/kundenkarte\/#breadcrumb"},"inLanguage":"de","potentialAction":[{"@type":"ReadAction","target":["https:\/\/palmenapo.de\/brueckenhof\/kundenkarte\/"]}]},{"@type":"ImageObject","inLanguage":"de","@id":"https:\/\/palmenapo.de\/brueckenhof\/kundenkarte\/#primaryimage","url":"http:\/\/www.palmenapo.de\/wp-content\/uploads\/2017\/11\/Kundenkarte-300x227.jpg","contentUrl":"http:\/\/www.palmenapo.de\/wp-content\/uploads\/2017\/11\/Kundenkarte-300x227.jpg"},{"@type":"BreadcrumbList","@id":"https:\/\/palmenapo.de\/brueckenhof\/kundenkarte\/#breadcrumb","itemListElement":[{"@type":"ListItem","position":1,"name":"Startseite","item":"https:\/\/palmenapo.de\/brueckenhof\/"},{"@type":"ListItem","position":2,"name":"Kundenkarte"}]},{"@type":"WebSite","@id":"https:\/\/palmenapo.de\/brueckenhof\/#website","url":"https:\/\/palmenapo.de\/brueckenhof\/","name":"Palmen Apotheke Br\u00fcckenhof Kassel","description":"E-Rezept, Gesundheit, Medikamente, in der N\u00e4her, Pflegehilfsmittel, Beratung, Kassel","publisher":{"@id":"https:\/\/palmenapo.de\/brueckenhof\/#organization"},"potentialAction":[{"@type":"SearchAction","target":{"@type":"EntryPoint","urlTemplate":"https:\/\/palmenapo.de\/brueckenhof\/?s={search_term_string}"},"query-input":{"@type":"PropertyValueSpecification","valueRequired":true,"valueName":"search_term_string"}}],"inLanguage":"de"},{"@type":"Organization","@id":"https:\/\/palmenapo.de\/brueckenhof\/#organization","name":"Palmen Apotheke Br\u00fcckenhof Kassel","url":"https:\/\/palmenapo.de\/brueckenhof\/","logo":{"@type":"ImageObject","inLanguage":"de","@id":"https:\/\/palmenapo.de\/brueckenhof\/#\/schema\/logo\/image\/","url":"https:\/\/palmenapo.de\/brueckenhof\/wp-content\/uploads\/sites\/3\/2017\/11\/cropped-Apotheken-mit-Palme.jpg","contentUrl":"https:\/\/palmenapo.de\/brueckenhof\/wp-content\/uploads\/sites\/3\/2017\/11\/cropped-Apotheken-mit-Palme.jpg","width":512,"height":512,"caption":"Palmen Apotheke Br\u00fcckenhof Kassel"},"image":{"@id":"https:\/\/palmenapo.de\/brueckenhof\/#\/schema\/logo\/image\/"},"sameAs":["https:\/\/www.facebook.com\/PalmenApothekeBrueckenhof"]}]}},"_links":{"self":[{"href":"https:\/\/palmenapo.de\/brueckenhof\/wp-json\/wp\/v2\/pages\/348","targetHints":{"allow":["GET"]}}],"collection":[{"href":"https:\/\/palmenapo.de\/brueckenhof\/wp-json\/wp\/v2\/pages"}],"about":[{"href":"https:\/\/palmenapo.de\/brueckenhof\/wp-json\/wp\/v2\/types\/page"}],"author":[{"embeddable":true,"href":"https:\/\/palmenapo.de\/brueckenhof\/wp-json\/wp\/v2\/users\/1"}],"replies":[{"embeddable":true,"href":"https:\/\/palmenapo.de\/brueckenhof\/wp-json\/wp\/v2\/comments?post=348"}],"version-history":[{"count":2,"href":"https:\/\/palmenapo.de\/brueckenhof\/wp-json\/wp\/v2\/pages\/348\/revisions"}],"predecessor-version":[{"id":608,"href":"https:\/\/palmenapo.de\/brueckenhof\/wp-json\/wp\/v2\/pages\/348\/revisions\/608"}],"wp:attachment":[{"href":"https:\/\/palmenapo.de\/brueckenhof\/wp-json\/wp\/v2\/media?parent=348"}],"curies":[{"name":"wp","href":"https:\/\/api.w.org\/{rel}","templated":true}]}}