{"id":324,"date":"2017-11-03T22:20:03","date_gmt":"2017-11-03T21:20:03","guid":{"rendered":"http:\/\/www.synapo.de\/palmenpress\/startseite\/?page_id=324"},"modified":"2017-12-17T11:22:19","modified_gmt":"2017-12-17T10:22:19","slug":"check-ups","status":"publish","type":"page","link":"https:\/\/palmenapo.de\/brueckenhof\/check-ups\/","title":{"rendered":"Check-Ups"},"content":{"rendered":"<div class=\"su-row\"><br \/>\n<div class=\"su-column su-column-size-1-2\"><div class=\"su-column-inner su-u-clearfix su-u-trim\"><img fetchpriority=\"high\" decoding=\"async\" src=\"http:\/\/www.palmenapo.de\/wp-content\/uploads\/2017\/11\/haekchenmann1-300x300.jpg\" alt=\"\" width=\"300\" height=\"300\" class=\"alignnone size-medium wp-image-358\" srcset=\"https:\/\/palmenapo.de\/brueckenhof\/wp-content\/uploads\/sites\/3\/2017\/11\/haekchenmann1-300x300.jpg 300w, https:\/\/palmenapo.de\/brueckenhof\/wp-content\/uploads\/sites\/3\/2017\/11\/haekchenmann1-150x150.jpg 150w, https:\/\/palmenapo.de\/brueckenhof\/wp-content\/uploads\/sites\/3\/2017\/11\/haekchenmann1-768x768.jpg 768w, https:\/\/palmenapo.de\/brueckenhof\/wp-content\/uploads\/sites\/3\/2017\/11\/haekchenmann1-1024x1024.jpg 1024w\" sizes=\"(max-width: 300px) 100vw, 300px\" \/><\/div><\/div><\/p>\n<p><div class=\"su-column su-column-size-1-2\"><div class=\"su-column-inner su-u-clearfix su-u-trim\"><div class=\"su-spacer\" style=\"height:90px\"><\/div><\/p>\n<h2>Professionelle Check-ups<\/h2>\n<h3>&#8222;Unsere Messger\u00e4te unterliegen dem neusten standard und werden regelm\u00e4\u00dfig geeicht und auf ihre Messgenauigkeit \u00fcberpr\u00fcft&#8220;<\/h3>\n<p><\/div><\/div><\/div>\n<div class=\"su-spacer\" style=\"height:30px\"><\/div>\n<div class=\"su-row\"><br \/>\n<div class=\"su-column su-column-size-1-3\"><div class=\"su-column-inner su-u-clearfix su-u-trim\"><div class=\"su-spacer\" style=\"height:30px\"><\/div><br \/>\n<div class=\"su-expand su-expand-collapsed su-expand-link-style-default\" data-height=\"100\"><div class=\"su-expand-content su-u-trim\" style=\"color:#333333;max-height:100px;overflow:hidden\"><\/p>\n<h3>Blutzuckermessung<\/h3>\n<p>Ein zu hoher Blutzucker tut zwar nicht weh, kann aber auf Dauer zu Diabetes f\u00fchren &#8211; eine St\u00f6rung des Blutzuckerstoffwechsels.<br \/>\nIn Deutschland hat Diabetes in den letzten Jahren stark zugenommen. Derzeit sind etwa acht Mio Diabetiker in \u00e4rztlicher Behandlung, und vermutlich mindestens zwei Mio sind unentdeckt.<br \/>\nWird ein Diabetes l\u00e4ngere Zeit nicht erkannt, k\u00f6nnen lebensnotwendige Organe gesch\u00e4digt werden. Mit der Blutzuckerbestimmung k\u00f6nnen Sie einen manifesten Diabetes mellitus erkennen.<\/p>\n<p>Haben Sie weitere Fragen zur Erkrankung Diabetes? Gerne helfen wir Ihnen weiter.<br \/>\nWichtige Informationen und Ratschl\u00e4ge k\u00f6nnen Sie auch im monatlich neu erscheinende Diabetiker-Ratgeber nachlesen &#8211; bei uns kostenlos f\u00fcr Sie erh\u00e4ltlich.<br \/>\n<\/div><div class=\"su-expand-link su-expand-link-more\" style=\"text-align:left\"><a href=\"javascript:;\" style=\"color:#0088FF;border-color:#0088FF\"><span style=\"border-color:#0088FF\">Mehr anzeigen<\/span><\/a><\/div><div class=\"su-expand-link su-expand-link-less\" style=\"text-align:left\"><a href=\"javascript:;\" style=\"color:#0088FF;border-color:#0088FF\"><span style=\"border-color:#0088FF\">Weniger anzeigen<\/span><\/a><\/div><\/div><br \/>\n<\/div><\/div><\/p>\n<p><div class=\"su-column su-column-size-1-3\"><div class=\"su-column-inner su-u-clearfix su-u-trim\"><div class=\"su-spacer\" style=\"height:30px\"><\/div><br \/>\n<div class=\"su-expand su-expand-collapsed su-expand-link-style-default\" data-height=\"100\"><div class=\"su-expand-content su-u-trim\" style=\"color:#333333;max-height:100px;overflow:hidden\"><\/p>\n<h3>Reise-Impfberatung<\/h3>\n<p>Um bei Ihrer Reise gesundheitliche Risiken zu vermeiden, bieten wir Ihnen eine ausf\u00fchrliche und pers\u00f6nliche Impfberatung f\u00fcr Ihr Reiseziel an.<\/p>\n<p>wussten Sie bereits, dass<br \/>\n&#8211; \u00fcber die H\u00e4lfte aller Tropenurlauber w\u00e4hrend der Reise erkranken.<br \/>\n&#8211; j\u00e4hrlich ca. 20 Bundesb\u00fcrger an Malaria sterben.<br \/>\n&#8211; unsere Fernreiseimpfberatung Ihnen behilflich ist, die bestm\u00f6gliche Gesundheitsvorsorge zu treffen.<\/p>\n<p>Wir weisen nicht nur auf die n\u00f6tigen Impfungen hin, sondern erstellen Ihnen auch ein komplettes Impfschema.<\/p>\n<p>Was ben\u00f6tigen wir daf\u00fcr?<br \/>\n&#8211; Urlaubsziel<br \/>\n&#8211; Abreisedatum<br \/>\n&#8211; Art und Dauer des Aufenthalts<br \/>\n&#8211; Vorhandene Impfungen (Wenn m\u00f6glich Impfausweis mitbringen)<br \/>\n&#8211; Angabe zu chronischen Erkankungen<\/p>\n<p>Mit diesen Angaben erarbeiten wir f\u00fcr Sie einen auf Ihre Person zugeschnittenen Impfplan und informieren Sie \u00fcber l\u00e4nderspezifische Infektionserkrankungen. Gerne unterst\u00fctzen wir Sie auch bei der Zusammenstellung Ihrer Reiseapotheke und beraten sie selbstverst\u00e4ndlich auch in allen anderen Gesundheitsfragen auf Ihrer Reise. Einen wundersch\u00f6nen Urlaub w\u00fcnscht Ihnen das Team Ihrer Palmen Apotheke. Kommen Sie gesund und erholt wieder nach Hause.<br \/>\n<\/div><div class=\"su-expand-link su-expand-link-more\" style=\"text-align:left\"><a href=\"javascript:;\" style=\"color:#0088FF;border-color:#0088FF\"><span style=\"border-color:#0088FF\">Mehr anzeigen<\/span><\/a><\/div><div class=\"su-expand-link su-expand-link-less\" style=\"text-align:left\"><a href=\"javascript:;\" style=\"color:#0088FF;border-color:#0088FF\"><span style=\"border-color:#0088FF\">Weniger anzeigen<\/span><\/a><\/div><\/div><br \/>\n<\/div><\/div><\/p>\n<p><div class=\"su-column su-column-size-1-3\"><div class=\"su-column-inner su-u-clearfix su-u-trim\"><div class=\"su-spacer\" style=\"height:30px\"><\/div><br \/>\n<div class=\"su-expand su-expand-collapsed su-expand-link-style-default\" data-height=\"100\"><div class=\"su-expand-content su-u-trim\" style=\"color:#333333;max-height:100px;overflow:hidden\"><\/p>\n<h3>Blutdruckmessung<\/h3>\n<p>\u00dcber zehn Mio Menschen in Deutschland leiden an Bluthochdruck. Die meisten von Ihnen wissen es noch nicht einmal, da sich viele Betroffene gesund f\u00fchlen und keine Symptome zeigen<\/p>\n<p>Bluthochdruck und seine Ursachen:<br \/>\nDerzeit ist die Ursache weitestgehend unbekannt. Einige Faktoren, \u00dcbergewicht, Stress, famili\u00e4re Veranlagung, falsche Ern\u00e4hrung, Nikotin, Alkohol und Bewegungsarmut beg\u00fcnstigen allerdings die Entwicklung dieser Erkrankung.<\/p>\n<p>Risiken:<br \/>\nBei unbehandeltem Bluthochdruck drohen gef\u00e4hrlichen Folgeerkrankungen wie Nieren\u2013 versagen, Schlaganfall oder Herzinfarkt. Daher sollten sich Menschen mit dieser Erkrankung dringend in \u00e4rztliche Behandlung begeben. In unserer Apotheke messen wir Ihren Blutdruck schnell und einfach. Dazu steht Ihnen unser Team rund um die Uhr zur Verf\u00fcgung.<br \/>\n<\/div><div class=\"su-expand-link su-expand-link-more\" style=\"text-align:left\"><a href=\"javascript:;\" style=\"color:#0088FF;border-color:#0088FF\"><span style=\"border-color:#0088FF\">Mehr anzeigen<\/span><\/a><\/div><div class=\"su-expand-link su-expand-link-less\" style=\"text-align:left\"><a href=\"javascript:;\" style=\"color:#0088FF;border-color:#0088FF\"><span style=\"border-color:#0088FF\">Weniger anzeigen<\/span><\/a><\/div><\/div><br \/>\n<\/div><\/div><br \/>\n<\/div>\n","protected":false},"excerpt":{"rendered":"","protected":false},"author":1,"featured_media":0,"parent":0,"menu_order":0,"comment_status":"closed","ping_status":"closed","template":"","meta":{"_acf_changed":false,"footnotes":""},"class_list":["post-324","page","type-page","status-publish","hentry"],"acf":[],"yoast_head":"<!-- This site is optimized with the Yoast SEO plugin v25.0 - https:\/\/yoast.com\/wordpress\/plugins\/seo\/ -->\n<title>Check-Ups - Palmen Apotheke Br\u00fcckenhof<\/title>\n<meta name=\"robots\" content=\"index, follow, max-snippet:-1, max-image-preview:large, max-video-preview:-1\" \/>\n<link rel=\"canonical\" href=\"https:\/\/palmenapo.de\/brueckenhof\/check-ups\/\" \/>\n<meta property=\"og:locale\" content=\"de_DE\" \/>\n<meta property=\"og:type\" content=\"article\" \/>\n<meta property=\"og:title\" content=\"Check-Ups - Palmen Apotheke Br\u00fcckenhof\" \/>\n<meta property=\"og:url\" content=\"https:\/\/palmenapo.de\/brueckenhof\/check-ups\/\" \/>\n<meta property=\"og:site_name\" content=\"Palmen Apotheke Br\u00fcckenhof\" \/>\n<meta property=\"article:publisher\" content=\"https:\/\/www.facebook.com\/PalmenApothekeBrueckenhof\" \/>\n<meta property=\"article:modified_time\" content=\"2017-12-17T10:22:19+00:00\" \/>\n<meta property=\"og:image\" content=\"http:\/\/www.palmenapo.de\/wp-content\/uploads\/2017\/11\/haekchenmann1-300x300.jpg\" \/>\n<meta name=\"twitter:card\" content=\"summary_large_image\" \/>\n<meta name=\"twitter:label1\" content=\"Gesch\u00e4tzte Lesezeit\" \/>\n\t<meta name=\"twitter:data1\" content=\"2\u00a0Minuten\" \/>\n<script type=\"application\/ld+json\" class=\"yoast-schema-graph\">{\"@context\":\"https:\/\/schema.org\",\"@graph\":[{\"@type\":\"WebPage\",\"@id\":\"https:\/\/palmenapo.de\/brueckenhof\/check-ups\/\",\"url\":\"https:\/\/palmenapo.de\/brueckenhof\/check-ups\/\",\"name\":\"Check-Ups - Palmen Apotheke Br\u00fcckenhof\",\"isPartOf\":{\"@id\":\"https:\/\/palmenapo.de\/brueckenhof\/#website\"},\"primaryImageOfPage\":{\"@id\":\"https:\/\/palmenapo.de\/brueckenhof\/check-ups\/#primaryimage\"},\"image\":{\"@id\":\"https:\/\/palmenapo.de\/brueckenhof\/check-ups\/#primaryimage\"},\"thumbnailUrl\":\"http:\/\/www.palmenapo.de\/wp-content\/uploads\/2017\/11\/haekchenmann1-300x300.jpg\",\"datePublished\":\"2017-11-03T21:20:03+00:00\",\"dateModified\":\"2017-12-17T10:22:19+00:00\",\"breadcrumb\":{\"@id\":\"https:\/\/palmenapo.de\/brueckenhof\/check-ups\/#breadcrumb\"},\"inLanguage\":\"de\",\"potentialAction\":[{\"@type\":\"ReadAction\",\"target\":[\"https:\/\/palmenapo.de\/brueckenhof\/check-ups\/\"]}]},{\"@type\":\"ImageObject\",\"inLanguage\":\"de\",\"@id\":\"https:\/\/palmenapo.de\/brueckenhof\/check-ups\/#primaryimage\",\"url\":\"http:\/\/www.palmenapo.de\/wp-content\/uploads\/2017\/11\/haekchenmann1-300x300.jpg\",\"contentUrl\":\"http:\/\/www.palmenapo.de\/wp-content\/uploads\/2017\/11\/haekchenmann1-300x300.jpg\"},{\"@type\":\"BreadcrumbList\",\"@id\":\"https:\/\/palmenapo.de\/brueckenhof\/check-ups\/#breadcrumb\",\"itemListElement\":[{\"@type\":\"ListItem\",\"position\":1,\"name\":\"Startseite\",\"item\":\"https:\/\/palmenapo.de\/brueckenhof\/\"},{\"@type\":\"ListItem\",\"position\":2,\"name\":\"Check-Ups\"}]},{\"@type\":\"WebSite\",\"@id\":\"https:\/\/palmenapo.de\/brueckenhof\/#website\",\"url\":\"https:\/\/palmenapo.de\/brueckenhof\/\",\"name\":\"Palmen Apotheke Br\u00fcckenhof Kassel\",\"description\":\"E-Rezept, Gesundheit, Medikamente, in der N\u00e4her, Pflegehilfsmittel, Beratung, Kassel\",\"publisher\":{\"@id\":\"https:\/\/palmenapo.de\/brueckenhof\/#organization\"},\"potentialAction\":[{\"@type\":\"SearchAction\",\"target\":{\"@type\":\"EntryPoint\",\"urlTemplate\":\"https:\/\/palmenapo.de\/brueckenhof\/?s={search_term_string}\"},\"query-input\":{\"@type\":\"PropertyValueSpecification\",\"valueRequired\":true,\"valueName\":\"search_term_string\"}}],\"inLanguage\":\"de\"},{\"@type\":\"Organization\",\"@id\":\"https:\/\/palmenapo.de\/brueckenhof\/#organization\",\"name\":\"Palmen Apotheke Br\u00fcckenhof Kassel\",\"url\":\"https:\/\/palmenapo.de\/brueckenhof\/\",\"logo\":{\"@type\":\"ImageObject\",\"inLanguage\":\"de\",\"@id\":\"https:\/\/palmenapo.de\/brueckenhof\/#\/schema\/logo\/image\/\",\"url\":\"https:\/\/palmenapo.de\/brueckenhof\/wp-content\/uploads\/sites\/3\/2017\/11\/cropped-Apotheken-mit-Palme.jpg\",\"contentUrl\":\"https:\/\/palmenapo.de\/brueckenhof\/wp-content\/uploads\/sites\/3\/2017\/11\/cropped-Apotheken-mit-Palme.jpg\",\"width\":512,\"height\":512,\"caption\":\"Palmen Apotheke Br\u00fcckenhof Kassel\"},\"image\":{\"@id\":\"https:\/\/palmenapo.de\/brueckenhof\/#\/schema\/logo\/image\/\"},\"sameAs\":[\"https:\/\/www.facebook.com\/PalmenApothekeBrueckenhof\"]}]}<\/script>\n<!-- \/ Yoast SEO plugin. -->","yoast_head_json":{"title":"Check-Ups - Palmen Apotheke Br\u00fcckenhof","robots":{"index":"index","follow":"follow","max-snippet":"max-snippet:-1","max-image-preview":"max-image-preview:large","max-video-preview":"max-video-preview:-1"},"canonical":"https:\/\/palmenapo.de\/brueckenhof\/check-ups\/","og_locale":"de_DE","og_type":"article","og_title":"Check-Ups - Palmen Apotheke Br\u00fcckenhof","og_url":"https:\/\/palmenapo.de\/brueckenhof\/check-ups\/","og_site_name":"Palmen Apotheke Br\u00fcckenhof","article_publisher":"https:\/\/www.facebook.com\/PalmenApothekeBrueckenhof","article_modified_time":"2017-12-17T10:22:19+00:00","og_image":[{"url":"http:\/\/www.palmenapo.de\/wp-content\/uploads\/2017\/11\/haekchenmann1-300x300.jpg","type":"","width":"","height":""}],"twitter_card":"summary_large_image","twitter_misc":{"Gesch\u00e4tzte Lesezeit":"2\u00a0Minuten"},"schema":{"@context":"https:\/\/schema.org","@graph":[{"@type":"WebPage","@id":"https:\/\/palmenapo.de\/brueckenhof\/check-ups\/","url":"https:\/\/palmenapo.de\/brueckenhof\/check-ups\/","name":"Check-Ups - Palmen Apotheke Br\u00fcckenhof","isPartOf":{"@id":"https:\/\/palmenapo.de\/brueckenhof\/#website"},"primaryImageOfPage":{"@id":"https:\/\/palmenapo.de\/brueckenhof\/check-ups\/#primaryimage"},"image":{"@id":"https:\/\/palmenapo.de\/brueckenhof\/check-ups\/#primaryimage"},"thumbnailUrl":"http:\/\/www.palmenapo.de\/wp-content\/uploads\/2017\/11\/haekchenmann1-300x300.jpg","datePublished":"2017-11-03T21:20:03+00:00","dateModified":"2017-12-17T10:22:19+00:00","breadcrumb":{"@id":"https:\/\/palmenapo.de\/brueckenhof\/check-ups\/#breadcrumb"},"inLanguage":"de","potentialAction":[{"@type":"ReadAction","target":["https:\/\/palmenapo.de\/brueckenhof\/check-ups\/"]}]},{"@type":"ImageObject","inLanguage":"de","@id":"https:\/\/palmenapo.de\/brueckenhof\/check-ups\/#primaryimage","url":"http:\/\/www.palmenapo.de\/wp-content\/uploads\/2017\/11\/haekchenmann1-300x300.jpg","contentUrl":"http:\/\/www.palmenapo.de\/wp-content\/uploads\/2017\/11\/haekchenmann1-300x300.jpg"},{"@type":"BreadcrumbList","@id":"https:\/\/palmenapo.de\/brueckenhof\/check-ups\/#breadcrumb","itemListElement":[{"@type":"ListItem","position":1,"name":"Startseite","item":"https:\/\/palmenapo.de\/brueckenhof\/"},{"@type":"ListItem","position":2,"name":"Check-Ups"}]},{"@type":"WebSite","@id":"https:\/\/palmenapo.de\/brueckenhof\/#website","url":"https:\/\/palmenapo.de\/brueckenhof\/","name":"Palmen Apotheke Br\u00fcckenhof Kassel","description":"E-Rezept, Gesundheit, Medikamente, in der N\u00e4her, Pflegehilfsmittel, Beratung, Kassel","publisher":{"@id":"https:\/\/palmenapo.de\/brueckenhof\/#organization"},"potentialAction":[{"@type":"SearchAction","target":{"@type":"EntryPoint","urlTemplate":"https:\/\/palmenapo.de\/brueckenhof\/?s={search_term_string}"},"query-input":{"@type":"PropertyValueSpecification","valueRequired":true,"valueName":"search_term_string"}}],"inLanguage":"de"},{"@type":"Organization","@id":"https:\/\/palmenapo.de\/brueckenhof\/#organization","name":"Palmen Apotheke Br\u00fcckenhof Kassel","url":"https:\/\/palmenapo.de\/brueckenhof\/","logo":{"@type":"ImageObject","inLanguage":"de","@id":"https:\/\/palmenapo.de\/brueckenhof\/#\/schema\/logo\/image\/","url":"https:\/\/palmenapo.de\/brueckenhof\/wp-content\/uploads\/sites\/3\/2017\/11\/cropped-Apotheken-mit-Palme.jpg","contentUrl":"https:\/\/palmenapo.de\/brueckenhof\/wp-content\/uploads\/sites\/3\/2017\/11\/cropped-Apotheken-mit-Palme.jpg","width":512,"height":512,"caption":"Palmen Apotheke Br\u00fcckenhof Kassel"},"image":{"@id":"https:\/\/palmenapo.de\/brueckenhof\/#\/schema\/logo\/image\/"},"sameAs":["https:\/\/www.facebook.com\/PalmenApothekeBrueckenhof"]}]}},"_links":{"self":[{"href":"https:\/\/palmenapo.de\/brueckenhof\/wp-json\/wp\/v2\/pages\/324","targetHints":{"allow":["GET"]}}],"collection":[{"href":"https:\/\/palmenapo.de\/brueckenhof\/wp-json\/wp\/v2\/pages"}],"about":[{"href":"https:\/\/palmenapo.de\/brueckenhof\/wp-json\/wp\/v2\/types\/page"}],"author":[{"embeddable":true,"href":"https:\/\/palmenapo.de\/brueckenhof\/wp-json\/wp\/v2\/users\/1"}],"replies":[{"embeddable":true,"href":"https:\/\/palmenapo.de\/brueckenhof\/wp-json\/wp\/v2\/comments?post=324"}],"version-history":[{"count":1,"href":"https:\/\/palmenapo.de\/brueckenhof\/wp-json\/wp\/v2\/pages\/324\/revisions"}],"predecessor-version":[{"id":598,"href":"https:\/\/palmenapo.de\/brueckenhof\/wp-json\/wp\/v2\/pages\/324\/revisions\/598"}],"wp:attachment":[{"href":"https:\/\/palmenapo.de\/brueckenhof\/wp-json\/wp\/v2\/media?parent=324"}],"curies":[{"name":"wp","href":"https:\/\/api.w.org\/{rel}","templated":true}]}}