{"id":24,"date":"2017-10-23T21:38:30","date_gmt":"2017-10-23T19:38:30","guid":{"rendered":"http:\/\/www.synapo.de\/palmenpress\/?page_id=24"},"modified":"2024-02-16T19:22:16","modified_gmt":"2024-02-16T18:22:16","slug":"palmen-apotheke-brueckenhof-kassel","status":"publish","type":"page","link":"https:\/\/palmenapo.de\/brueckenhof\/palmen-apotheke-brueckenhof-kassel\/","title":{"rendered":"Palmen Apotheke Br\u00fcckenhof Kassel"},"content":{"rendered":"<p><strong>Das Team der Palmen Apotheke Br\u00fcckenhof in Kassel freut sich auf Ihren Besuch!<\/strong><br \/>\n<div class=\"su-row\"><br \/>\n<div class=\"su-column su-column-size-1-3\"><div class=\"su-column-inner su-u-clearfix su-u-trim\"><\/p>\n<h3>Palmen Apotheke-Br\u00fcckenhof in Kassel<\/h3>\n<p><a href=\"https:\/\/goo.gl\/maps\/JwHDYm9JtBF2\"><i class=\"fa fa-map-marker\"><\/i>&nbsp;Heinrich-Plett-Str.69<br \/>\n&nbsp;&nbsp;&nbsp;&nbsp;34132 Kassel<\/a><br \/>\n<a href=\"tel:+495618708600\"><i class=\"fa fa-phone\"><\/i>&nbsp;0561-8708600<\/a><br \/>\n<a href=\"fax:+49561-8708599\"><i class=\"fa fa-fax\"><\/i>&nbsp;0561-8708599<\/a><br \/>\n<a href=\"mailto:info@palmenapo.de\"><i class=\"fa fa-envelope-o\"><\/i>&nbsp;info@palmenapo.de<\/a><br \/>\n<a href=\"https:\/\/api.whatsapp.com\/send?phone=495618708600\"><i class=\"fa fa-whatsapp\"><\/i>&nbsp;0561-8708600<\/a><br \/>\n<a href=\"https:\/\/palmenapo.de\/brueckenhof\/vorbestellungen\/\">zu unseren Vorbestellm\u00f6glichkeiten<\/a><br \/>\n<\/div><\/div><br \/>\n<div class=\"su-column su-column-size-2-3\"><div class=\"su-column-inner su-u-clearfix su-u-trim\"><br \/>\n<div class=\"su-gmap su-u-responsive-media-yes\"><iframe width=\"600\" height=\"400\" src=\"\/\/maps.google.com\/maps?q=Heinrich-Plett-Str.69%2C%2034132%20Kassel&amp;output=embed\" title=\"\"><\/iframe><\/div><br \/>\n<\/div><\/div><br \/>\n<\/div><\/p>\n<p><a href=\"http:\/\/www.palmenapo.de\"><img decoding=\"async\" src=\"https:\/\/palmenapo.de\/brueckenhof\/wp-content\/uploads\/sites\/3\/2017\/10\/cropped-Apotheken-mit-Palme-2.jpg\" alt=\"Palmen Apotheken Partner\" width=\"50\" height=\"50\" class=\"alignnone size-full wp-image-89\" \/>zu unseren Partner Apotheken in Kassel<\/a> <\/p>\n","protected":false},"excerpt":{"rendered":"<p>Das Team der Palmen Apotheke Br\u00fcckenhof in Kassel freut sich auf Ihren Besuch! zu unseren Partner Apotheken in Kassel<\/p>\n","protected":false},"author":1,"featured_media":0,"parent":0,"menu_order":0,"comment_status":"closed","ping_status":"closed","template":"","meta":{"_acf_changed":false,"footnotes":""},"class_list":["post-24","page","type-page","status-publish","hentry"],"acf":[],"yoast_head":"<!-- This site is optimized with the Yoast SEO plugin v25.0 - https:\/\/yoast.com\/wordpress\/plugins\/seo\/ -->\n<title>Palmen Apotheke Br\u00fcckenhof Kassel - Palmen Apotheke Br\u00fcckenhof<\/title>\n<meta name=\"description\" content=\"Wir freuen uns auf Ihren Besuch in der Palmen Apotheke Br\u00fcckenhof in Kassel - E-Rezept, Pflegehilfsmittel, H\u00e4mophilieversorgung, u.v.m.\" \/>\n<meta name=\"robots\" content=\"index, follow, max-snippet:-1, max-image-preview:large, max-video-preview:-1\" \/>\n<link rel=\"canonical\" href=\"https:\/\/palmenapo.de\/brueckenhof\/palmen-apotheke-brueckenhof-kassel\/\" \/>\n<meta property=\"og:locale\" content=\"de_DE\" \/>\n<meta property=\"og:type\" content=\"article\" \/>\n<meta property=\"og:title\" content=\"Palmen Apotheke Br\u00fcckenhof Kassel - Palmen Apotheke Br\u00fcckenhof\" \/>\n<meta property=\"og:description\" content=\"Wir freuen uns auf Ihren Besuch in der Palmen Apotheke Br\u00fcckenhof in Kassel - E-Rezept, Pflegehilfsmittel, H\u00e4mophilieversorgung, u.v.m.\" \/>\n<meta property=\"og:url\" content=\"https:\/\/palmenapo.de\/brueckenhof\/palmen-apotheke-brueckenhof-kassel\/\" \/>\n<meta property=\"og:site_name\" content=\"Palmen Apotheke Br\u00fcckenhof\" \/>\n<meta property=\"article:publisher\" content=\"https:\/\/www.facebook.com\/PalmenApothekeBrueckenhof\" \/>\n<meta property=\"article:modified_time\" content=\"2024-02-16T18:22:16+00:00\" \/>\n<meta property=\"og:image\" content=\"https:\/\/palmenapo.de\/brueckenhof\/wp-content\/uploads\/sites\/3\/2017\/10\/cropped-Apotheken-mit-Palme-2.jpg\" \/>\n<meta name=\"twitter:card\" content=\"summary_large_image\" \/>\n<meta name=\"twitter:label1\" content=\"Gesch\u00e4tzte Lesezeit\" \/>\n\t<meta name=\"twitter:data1\" content=\"1\u00a0Minute\" \/>\n<script type=\"application\/ld+json\" class=\"yoast-schema-graph\">{\"@context\":\"https:\/\/schema.org\",\"@graph\":[{\"@type\":\"WebPage\",\"@id\":\"https:\/\/palmenapo.de\/brueckenhof\/palmen-apotheke-brueckenhof-kassel\/\",\"url\":\"https:\/\/palmenapo.de\/brueckenhof\/palmen-apotheke-brueckenhof-kassel\/\",\"name\":\"Palmen Apotheke Br\u00fcckenhof Kassel - Palmen Apotheke Br\u00fcckenhof\",\"isPartOf\":{\"@id\":\"https:\/\/palmenapo.de\/brueckenhof\/#website\"},\"primaryImageOfPage\":{\"@id\":\"https:\/\/palmenapo.de\/brueckenhof\/palmen-apotheke-brueckenhof-kassel\/#primaryimage\"},\"image\":{\"@id\":\"https:\/\/palmenapo.de\/brueckenhof\/palmen-apotheke-brueckenhof-kassel\/#primaryimage\"},\"thumbnailUrl\":\"https:\/\/palmenapo.de\/brueckenhof\/wp-content\/uploads\/sites\/3\/2017\/10\/cropped-Apotheken-mit-Palme-2.jpg\",\"datePublished\":\"2017-10-23T19:38:30+00:00\",\"dateModified\":\"2024-02-16T18:22:16+00:00\",\"description\":\"Wir freuen uns auf Ihren Besuch in der Palmen Apotheke Br\u00fcckenhof in Kassel - E-Rezept, Pflegehilfsmittel, H\u00e4mophilieversorgung, u.v.m.\",\"breadcrumb\":{\"@id\":\"https:\/\/palmenapo.de\/brueckenhof\/palmen-apotheke-brueckenhof-kassel\/#breadcrumb\"},\"inLanguage\":\"de\",\"potentialAction\":[{\"@type\":\"ReadAction\",\"target\":[\"https:\/\/palmenapo.de\/brueckenhof\/palmen-apotheke-brueckenhof-kassel\/\"]}]},{\"@type\":\"ImageObject\",\"inLanguage\":\"de\",\"@id\":\"https:\/\/palmenapo.de\/brueckenhof\/palmen-apotheke-brueckenhof-kassel\/#primaryimage\",\"url\":\"https:\/\/palmenapo.de\/brueckenhof\/wp-content\/uploads\/sites\/3\/2017\/10\/cropped-Apotheken-mit-Palme-2.jpg\",\"contentUrl\":\"https:\/\/palmenapo.de\/brueckenhof\/wp-content\/uploads\/sites\/3\/2017\/10\/cropped-Apotheken-mit-Palme-2.jpg\",\"width\":170,\"height\":133,\"caption\":\"Palmen Apotheken Partner\"},{\"@type\":\"BreadcrumbList\",\"@id\":\"https:\/\/palmenapo.de\/brueckenhof\/palmen-apotheke-brueckenhof-kassel\/#breadcrumb\",\"itemListElement\":[{\"@type\":\"ListItem\",\"position\":1,\"name\":\"Startseite\",\"item\":\"https:\/\/palmenapo.de\/brueckenhof\/\"},{\"@type\":\"ListItem\",\"position\":2,\"name\":\"Palmen Apotheke Br\u00fcckenhof Kassel\"}]},{\"@type\":\"WebSite\",\"@id\":\"https:\/\/palmenapo.de\/brueckenhof\/#website\",\"url\":\"https:\/\/palmenapo.de\/brueckenhof\/\",\"name\":\"Palmen Apotheke Br\u00fcckenhof Kassel\",\"description\":\"E-Rezept, Gesundheit, Medikamente, in der N\u00e4her, Pflegehilfsmittel, Beratung, Kassel\",\"publisher\":{\"@id\":\"https:\/\/palmenapo.de\/brueckenhof\/#organization\"},\"potentialAction\":[{\"@type\":\"SearchAction\",\"target\":{\"@type\":\"EntryPoint\",\"urlTemplate\":\"https:\/\/palmenapo.de\/brueckenhof\/?s={search_term_string}\"},\"query-input\":{\"@type\":\"PropertyValueSpecification\",\"valueRequired\":true,\"valueName\":\"search_term_string\"}}],\"inLanguage\":\"de\"},{\"@type\":\"Organization\",\"@id\":\"https:\/\/palmenapo.de\/brueckenhof\/#organization\",\"name\":\"Palmen Apotheke Br\u00fcckenhof Kassel\",\"url\":\"https:\/\/palmenapo.de\/brueckenhof\/\",\"logo\":{\"@type\":\"ImageObject\",\"inLanguage\":\"de\",\"@id\":\"https:\/\/palmenapo.de\/brueckenhof\/#\/schema\/logo\/image\/\",\"url\":\"https:\/\/palmenapo.de\/brueckenhof\/wp-content\/uploads\/sites\/3\/2017\/11\/cropped-Apotheken-mit-Palme.jpg\",\"contentUrl\":\"https:\/\/palmenapo.de\/brueckenhof\/wp-content\/uploads\/sites\/3\/2017\/11\/cropped-Apotheken-mit-Palme.jpg\",\"width\":512,\"height\":512,\"caption\":\"Palmen Apotheke Br\u00fcckenhof Kassel\"},\"image\":{\"@id\":\"https:\/\/palmenapo.de\/brueckenhof\/#\/schema\/logo\/image\/\"},\"sameAs\":[\"https:\/\/www.facebook.com\/PalmenApothekeBrueckenhof\"]}]}<\/script>\n<!-- \/ Yoast SEO plugin. -->","yoast_head_json":{"title":"Palmen Apotheke Br\u00fcckenhof Kassel - Palmen Apotheke Br\u00fcckenhof","description":"Wir freuen uns auf Ihren Besuch in der Palmen Apotheke Br\u00fcckenhof in Kassel - E-Rezept, Pflegehilfsmittel, H\u00e4mophilieversorgung, u.v.m.","robots":{"index":"index","follow":"follow","max-snippet":"max-snippet:-1","max-image-preview":"max-image-preview:large","max-video-preview":"max-video-preview:-1"},"canonical":"https:\/\/palmenapo.de\/brueckenhof\/palmen-apotheke-brueckenhof-kassel\/","og_locale":"de_DE","og_type":"article","og_title":"Palmen Apotheke Br\u00fcckenhof Kassel - Palmen Apotheke Br\u00fcckenhof","og_description":"Wir freuen uns auf Ihren Besuch in der Palmen Apotheke Br\u00fcckenhof in Kassel - E-Rezept, Pflegehilfsmittel, H\u00e4mophilieversorgung, u.v.m.","og_url":"https:\/\/palmenapo.de\/brueckenhof\/palmen-apotheke-brueckenhof-kassel\/","og_site_name":"Palmen Apotheke Br\u00fcckenhof","article_publisher":"https:\/\/www.facebook.com\/PalmenApothekeBrueckenhof","article_modified_time":"2024-02-16T18:22:16+00:00","og_image":[{"url":"https:\/\/palmenapo.de\/brueckenhof\/wp-content\/uploads\/sites\/3\/2017\/10\/cropped-Apotheken-mit-Palme-2.jpg","type":"","width":"","height":""}],"twitter_card":"summary_large_image","twitter_misc":{"Gesch\u00e4tzte Lesezeit":"1\u00a0Minute"},"schema":{"@context":"https:\/\/schema.org","@graph":[{"@type":"WebPage","@id":"https:\/\/palmenapo.de\/brueckenhof\/palmen-apotheke-brueckenhof-kassel\/","url":"https:\/\/palmenapo.de\/brueckenhof\/palmen-apotheke-brueckenhof-kassel\/","name":"Palmen Apotheke Br\u00fcckenhof Kassel - Palmen Apotheke Br\u00fcckenhof","isPartOf":{"@id":"https:\/\/palmenapo.de\/brueckenhof\/#website"},"primaryImageOfPage":{"@id":"https:\/\/palmenapo.de\/brueckenhof\/palmen-apotheke-brueckenhof-kassel\/#primaryimage"},"image":{"@id":"https:\/\/palmenapo.de\/brueckenhof\/palmen-apotheke-brueckenhof-kassel\/#primaryimage"},"thumbnailUrl":"https:\/\/palmenapo.de\/brueckenhof\/wp-content\/uploads\/sites\/3\/2017\/10\/cropped-Apotheken-mit-Palme-2.jpg","datePublished":"2017-10-23T19:38:30+00:00","dateModified":"2024-02-16T18:22:16+00:00","description":"Wir freuen uns auf Ihren Besuch in der Palmen Apotheke Br\u00fcckenhof in Kassel - E-Rezept, Pflegehilfsmittel, H\u00e4mophilieversorgung, u.v.m.","breadcrumb":{"@id":"https:\/\/palmenapo.de\/brueckenhof\/palmen-apotheke-brueckenhof-kassel\/#breadcrumb"},"inLanguage":"de","potentialAction":[{"@type":"ReadAction","target":["https:\/\/palmenapo.de\/brueckenhof\/palmen-apotheke-brueckenhof-kassel\/"]}]},{"@type":"ImageObject","inLanguage":"de","@id":"https:\/\/palmenapo.de\/brueckenhof\/palmen-apotheke-brueckenhof-kassel\/#primaryimage","url":"https:\/\/palmenapo.de\/brueckenhof\/wp-content\/uploads\/sites\/3\/2017\/10\/cropped-Apotheken-mit-Palme-2.jpg","contentUrl":"https:\/\/palmenapo.de\/brueckenhof\/wp-content\/uploads\/sites\/3\/2017\/10\/cropped-Apotheken-mit-Palme-2.jpg","width":170,"height":133,"caption":"Palmen Apotheken Partner"},{"@type":"BreadcrumbList","@id":"https:\/\/palmenapo.de\/brueckenhof\/palmen-apotheke-brueckenhof-kassel\/#breadcrumb","itemListElement":[{"@type":"ListItem","position":1,"name":"Startseite","item":"https:\/\/palmenapo.de\/brueckenhof\/"},{"@type":"ListItem","position":2,"name":"Palmen Apotheke Br\u00fcckenhof Kassel"}]},{"@type":"WebSite","@id":"https:\/\/palmenapo.de\/brueckenhof\/#website","url":"https:\/\/palmenapo.de\/brueckenhof\/","name":"Palmen Apotheke Br\u00fcckenhof Kassel","description":"E-Rezept, Gesundheit, Medikamente, in der N\u00e4her, Pflegehilfsmittel, Beratung, Kassel","publisher":{"@id":"https:\/\/palmenapo.de\/brueckenhof\/#organization"},"potentialAction":[{"@type":"SearchAction","target":{"@type":"EntryPoint","urlTemplate":"https:\/\/palmenapo.de\/brueckenhof\/?s={search_term_string}"},"query-input":{"@type":"PropertyValueSpecification","valueRequired":true,"valueName":"search_term_string"}}],"inLanguage":"de"},{"@type":"Organization","@id":"https:\/\/palmenapo.de\/brueckenhof\/#organization","name":"Palmen Apotheke Br\u00fcckenhof Kassel","url":"https:\/\/palmenapo.de\/brueckenhof\/","logo":{"@type":"ImageObject","inLanguage":"de","@id":"https:\/\/palmenapo.de\/brueckenhof\/#\/schema\/logo\/image\/","url":"https:\/\/palmenapo.de\/brueckenhof\/wp-content\/uploads\/sites\/3\/2017\/11\/cropped-Apotheken-mit-Palme.jpg","contentUrl":"https:\/\/palmenapo.de\/brueckenhof\/wp-content\/uploads\/sites\/3\/2017\/11\/cropped-Apotheken-mit-Palme.jpg","width":512,"height":512,"caption":"Palmen Apotheke Br\u00fcckenhof Kassel"},"image":{"@id":"https:\/\/palmenapo.de\/brueckenhof\/#\/schema\/logo\/image\/"},"sameAs":["https:\/\/www.facebook.com\/PalmenApothekeBrueckenhof"]}]}},"_links":{"self":[{"href":"https:\/\/palmenapo.de\/brueckenhof\/wp-json\/wp\/v2\/pages\/24","targetHints":{"allow":["GET"]}}],"collection":[{"href":"https:\/\/palmenapo.de\/brueckenhof\/wp-json\/wp\/v2\/pages"}],"about":[{"href":"https:\/\/palmenapo.de\/brueckenhof\/wp-json\/wp\/v2\/types\/page"}],"author":[{"embeddable":true,"href":"https:\/\/palmenapo.de\/brueckenhof\/wp-json\/wp\/v2\/users\/1"}],"replies":[{"embeddable":true,"href":"https:\/\/palmenapo.de\/brueckenhof\/wp-json\/wp\/v2\/comments?post=24"}],"version-history":[{"count":10,"href":"https:\/\/palmenapo.de\/brueckenhof\/wp-json\/wp\/v2\/pages\/24\/revisions"}],"predecessor-version":[{"id":912,"href":"https:\/\/palmenapo.de\/brueckenhof\/wp-json\/wp\/v2\/pages\/24\/revisions\/912"}],"wp:attachment":[{"href":"https:\/\/palmenapo.de\/brueckenhof\/wp-json\/wp\/v2\/media?parent=24"}],"curies":[{"name":"wp","href":"https:\/\/api.w.org\/{rel}","templated":true}]}}