{"id":238,"date":"2017-11-03T11:49:34","date_gmt":"2017-11-03T10:49:34","guid":{"rendered":"http:\/\/www.synapo.de\/palmenpress\/startseite\/?page_id=238"},"modified":"2018-05-28T12:51:08","modified_gmt":"2018-05-28T10:51:08","slug":"vorbestellungen","status":"publish","type":"page","link":"https:\/\/palmenapo.de\/brueckenhof\/vorbestellungen\/","title":{"rendered":"Vorbestellungen"},"content":{"rendered":"<h3>Sparen Sie sich unn\u00f6tige Wege!<\/h3>\n<p>Wir bieten Ihnen vielf\u00e4ltige M\u00f6glichkeiten Ihre Medikamente bei uns unverbindlich vorzubestellen. Ihre vorbestellten bzw. reservierten Produkte halten wir anschlie\u00dfend bis zu einer Woche in der Apotheke f\u00fcr Sie bereit. M\u00f6chten Sie eine Best\u00e4tigung mit der Angabe eines Abholzeitraums erhalten, achten Sie bitte darauf uns eine Telefonnummer oder eine E-Mail-Adresse zu hinterlassen. <\/p>\n<p>Sofern Sie unsere Seite mit Ihrem Mobiltelefon aufrufen, empfehlen wir f\u00fcr die regelm\u00e4\u00dfige Nutzung die eigens daf\u00fcr eingerichteten Shortcuts direkt unter unserem Logo zu nutzen. Hier k\u00f6nnen Sie uns schnell und einfach ein Rezeptfoto \u00fcbermitteln &#8211; den Rest \u00fcbernehmen wir! <\/p>\n<p>Bitte denken Sie daran, dass wir verschreibungspflichtige Medikamente nur gegen ein g\u00fcltiges Rezept abgeben k\u00f6nnen. Halten Sie Ihr Rezept unbedingt bereit, wenn Sie Ihr Medikament abholen m\u00f6chten.<\/p>\n<h3>Express-Foto-Formular: Einfach per Handy abfotografieren oder hochladen<\/h3>\n<p><img fetchpriority=\"high\" decoding=\"async\" src=\"http:\/\/www.palmenapo.de\/wp-content\/uploads\/2017\/11\/Rezeptfoto-300x200.jpg\" alt=\"\" width=\"300\" height=\"200\" class=\"alignnone size-medium wp-image-288\" srcset=\"https:\/\/palmenapo.de\/brueckenhof\/wp-content\/uploads\/sites\/3\/2017\/11\/Rezeptfoto-300x200.jpg 300w, https:\/\/palmenapo.de\/brueckenhof\/wp-content\/uploads\/sites\/3\/2017\/11\/Rezeptfoto-768x512.jpg 768w, https:\/\/palmenapo.de\/brueckenhof\/wp-content\/uploads\/sites\/3\/2017\/11\/Rezeptfoto-1024x683.jpg 1024w\" sizes=\"(max-width: 300px) 100vw, 300px\" \/><br \/>\n<div class=\"threebox\" style=\"background:#ff0000; color:#ffffff;\">\r\n\t<i class=\"fa fa- fa-2x\"><\/i>\r\n\t<div class=\"services-content\">\r\n\t<a href=\"https:\/\/palmenapo.de\/brueckenhof\/vorbestellformularexpress\/\"><div class=\"sertitle\" style=\"color:#ffffff;\">Jetzt Reservieren<\/div><\/a>\r\n\t<p><\/p>\r\n\t\r\n\t<a href=\"https:\/\/palmenapo.de\/brueckenhof\/vorbestellformularexpress\/\" class=\"readmore\"><\/a>\r\n\t<\/div>\r\n\t<\/div><\/p>\n<p><div class=\"su-spacer\" style=\"height:60px\"><\/div><br \/>\n<div class=\"su-divider su-divider-style-default\" style=\"margin:10px 0;border-width:1px;border-color:#ff0000\"><\/div><\/p>\n<h3>Desktop-Vorbestell-Formular: F\u00fcr alle die gerne Tippen<\/h3>\n<p><img decoding=\"async\" src=\"http:\/\/www.palmenapo.de\/wp-content\/uploads\/2017\/11\/Rezepte3-300x200.jpg\" alt=\"\" width=\"300\" height=\"200\" class=\"alignnone size-medium wp-image-320\" srcset=\"https:\/\/palmenapo.de\/brueckenhof\/wp-content\/uploads\/sites\/3\/2017\/11\/Rezepte3-300x200.jpg 300w, https:\/\/palmenapo.de\/brueckenhof\/wp-content\/uploads\/sites\/3\/2017\/11\/Rezepte3-768x512.jpg 768w, https:\/\/palmenapo.de\/brueckenhof\/wp-content\/uploads\/sites\/3\/2017\/11\/Rezepte3-1024x683.jpg 1024w\" sizes=\"(max-width: 300px) 100vw, 300px\" \/><br \/>\n<div class=\"threebox\" style=\"background:#ff0000; color:#ffffff;\">\r\n\t<i class=\"fa fa- fa-2x\"><\/i>\r\n\t<div class=\"services-content\">\r\n\t<a href=\"https:\/\/palmenapo.de\/brueckenhof\/vorbestellformulardesktop\/\"><div class=\"sertitle\" style=\"color:#ffffff;\">Jetzt Reservieren<\/div><\/a>\r\n\t<p><\/p>\r\n\t\r\n\t<a href=\"https:\/\/palmenapo.de\/brueckenhof\/vorbestellformulardesktop\/\" class=\"readmore\"><\/a>\r\n\t<\/div>\r\n\t<\/div><\/p>\n<div class=\"su-spacer\" style=\"height:60px\"><\/div>\n","protected":false},"excerpt":{"rendered":"<p>Sparen Sie sich unn\u00f6tige Wege! Wir bieten Ihnen vielf\u00e4ltige M\u00f6glichkeiten Ihre Medikamente bei uns unverbindlich vorzubestellen. Ihre vorbestellten bzw. reservierten Produkte halten wir anschlie\u00dfend bis zu einer Woche in der Apotheke f\u00fcr Sie bereit. M\u00f6chten Sie eine Best\u00e4tigung mit der Angabe eines Abholzeitraums erhalten, achten Sie bitte darauf uns eine Telefonnummer oder eine E-Mail-Adresse zu&#8230; <\/p>\n","protected":false},"author":1,"featured_media":0,"parent":0,"menu_order":0,"comment_status":"closed","ping_status":"closed","template":"","meta":{"_acf_changed":false,"footnotes":""},"class_list":["post-238","page","type-page","status-publish","hentry"],"acf":[],"yoast_head":"<!-- This site is optimized with the Yoast SEO plugin v25.0 - https:\/\/yoast.com\/wordpress\/plugins\/seo\/ -->\n<title>Vorbestellungen - Palmen Apotheke Br\u00fcckenhof<\/title>\n<meta name=\"robots\" content=\"index, follow, max-snippet:-1, max-image-preview:large, max-video-preview:-1\" \/>\n<link rel=\"canonical\" href=\"https:\/\/palmenapo.de\/brueckenhof\/vorbestellungen\/\" \/>\n<meta property=\"og:locale\" content=\"de_DE\" \/>\n<meta property=\"og:type\" content=\"article\" \/>\n<meta property=\"og:title\" content=\"Vorbestellungen - Palmen Apotheke Br\u00fcckenhof\" \/>\n<meta property=\"og:description\" content=\"Sparen Sie sich unn\u00f6tige Wege! Wir bieten Ihnen vielf\u00e4ltige M\u00f6glichkeiten Ihre Medikamente bei uns unverbindlich vorzubestellen. Ihre vorbestellten bzw. reservierten Produkte halten wir anschlie\u00dfend bis zu einer Woche in der Apotheke f\u00fcr Sie bereit. M\u00f6chten Sie eine Best\u00e4tigung mit der Angabe eines Abholzeitraums erhalten, achten Sie bitte darauf uns eine Telefonnummer oder eine E-Mail-Adresse zu...\" \/>\n<meta property=\"og:url\" content=\"https:\/\/palmenapo.de\/brueckenhof\/vorbestellungen\/\" \/>\n<meta property=\"og:site_name\" content=\"Palmen Apotheke Br\u00fcckenhof\" \/>\n<meta property=\"article:publisher\" content=\"https:\/\/www.facebook.com\/PalmenApothekeBrueckenhof\" \/>\n<meta property=\"article:modified_time\" content=\"2018-05-28T10:51:08+00:00\" \/>\n<meta property=\"og:image\" content=\"http:\/\/www.palmenapo.de\/wp-content\/uploads\/2017\/11\/Rezeptfoto-300x200.jpg\" \/>\n<meta name=\"twitter:card\" content=\"summary_large_image\" \/>\n<meta name=\"twitter:label1\" content=\"Gesch\u00e4tzte Lesezeit\" \/>\n\t<meta name=\"twitter:data1\" content=\"1\u00a0Minute\" \/>\n<script type=\"application\/ld+json\" class=\"yoast-schema-graph\">{\"@context\":\"https:\/\/schema.org\",\"@graph\":[{\"@type\":\"WebPage\",\"@id\":\"https:\/\/palmenapo.de\/brueckenhof\/vorbestellungen\/\",\"url\":\"https:\/\/palmenapo.de\/brueckenhof\/vorbestellungen\/\",\"name\":\"Vorbestellungen - Palmen Apotheke Br\u00fcckenhof\",\"isPartOf\":{\"@id\":\"https:\/\/palmenapo.de\/brueckenhof\/#website\"},\"primaryImageOfPage\":{\"@id\":\"https:\/\/palmenapo.de\/brueckenhof\/vorbestellungen\/#primaryimage\"},\"image\":{\"@id\":\"https:\/\/palmenapo.de\/brueckenhof\/vorbestellungen\/#primaryimage\"},\"thumbnailUrl\":\"http:\/\/www.palmenapo.de\/wp-content\/uploads\/2017\/11\/Rezeptfoto-300x200.jpg\",\"datePublished\":\"2017-11-03T10:49:34+00:00\",\"dateModified\":\"2018-05-28T10:51:08+00:00\",\"breadcrumb\":{\"@id\":\"https:\/\/palmenapo.de\/brueckenhof\/vorbestellungen\/#breadcrumb\"},\"inLanguage\":\"de\",\"potentialAction\":[{\"@type\":\"ReadAction\",\"target\":[\"https:\/\/palmenapo.de\/brueckenhof\/vorbestellungen\/\"]}]},{\"@type\":\"ImageObject\",\"inLanguage\":\"de\",\"@id\":\"https:\/\/palmenapo.de\/brueckenhof\/vorbestellungen\/#primaryimage\",\"url\":\"http:\/\/www.palmenapo.de\/wp-content\/uploads\/2017\/11\/Rezeptfoto-300x200.jpg\",\"contentUrl\":\"http:\/\/www.palmenapo.de\/wp-content\/uploads\/2017\/11\/Rezeptfoto-300x200.jpg\"},{\"@type\":\"BreadcrumbList\",\"@id\":\"https:\/\/palmenapo.de\/brueckenhof\/vorbestellungen\/#breadcrumb\",\"itemListElement\":[{\"@type\":\"ListItem\",\"position\":1,\"name\":\"Startseite\",\"item\":\"https:\/\/palmenapo.de\/brueckenhof\/\"},{\"@type\":\"ListItem\",\"position\":2,\"name\":\"Vorbestellungen\"}]},{\"@type\":\"WebSite\",\"@id\":\"https:\/\/palmenapo.de\/brueckenhof\/#website\",\"url\":\"https:\/\/palmenapo.de\/brueckenhof\/\",\"name\":\"Palmen Apotheke Br\u00fcckenhof Kassel\",\"description\":\"E-Rezept, Gesundheit, Medikamente, in der N\u00e4her, Pflegehilfsmittel, Beratung, Kassel\",\"publisher\":{\"@id\":\"https:\/\/palmenapo.de\/brueckenhof\/#organization\"},\"potentialAction\":[{\"@type\":\"SearchAction\",\"target\":{\"@type\":\"EntryPoint\",\"urlTemplate\":\"https:\/\/palmenapo.de\/brueckenhof\/?s={search_term_string}\"},\"query-input\":{\"@type\":\"PropertyValueSpecification\",\"valueRequired\":true,\"valueName\":\"search_term_string\"}}],\"inLanguage\":\"de\"},{\"@type\":\"Organization\",\"@id\":\"https:\/\/palmenapo.de\/brueckenhof\/#organization\",\"name\":\"Palmen Apotheke Br\u00fcckenhof Kassel\",\"url\":\"https:\/\/palmenapo.de\/brueckenhof\/\",\"logo\":{\"@type\":\"ImageObject\",\"inLanguage\":\"de\",\"@id\":\"https:\/\/palmenapo.de\/brueckenhof\/#\/schema\/logo\/image\/\",\"url\":\"https:\/\/palmenapo.de\/brueckenhof\/wp-content\/uploads\/sites\/3\/2017\/11\/cropped-Apotheken-mit-Palme.jpg\",\"contentUrl\":\"https:\/\/palmenapo.de\/brueckenhof\/wp-content\/uploads\/sites\/3\/2017\/11\/cropped-Apotheken-mit-Palme.jpg\",\"width\":512,\"height\":512,\"caption\":\"Palmen Apotheke Br\u00fcckenhof Kassel\"},\"image\":{\"@id\":\"https:\/\/palmenapo.de\/brueckenhof\/#\/schema\/logo\/image\/\"},\"sameAs\":[\"https:\/\/www.facebook.com\/PalmenApothekeBrueckenhof\"]}]}<\/script>\n<!-- \/ Yoast SEO plugin. -->","yoast_head_json":{"title":"Vorbestellungen - Palmen Apotheke Br\u00fcckenhof","robots":{"index":"index","follow":"follow","max-snippet":"max-snippet:-1","max-image-preview":"max-image-preview:large","max-video-preview":"max-video-preview:-1"},"canonical":"https:\/\/palmenapo.de\/brueckenhof\/vorbestellungen\/","og_locale":"de_DE","og_type":"article","og_title":"Vorbestellungen - Palmen Apotheke Br\u00fcckenhof","og_description":"Sparen Sie sich unn\u00f6tige Wege! Wir bieten Ihnen vielf\u00e4ltige M\u00f6glichkeiten Ihre Medikamente bei uns unverbindlich vorzubestellen. Ihre vorbestellten bzw. reservierten Produkte halten wir anschlie\u00dfend bis zu einer Woche in der Apotheke f\u00fcr Sie bereit. M\u00f6chten Sie eine Best\u00e4tigung mit der Angabe eines Abholzeitraums erhalten, achten Sie bitte darauf uns eine Telefonnummer oder eine E-Mail-Adresse zu...","og_url":"https:\/\/palmenapo.de\/brueckenhof\/vorbestellungen\/","og_site_name":"Palmen Apotheke Br\u00fcckenhof","article_publisher":"https:\/\/www.facebook.com\/PalmenApothekeBrueckenhof","article_modified_time":"2018-05-28T10:51:08+00:00","og_image":[{"url":"http:\/\/www.palmenapo.de\/wp-content\/uploads\/2017\/11\/Rezeptfoto-300x200.jpg","type":"","width":"","height":""}],"twitter_card":"summary_large_image","twitter_misc":{"Gesch\u00e4tzte Lesezeit":"1\u00a0Minute"},"schema":{"@context":"https:\/\/schema.org","@graph":[{"@type":"WebPage","@id":"https:\/\/palmenapo.de\/brueckenhof\/vorbestellungen\/","url":"https:\/\/palmenapo.de\/brueckenhof\/vorbestellungen\/","name":"Vorbestellungen - Palmen Apotheke Br\u00fcckenhof","isPartOf":{"@id":"https:\/\/palmenapo.de\/brueckenhof\/#website"},"primaryImageOfPage":{"@id":"https:\/\/palmenapo.de\/brueckenhof\/vorbestellungen\/#primaryimage"},"image":{"@id":"https:\/\/palmenapo.de\/brueckenhof\/vorbestellungen\/#primaryimage"},"thumbnailUrl":"http:\/\/www.palmenapo.de\/wp-content\/uploads\/2017\/11\/Rezeptfoto-300x200.jpg","datePublished":"2017-11-03T10:49:34+00:00","dateModified":"2018-05-28T10:51:08+00:00","breadcrumb":{"@id":"https:\/\/palmenapo.de\/brueckenhof\/vorbestellungen\/#breadcrumb"},"inLanguage":"de","potentialAction":[{"@type":"ReadAction","target":["https:\/\/palmenapo.de\/brueckenhof\/vorbestellungen\/"]}]},{"@type":"ImageObject","inLanguage":"de","@id":"https:\/\/palmenapo.de\/brueckenhof\/vorbestellungen\/#primaryimage","url":"http:\/\/www.palmenapo.de\/wp-content\/uploads\/2017\/11\/Rezeptfoto-300x200.jpg","contentUrl":"http:\/\/www.palmenapo.de\/wp-content\/uploads\/2017\/11\/Rezeptfoto-300x200.jpg"},{"@type":"BreadcrumbList","@id":"https:\/\/palmenapo.de\/brueckenhof\/vorbestellungen\/#breadcrumb","itemListElement":[{"@type":"ListItem","position":1,"name":"Startseite","item":"https:\/\/palmenapo.de\/brueckenhof\/"},{"@type":"ListItem","position":2,"name":"Vorbestellungen"}]},{"@type":"WebSite","@id":"https:\/\/palmenapo.de\/brueckenhof\/#website","url":"https:\/\/palmenapo.de\/brueckenhof\/","name":"Palmen Apotheke Br\u00fcckenhof Kassel","description":"E-Rezept, Gesundheit, Medikamente, in der N\u00e4her, Pflegehilfsmittel, Beratung, Kassel","publisher":{"@id":"https:\/\/palmenapo.de\/brueckenhof\/#organization"},"potentialAction":[{"@type":"SearchAction","target":{"@type":"EntryPoint","urlTemplate":"https:\/\/palmenapo.de\/brueckenhof\/?s={search_term_string}"},"query-input":{"@type":"PropertyValueSpecification","valueRequired":true,"valueName":"search_term_string"}}],"inLanguage":"de"},{"@type":"Organization","@id":"https:\/\/palmenapo.de\/brueckenhof\/#organization","name":"Palmen Apotheke Br\u00fcckenhof Kassel","url":"https:\/\/palmenapo.de\/brueckenhof\/","logo":{"@type":"ImageObject","inLanguage":"de","@id":"https:\/\/palmenapo.de\/brueckenhof\/#\/schema\/logo\/image\/","url":"https:\/\/palmenapo.de\/brueckenhof\/wp-content\/uploads\/sites\/3\/2017\/11\/cropped-Apotheken-mit-Palme.jpg","contentUrl":"https:\/\/palmenapo.de\/brueckenhof\/wp-content\/uploads\/sites\/3\/2017\/11\/cropped-Apotheken-mit-Palme.jpg","width":512,"height":512,"caption":"Palmen Apotheke Br\u00fcckenhof Kassel"},"image":{"@id":"https:\/\/palmenapo.de\/brueckenhof\/#\/schema\/logo\/image\/"},"sameAs":["https:\/\/www.facebook.com\/PalmenApothekeBrueckenhof"]}]}},"_links":{"self":[{"href":"https:\/\/palmenapo.de\/brueckenhof\/wp-json\/wp\/v2\/pages\/238","targetHints":{"allow":["GET"]}}],"collection":[{"href":"https:\/\/palmenapo.de\/brueckenhof\/wp-json\/wp\/v2\/pages"}],"about":[{"href":"https:\/\/palmenapo.de\/brueckenhof\/wp-json\/wp\/v2\/types\/page"}],"author":[{"embeddable":true,"href":"https:\/\/palmenapo.de\/brueckenhof\/wp-json\/wp\/v2\/users\/1"}],"replies":[{"embeddable":true,"href":"https:\/\/palmenapo.de\/brueckenhof\/wp-json\/wp\/v2\/comments?post=238"}],"version-history":[{"count":3,"href":"https:\/\/palmenapo.de\/brueckenhof\/wp-json\/wp\/v2\/pages\/238\/revisions"}],"predecessor-version":[{"id":643,"href":"https:\/\/palmenapo.de\/brueckenhof\/wp-json\/wp\/v2\/pages\/238\/revisions\/643"}],"wp:attachment":[{"href":"https:\/\/palmenapo.de\/brueckenhof\/wp-json\/wp\/v2\/media?parent=238"}],"curies":[{"name":"wp","href":"https:\/\/api.w.org\/{rel}","templated":true}]}}